{"id":8483,"date":"2021-02-09T16:42:05","date_gmt":"2021-02-09T16:42:05","guid":{"rendered":"https:\/\/lerkarmedia.com\/gci\/?page_id=8483"},"modified":"2021-03-30T15:59:33","modified_gmt":"2021-03-30T15:59:33","slug":"infraestructura","status":"publish","type":"page","link":"https:\/\/lerkarmedia.com\/gci\/infraestructura\/","title":{"rendered":"Infraestructura"},"content":{"rendered":"<div class=\"wpb-content-wrapper\"><section class=\"l-section wpb_row height_small\"><div class=\"l-section-h i-cf\"><div class=\"g-cols vc_row type_default valign_top\"><div class=\"vc_col-sm-12 wpb_column vc_column_container\"><div class=\"vc_column-inner type_sticky\"><div class=\"wpb_wrapper\"><div class=\"wpb_text_column\" ><div class=\"wpb_wrapper\"><h2>Infraestructura<\/h2>\n<\/div><\/div><div class=\"w-separator us_custom_1f257949 size_custom with_line width_default thick_2 style_solid color_primary align_center\" style=\"height:5px\"><div class=\"w-separator-h\"><\/div><\/div><\/div><\/div><\/div><\/div><\/div><\/section><section class=\"l-section wpb_row height_auto\"><div class=\"l-section-h i-cf\"><div class=\"g-cols vc_row type_default valign_top\"><div class=\"vc_col-sm-12 wpb_column vc_column_container\"><div class=\"vc_column-inner type_sticky\"><div class=\"wpb_wrapper\"><div class=\"w-menu us_custom_771cfa3e layout_hor style_links not_responsive us_menu_1\"><ul id=\"menu-proyectos\" class=\"menu\"><li id=\"menu-item-8457\" class=\"menu-item menu-item-type-post_type menu-item-object-page menu-item-8457\"><a href=\"https:\/\/lerkarmedia.com\/gci\/aeroportuario\/\">Aeroportuario<\/a><\/li><li id=\"menu-item-8456\" class=\"menu-item menu-item-type-post_type menu-item-object-page menu-item-8456\"><a href=\"https:\/\/lerkarmedia.com\/gci\/comercial\/\">Comercial<\/a><\/li><li id=\"menu-item-8455\" class=\"menu-item menu-item-type-post_type menu-item-object-page menu-item-8455\"><a href=\"https:\/\/lerkarmedia.com\/gci\/industrial\/\">Industrial<\/a><\/li><li id=\"menu-item-8486\" class=\"menu-item menu-item-type-post_type menu-item-object-page menu-item-8486\"><a href=\"https:\/\/lerkarmedia.com\/gci\/infraestructura\/\">Infraestructura<\/a><\/li><li id=\"menu-item-8454\" class=\"menu-item menu-item-type-post_type menu-item-object-page menu-item-8454\"><a href=\"https:\/\/lerkarmedia.com\/gci\/oficina\/\">Oficinas<\/a><\/li><li id=\"menu-item-8452\" class=\"menu-item menu-item-type-post_type menu-item-object-page menu-item-8452\"><a href=\"https:\/\/lerkarmedia.com\/gci\/publico\/\">P\u00fablico<\/a><\/li><li id=\"menu-item-8453\" class=\"menu-item menu-item-type-post_type menu-item-object-page menu-item-8453\"><a href=\"https:\/\/lerkarmedia.com\/gci\/residencial\/\">Residencial<\/a><\/li><li id=\"menu-item-8450\" class=\"menu-item menu-item-type-post_type menu-item-object-page menu-item-8450\"><a href=\"https:\/\/lerkarmedia.com\/gci\/otros\/\">Otros<\/a><\/li><li id=\"menu-item-8451\" class=\"menu-item menu-item-type-post_type menu-item-object-page menu-item-8451\"><a href=\"https:\/\/lerkarmedia.com\/gci\/todos\/\">Todos<\/a><\/li><\/ul><style>.us_menu_1 .menu>li{margin-right:1.5rem}.us_menu_1 .menu>li>a{color:inherit}<\/style><\/div><\/div><\/div><\/div><\/div><\/div><\/section><section class=\"l-section wpb_row height_custom\"><div class=\"l-section-h i-cf\"><div class=\"g-cols vc_row type_default valign_top\"><div class=\"vc_col-sm-12 wpb_column vc_column_container\"><div class=\"vc_column-inner type_sticky\"><div class=\"wpb_wrapper\"><div class=\"w-grid us_custom_80a192e9 type_grid layout_8623 cols_3 ratio_4x3\" id=\"us_grid_1\" data-filterable=\"true\"><style id=\"us_grid_1_css\">#us_grid_1 .w-grid-item{padding:5px}#us_grid_1 .w-grid-list{margin:-5px -5px 5px}.w-grid + #us_grid_1 .w-grid-list{margin-top:5px}@media (max-width:899px){#us_grid_1 .w-grid-item{width:50.0000%}#us_grid_1 .w-grid-item.size_2x1,#us_grid_1 .w-grid-item.size_2x2{width:100.0000%}}@media (max-width:599px){#us_grid_1 .w-grid-list{margin:0}#us_grid_1 .w-grid-item{width:100.0000%;padding:0;margin-bottom:5px}}#us_grid_1 .w-grid-item-h:before{padding-bottom:75.0000%}<\/style><style>.layout_8623 .w-grid-item-h:before{padding-bottom:100.0000%}@media (min-width:600px){.layout_8623 .w-grid-item.size_1x2 .w-grid-item-h:before{padding-bottom:calc(200.0000% + 5px + 5px)}.layout_8623 .w-grid-item.size_2x1 .w-grid-item-h:before{padding-bottom:calc(50.0000% - 5px * 1.0000)}.layout_8623 .w-grid-item.size_2x2 .w-grid-item-h:before{padding-bottom:calc(100.0000% - 5px * 0)}}.layout_8623 .w-grid-item-h{background:#003DA5}.layout_8623 .usg_post_image_1{transition-duration:0.35s;transform-origin:50% 50%;transform:scale(1) translate(0%,0%)}.layout_8623 .w-grid-item-h:hover .usg_post_image_1{transform:scale(1.1) translate(0%,0%);opacity:0.5}.layout_8623 .usg_post_image_1{position:absolute!important;top:0!important;right:0!important;bottom:0!important;left:0!important}.layout_8623 .usg_vwrapper_1{position:absolute!important;left:0!important;bottom:0!important;right:0!important;background:linear-gradient(180deg,rgba(255,255,255,0),rgba(0,61,165,0.50))!important;padding:4rem 2rem 1.5rem 2rem!important}.layout_8623 .usg_post_title_1{color:#ffffff!important;font-weight:500!important;text-transform:uppercase!important;font-size:1.2rem!important}.layout_8623 .usg_post_taxonomy_1{color:#fff!important;font-size:0.9rem!important}<\/style><div class=\"w-grid-list\" ><article class=\"w-grid-item size_1x1 post-8480 us_portfolio type-us_portfolio status-publish has-post-thumbnail hentry us_portfolio_category-infraestructura us_portfolio_tag-home\" data-id=\"8480\">\r\n\t<div class=\"w-grid-item-h\">\r\n\t\t\t\t\t<a class=\"w-grid-item-anchor\" href=\"https:\/\/lerkarmedia.com\/gci\/portfolio\/puerto-para-la-autoridad-de-singapur\/\" rel=\"bookmark\" aria-label=\"SINGAPORE PORT AUTHORITY.  PORT EXPANSION PROJECT\"><\/a>\r\n\t\t\t\t<div class=\"w-post-elm post_image usg_post_image_1 stretched\"><img loading=\"lazy\" decoding=\"async\" width=\"619\" height=\"475\" src=\"https:\/\/lerkarmedia.com\/gci\/wp-content\/uploads\/2021\/02\/Puerto-Autoridades-Singapur.jpg\" class=\"attachment-large size-large wp-post-image\" alt=\"\" srcset=\"https:\/\/lerkarmedia.com\/gci\/wp-content\/uploads\/2021\/02\/Puerto-Autoridades-Singapur.jpg 619w, https:\/\/lerkarmedia.com\/gci\/wp-content\/uploads\/2021\/02\/Puerto-Autoridades-Singapur-300x230.jpg 300w\" sizes=\"auto, (max-width: 619px) 100vw, 619px\" \/><\/div><div class=\"w-vwrapper usg_vwrapper_1 align_left valign_top\"><h2 class=\"w-post-elm post_title usg_post_title_1 entry-title color_link_inherit has_text_color\">SINGAPORE PORT AUTHORITY.  PORT EXPANSION PROJECT<\/h2><div class=\"w-post-elm post_taxonomy usg_post_taxonomy_1 style_simple color_link_inherit has_text_color\"><a href=\"https:\/\/lerkarmedia.com\/gci\/portfolio_category\/infraestructura\/\">Infraestructura<\/a><\/div><\/div>\t<\/div>\r\n<\/article>\r\n<article class=\"w-grid-item size_1x1 post-8488 us_portfolio type-us_portfolio status-publish has-post-thumbnail hentry us_portfolio_category-infraestructura\" data-id=\"8488\">\r\n\t<div class=\"w-grid-item-h\">\r\n\t\t\t\t\t<a class=\"w-grid-item-anchor\" href=\"https:\/\/lerkarmedia.com\/gci\/portfolio\/desarrollo-playa-guacamaya\/\" rel=\"bookmark\" aria-label=\"Desarrollo Playa Guacamaya\"><\/a>\r\n\t\t\t\t<div class=\"w-post-elm post_image usg_post_image_1 stretched\"><img loading=\"lazy\" decoding=\"async\" width=\"1024\" height=\"517\" src=\"https:\/\/lerkarmedia.com\/gci\/wp-content\/uploads\/2021\/02\/Captura-de-pantalla-2021-02-09-a-las-10.57.13-1024x517.png\" class=\"attachment-large size-large wp-post-image\" alt=\"\" srcset=\"https:\/\/lerkarmedia.com\/gci\/wp-content\/uploads\/2021\/02\/Captura-de-pantalla-2021-02-09-a-las-10.57.13-1024x517.png 1024w, https:\/\/lerkarmedia.com\/gci\/wp-content\/uploads\/2021\/02\/Captura-de-pantalla-2021-02-09-a-las-10.57.13-300x151.png 300w, https:\/\/lerkarmedia.com\/gci\/wp-content\/uploads\/2021\/02\/Captura-de-pantalla-2021-02-09-a-las-10.57.13-1536x775.png 1536w, https:\/\/lerkarmedia.com\/gci\/wp-content\/uploads\/2021\/02\/Captura-de-pantalla-2021-02-09-a-las-10.57.13.png 1670w\" sizes=\"auto, (max-width: 1024px) 100vw, 1024px\" \/><\/div><div class=\"w-vwrapper usg_vwrapper_1 align_left valign_top\"><h2 class=\"w-post-elm post_title usg_post_title_1 entry-title color_link_inherit has_text_color\">Desarrollo Playa Guacamaya<\/h2><div class=\"w-post-elm post_taxonomy usg_post_taxonomy_1 style_simple color_link_inherit has_text_color\"><a href=\"https:\/\/lerkarmedia.com\/gci\/portfolio_category\/infraestructura\/\">Infraestructura<\/a><\/div><\/div>\t<\/div>\r\n<\/article>\r\n<article class=\"w-grid-item size_1x1 post-8489 us_portfolio type-us_portfolio status-publish has-post-thumbnail hentry us_portfolio_category-infraestructura\" data-id=\"8489\">\r\n\t<div class=\"w-grid-item-h\">\r\n\t\t\t\t\t<a class=\"w-grid-item-anchor\" href=\"https:\/\/lerkarmedia.com\/gci\/portfolio\/desarrollo-dominical\/\" rel=\"bookmark\" aria-label=\"Desarrollo Dominical\"><\/a>\r\n\t\t\t\t<div class=\"w-post-elm post_image usg_post_image_1 stretched\"><img loading=\"lazy\" decoding=\"async\" width=\"1024\" height=\"522\" src=\"https:\/\/lerkarmedia.com\/gci\/wp-content\/uploads\/2021\/02\/Captura-de-pantalla-2021-02-09-a-las-10.56.49-1024x522.png\" class=\"attachment-large size-large wp-post-image\" alt=\"\" srcset=\"https:\/\/lerkarmedia.com\/gci\/wp-content\/uploads\/2021\/02\/Captura-de-pantalla-2021-02-09-a-las-10.56.49-1024x522.png 1024w, https:\/\/lerkarmedia.com\/gci\/wp-content\/uploads\/2021\/02\/Captura-de-pantalla-2021-02-09-a-las-10.56.49-300x153.png 300w, https:\/\/lerkarmedia.com\/gci\/wp-content\/uploads\/2021\/02\/Captura-de-pantalla-2021-02-09-a-las-10.56.49-1536x783.png 1536w, https:\/\/lerkarmedia.com\/gci\/wp-content\/uploads\/2021\/02\/Captura-de-pantalla-2021-02-09-a-las-10.56.49.png 1670w\" sizes=\"auto, (max-width: 1024px) 100vw, 1024px\" \/><\/div><div class=\"w-vwrapper usg_vwrapper_1 align_left valign_top\"><h2 class=\"w-post-elm post_title usg_post_title_1 entry-title color_link_inherit has_text_color\">Desarrollo Dominical<\/h2><div class=\"w-post-elm post_taxonomy usg_post_taxonomy_1 style_simple color_link_inherit has_text_color\"><a href=\"https:\/\/lerkarmedia.com\/gci\/portfolio_category\/infraestructura\/\">Infraestructura<\/a><\/div><\/div>\t<\/div>\r\n<\/article>\r\n<article class=\"w-grid-item size_1x1 post-8490 us_portfolio type-us_portfolio status-publish has-post-thumbnail hentry us_portfolio_category-infraestructura\" data-id=\"8490\">\r\n\t<div class=\"w-grid-item-h\">\r\n\t\t\t\t\t<a class=\"w-grid-item-anchor\" href=\"https:\/\/lerkarmedia.com\/gci\/portfolio\/desarrollo-residencial-y-campo-de-golf-limny-bay\/\" rel=\"bookmark\" aria-label=\"Desarrollo Residencial y Campo de Golf Limny Bay\"><\/a>\r\n\t\t\t\t<div class=\"w-post-elm post_image usg_post_image_1 stretched\"><img loading=\"lazy\" decoding=\"async\" width=\"1024\" height=\"522\" src=\"https:\/\/lerkarmedia.com\/gci\/wp-content\/uploads\/2021\/02\/Captura-de-pantalla-2021-02-09-a-las-10.56.23-1024x522.png\" class=\"attachment-large size-large wp-post-image\" alt=\"\" srcset=\"https:\/\/lerkarmedia.com\/gci\/wp-content\/uploads\/2021\/02\/Captura-de-pantalla-2021-02-09-a-las-10.56.23-1024x522.png 1024w, https:\/\/lerkarmedia.com\/gci\/wp-content\/uploads\/2021\/02\/Captura-de-pantalla-2021-02-09-a-las-10.56.23-300x153.png 300w, https:\/\/lerkarmedia.com\/gci\/wp-content\/uploads\/2021\/02\/Captura-de-pantalla-2021-02-09-a-las-10.56.23-1536x783.png 1536w, https:\/\/lerkarmedia.com\/gci\/wp-content\/uploads\/2021\/02\/Captura-de-pantalla-2021-02-09-a-las-10.56.23.png 1666w\" sizes=\"auto, (max-width: 1024px) 100vw, 1024px\" \/><\/div><div class=\"w-vwrapper usg_vwrapper_1 align_left valign_top\"><h2 class=\"w-post-elm post_title usg_post_title_1 entry-title color_link_inherit has_text_color\">Desarrollo Residencial y Campo de Golf Limny Bay<\/h2><div class=\"w-post-elm post_taxonomy usg_post_taxonomy_1 style_simple color_link_inherit has_text_color\"><a href=\"https:\/\/lerkarmedia.com\/gci\/portfolio_category\/infraestructura\/\">Infraestructura<\/a><\/div><\/div>\t<\/div>\r\n<\/article>\r\n<article class=\"w-grid-item size_1x1 post-8491 us_portfolio type-us_portfolio status-publish has-post-thumbnail hentry us_portfolio_category-infraestructura\" data-id=\"8491\">\r\n\t<div class=\"w-grid-item-h\">\r\n\t\t\t\t\t<a class=\"w-grid-item-anchor\" href=\"https:\/\/lerkarmedia.com\/gci\/portfolio\/condominio-de-lotes-howler-ridge\/\" rel=\"bookmark\" aria-label=\"Condominio de Lotes Howler Ridge\"><\/a>\r\n\t\t\t\t<div class=\"w-post-elm post_image usg_post_image_1 stretched\"><img loading=\"lazy\" decoding=\"async\" width=\"1024\" height=\"520\" src=\"https:\/\/lerkarmedia.com\/gci\/wp-content\/uploads\/2021\/02\/Captura-de-pantalla-2021-02-09-a-las-10.56.01-1024x520.png\" class=\"attachment-large size-large wp-post-image\" alt=\"\" srcset=\"https:\/\/lerkarmedia.com\/gci\/wp-content\/uploads\/2021\/02\/Captura-de-pantalla-2021-02-09-a-las-10.56.01-1024x520.png 1024w, https:\/\/lerkarmedia.com\/gci\/wp-content\/uploads\/2021\/02\/Captura-de-pantalla-2021-02-09-a-las-10.56.01-300x152.png 300w, https:\/\/lerkarmedia.com\/gci\/wp-content\/uploads\/2021\/02\/Captura-de-pantalla-2021-02-09-a-las-10.56.01-1536x780.png 1536w, https:\/\/lerkarmedia.com\/gci\/wp-content\/uploads\/2021\/02\/Captura-de-pantalla-2021-02-09-a-las-10.56.01.png 1664w\" sizes=\"auto, (max-width: 1024px) 100vw, 1024px\" \/><\/div><div class=\"w-vwrapper usg_vwrapper_1 align_left valign_top\"><h2 class=\"w-post-elm post_title usg_post_title_1 entry-title color_link_inherit has_text_color\">Condominio de Lotes Howler Ridge<\/h2><div class=\"w-post-elm post_taxonomy usg_post_taxonomy_1 style_simple color_link_inherit has_text_color\"><a href=\"https:\/\/lerkarmedia.com\/gci\/portfolio_category\/infraestructura\/\">Infraestructura<\/a><\/div><\/div>\t<\/div>\r\n<\/article>\r\n<article class=\"w-grid-item size_1x1 post-8492 us_portfolio type-us_portfolio status-publish has-post-thumbnail hentry us_portfolio_category-infraestructura\" data-id=\"8492\">\r\n\t<div class=\"w-grid-item-h\">\r\n\t\t\t\t\t<a class=\"w-grid-item-anchor\" href=\"https:\/\/lerkarmedia.com\/gci\/portfolio\/mejoramiento-de-barriada-corales-bambu\/\" rel=\"bookmark\" aria-label=\"Mejoramiento de Barriada Corales &#8211; Bamb\u00fa\"><\/a>\r\n\t\t\t\t<div class=\"w-post-elm post_image usg_post_image_1 stretched\"><img loading=\"lazy\" decoding=\"async\" width=\"1024\" height=\"507\" src=\"https:\/\/lerkarmedia.com\/gci\/wp-content\/uploads\/2021\/02\/Captura-de-pantalla-2021-02-09-a-las-10.54.54-1024x507.png\" class=\"attachment-large size-large wp-post-image\" alt=\"\" srcset=\"https:\/\/lerkarmedia.com\/gci\/wp-content\/uploads\/2021\/02\/Captura-de-pantalla-2021-02-09-a-las-10.54.54-1024x507.png 1024w, https:\/\/lerkarmedia.com\/gci\/wp-content\/uploads\/2021\/02\/Captura-de-pantalla-2021-02-09-a-las-10.54.54-300x149.png 300w, https:\/\/lerkarmedia.com\/gci\/wp-content\/uploads\/2021\/02\/Captura-de-pantalla-2021-02-09-a-las-10.54.54-1536x761.png 1536w, https:\/\/lerkarmedia.com\/gci\/wp-content\/uploads\/2021\/02\/Captura-de-pantalla-2021-02-09-a-las-10.54.54.png 1662w\" sizes=\"auto, (max-width: 1024px) 100vw, 1024px\" \/><\/div><div class=\"w-vwrapper usg_vwrapper_1 align_left valign_top\"><h2 class=\"w-post-elm post_title usg_post_title_1 entry-title color_link_inherit has_text_color\">Mejoramiento de Barriada Corales &#8211; Bamb\u00fa<\/h2><div class=\"w-post-elm post_taxonomy usg_post_taxonomy_1 style_simple color_link_inherit has_text_color\"><a href=\"https:\/\/lerkarmedia.com\/gci\/portfolio_category\/infraestructura\/\">Infraestructura<\/a><\/div><\/div>\t<\/div>\r\n<\/article>\r\n<article class=\"w-grid-item size_1x1 post-8493 us_portfolio type-us_portfolio status-publish has-post-thumbnail hentry us_portfolio_category-infraestructura\" data-id=\"8493\">\r\n\t<div class=\"w-grid-item-h\">\r\n\t\t\t\t\t<a class=\"w-grid-item-anchor\" href=\"https:\/\/lerkarmedia.com\/gci\/portfolio\/condominio-industrial-parque-activa\/\" rel=\"bookmark\" aria-label=\"Condominio Industrial Parque Activa\"><\/a>\r\n\t\t\t\t<div class=\"w-post-elm post_image usg_post_image_1 stretched\"><img loading=\"lazy\" decoding=\"async\" width=\"1024\" height=\"487\" src=\"https:\/\/lerkarmedia.com\/gci\/wp-content\/uploads\/2021\/02\/Captura-de-pantalla-2021-02-09-a-las-10.54.22-1024x487.png\" class=\"attachment-large size-large wp-post-image\" alt=\"\" srcset=\"https:\/\/lerkarmedia.com\/gci\/wp-content\/uploads\/2021\/02\/Captura-de-pantalla-2021-02-09-a-las-10.54.22-1024x487.png 1024w, https:\/\/lerkarmedia.com\/gci\/wp-content\/uploads\/2021\/02\/Captura-de-pantalla-2021-02-09-a-las-10.54.22-300x143.png 300w, https:\/\/lerkarmedia.com\/gci\/wp-content\/uploads\/2021\/02\/Captura-de-pantalla-2021-02-09-a-las-10.54.22-1536x731.png 1536w, https:\/\/lerkarmedia.com\/gci\/wp-content\/uploads\/2021\/02\/Captura-de-pantalla-2021-02-09-a-las-10.54.22.png 1661w\" sizes=\"auto, (max-width: 1024px) 100vw, 1024px\" \/><\/div><div class=\"w-vwrapper usg_vwrapper_1 align_left valign_top\"><h2 class=\"w-post-elm post_title usg_post_title_1 entry-title color_link_inherit has_text_color\">Condominio Industrial Parque Activa<\/h2><div class=\"w-post-elm post_taxonomy usg_post_taxonomy_1 style_simple color_link_inherit has_text_color\"><a href=\"https:\/\/lerkarmedia.com\/gci\/portfolio_category\/infraestructura\/\">Infraestructura<\/a><\/div><\/div>\t<\/div>\r\n<\/article>\r\n<article class=\"w-grid-item size_1x1 post-8494 us_portfolio type-us_portfolio status-publish has-post-thumbnail hentry us_portfolio_category-infraestructura\" data-id=\"8494\">\r\n\t<div class=\"w-grid-item-h\">\r\n\t\t\t\t\t<a class=\"w-grid-item-anchor\" href=\"https:\/\/lerkarmedia.com\/gci\/portfolio\/condominio-la-alegria\/\" rel=\"bookmark\" aria-label=\"Condominio La Alegr\u00eda\"><\/a>\r\n\t\t\t\t<div class=\"w-post-elm post_image usg_post_image_1 stretched\"><img loading=\"lazy\" decoding=\"async\" width=\"1024\" height=\"514\" src=\"https:\/\/lerkarmedia.com\/gci\/wp-content\/uploads\/2021\/02\/Captura-de-pantalla-2021-02-09-a-las-10.53.50-1024x514.png\" class=\"attachment-large size-large wp-post-image\" alt=\"\" srcset=\"https:\/\/lerkarmedia.com\/gci\/wp-content\/uploads\/2021\/02\/Captura-de-pantalla-2021-02-09-a-las-10.53.50-1024x514.png 1024w, https:\/\/lerkarmedia.com\/gci\/wp-content\/uploads\/2021\/02\/Captura-de-pantalla-2021-02-09-a-las-10.53.50-300x151.png 300w, https:\/\/lerkarmedia.com\/gci\/wp-content\/uploads\/2021\/02\/Captura-de-pantalla-2021-02-09-a-las-10.53.50-1536x771.png 1536w, https:\/\/lerkarmedia.com\/gci\/wp-content\/uploads\/2021\/02\/Captura-de-pantalla-2021-02-09-a-las-10.53.50.png 1665w\" sizes=\"auto, (max-width: 1024px) 100vw, 1024px\" \/><\/div><div class=\"w-vwrapper usg_vwrapper_1 align_left valign_top\"><h2 class=\"w-post-elm post_title usg_post_title_1 entry-title color_link_inherit has_text_color\">Condominio La Alegr\u00eda<\/h2><div class=\"w-post-elm post_taxonomy usg_post_taxonomy_1 style_simple color_link_inherit has_text_color\"><a href=\"https:\/\/lerkarmedia.com\/gci\/portfolio_category\/infraestructura\/\">Infraestructura<\/a><\/div><\/div>\t<\/div>\r\n<\/article>\r\n<article class=\"w-grid-item size_1x1 post-8495 us_portfolio type-us_portfolio status-publish has-post-thumbnail hentry us_portfolio_category-infraestructura\" data-id=\"8495\">\r\n\t<div class=\"w-grid-item-h\">\r\n\t\t\t\t\t<a class=\"w-grid-item-anchor\" href=\"https:\/\/lerkarmedia.com\/gci\/portfolio\/auditorio-y-estacionamiento\/\" rel=\"bookmark\" aria-label=\"Auditorio y Estacionamiento\"><\/a>\r\n\t\t\t\t<div class=\"w-post-elm post_image usg_post_image_1 stretched\"><img loading=\"lazy\" decoding=\"async\" width=\"1024\" height=\"519\" src=\"https:\/\/lerkarmedia.com\/gci\/wp-content\/uploads\/2021\/02\/Captura-de-pantalla-2021-02-09-a-las-10.53.16-1024x519.png\" class=\"attachment-large size-large wp-post-image\" alt=\"\" srcset=\"https:\/\/lerkarmedia.com\/gci\/wp-content\/uploads\/2021\/02\/Captura-de-pantalla-2021-02-09-a-las-10.53.16-1024x519.png 1024w, https:\/\/lerkarmedia.com\/gci\/wp-content\/uploads\/2021\/02\/Captura-de-pantalla-2021-02-09-a-las-10.53.16-300x152.png 300w, https:\/\/lerkarmedia.com\/gci\/wp-content\/uploads\/2021\/02\/Captura-de-pantalla-2021-02-09-a-las-10.53.16-1536x778.png 1536w, https:\/\/lerkarmedia.com\/gci\/wp-content\/uploads\/2021\/02\/Captura-de-pantalla-2021-02-09-a-las-10.53.16.png 1670w\" sizes=\"auto, (max-width: 1024px) 100vw, 1024px\" \/><\/div><div class=\"w-vwrapper usg_vwrapper_1 align_left valign_top\"><h2 class=\"w-post-elm post_title usg_post_title_1 entry-title color_link_inherit has_text_color\">Auditorio y Estacionamiento<\/h2><div class=\"w-post-elm post_taxonomy usg_post_taxonomy_1 style_simple color_link_inherit has_text_color\"><a href=\"https:\/\/lerkarmedia.com\/gci\/portfolio_category\/infraestructura\/\">Infraestructura<\/a><\/div><\/div>\t<\/div>\r\n<\/article>\r\n<article class=\"w-grid-item size_1x1 post-8496 us_portfolio type-us_portfolio status-publish has-post-thumbnail hentry us_portfolio_category-infraestructura\" data-id=\"8496\">\r\n\t<div class=\"w-grid-item-h\">\r\n\t\t\t\t\t<a class=\"w-grid-item-anchor\" href=\"https:\/\/lerkarmedia.com\/gci\/portfolio\/calle-publica-sardinal-guacamaya\/\" rel=\"bookmark\" aria-label=\"Calle P\u00fablica Sardinal Guacamaya\"><\/a>\r\n\t\t\t\t<div class=\"w-post-elm post_image usg_post_image_1 stretched\"><img loading=\"lazy\" decoding=\"async\" width=\"1024\" height=\"527\" src=\"https:\/\/lerkarmedia.com\/gci\/wp-content\/uploads\/2021\/02\/Captura-de-pantalla-2021-02-09-a-las-10.52.48-1024x527.png\" class=\"attachment-large size-large wp-post-image\" alt=\"\" srcset=\"https:\/\/lerkarmedia.com\/gci\/wp-content\/uploads\/2021\/02\/Captura-de-pantalla-2021-02-09-a-las-10.52.48-1024x527.png 1024w, https:\/\/lerkarmedia.com\/gci\/wp-content\/uploads\/2021\/02\/Captura-de-pantalla-2021-02-09-a-las-10.52.48-300x154.png 300w, https:\/\/lerkarmedia.com\/gci\/wp-content\/uploads\/2021\/02\/Captura-de-pantalla-2021-02-09-a-las-10.52.48-1536x790.png 1536w, https:\/\/lerkarmedia.com\/gci\/wp-content\/uploads\/2021\/02\/Captura-de-pantalla-2021-02-09-a-las-10.52.48.png 1662w\" sizes=\"auto, (max-width: 1024px) 100vw, 1024px\" \/><\/div><div class=\"w-vwrapper usg_vwrapper_1 align_left valign_top\"><h2 class=\"w-post-elm post_title usg_post_title_1 entry-title color_link_inherit has_text_color\">Calle P\u00fablica Sardinal Guacamaya<\/h2><div class=\"w-post-elm post_taxonomy usg_post_taxonomy_1 style_simple color_link_inherit has_text_color\"><a href=\"https:\/\/lerkarmedia.com\/gci\/portfolio_category\/infraestructura\/\">Infraestructura<\/a><\/div><\/div>\t<\/div>\r\n<\/article>\r\n<\/div><div class=\"w-grid-preloader\"><div class=\"g-preloader type_custom\">\r\n\t<div><img loading=\"lazy\" decoding=\"async\" width=\"300\" height=\"152\" src=\"https:\/\/lerkarmedia.com\/gci\/wp-content\/uploads\/2021\/01\/GCI_Logos-300x152.png\" class=\"attachment-medium size-medium\" alt=\"\" srcset=\"https:\/\/lerkarmedia.com\/gci\/wp-content\/uploads\/2021\/01\/GCI_Logos-300x152.png 300w, https:\/\/lerkarmedia.com\/gci\/wp-content\/uploads\/2021\/01\/GCI_Logos.png 543w\" sizes=\"auto, (max-width: 300px) 100vw, 300px\" \/><\/div>\r\n<\/div>\r\n<\/div>\t<div class=\"w-grid-json hidden\" onclick='return {&quot;action&quot;:&quot;us_ajax_grid&quot;,&quot;ajax_url&quot;:&quot;https:\\\/\\\/lerkarmedia.com\\\/gci\\\/wp-admin\\\/admin-ajax.php&quot;,&quot;infinite_scroll&quot;:0,&quot;max_num_pages&quot;:1,&quot;pagination&quot;:&quot;ajax&quot;,&quot;permalink_url&quot;:&quot;https:\\\/\\\/lerkarmedia.com\\\/gci\\\/wp-json\\\/wp\\\/v2\\\/pages\\\/8483&quot;,&quot;template_vars&quot;:{&quot;columns&quot;:&quot;3&quot;,&quot;exclude_items&quot;:&quot;none&quot;,&quot;img_size&quot;:&quot;default&quot;,&quot;ignore_items_size&quot;:false,&quot;items_layout&quot;:&quot;8623&quot;,&quot;items_offset&quot;:&quot;1&quot;,&quot;load_animation&quot;:&quot;none&quot;,&quot;overriding_link&quot;:&quot;post&quot;,&quot;post_id&quot;:8483,&quot;query_args&quot;:{&quot;post_type&quot;:[&quot;us_portfolio&quot;],&quot;tax_query&quot;:[{&quot;taxonomy&quot;:&quot;us_portfolio_category&quot;,&quot;field&quot;:&quot;slug&quot;,&quot;terms&quot;:[&quot;infraestructura&quot;]}],&quot;post_status&quot;:[&quot;publish&quot;],&quot;posts_per_page&quot;:&quot;90&quot;},&quot;orderby_query_args&quot;:{&quot;orderby&quot;:{&quot;date&quot;:&quot;DESC&quot;}},&quot;type&quot;:&quot;grid&quot;,&quot;us_grid_ajax_index&quot;:1,&quot;us_grid_filter_params&quot;:null,&quot;us_grid_index&quot;:1,&quot;_us_grid_post_type&quot;:&quot;us_portfolio&quot;}}'><\/div>\r\n\t<\/div><\/div><\/div><\/div><\/div><\/div><\/section>\n<\/div>","protected":false},"excerpt":{"rendered":"Calle P\u00fablica Sardinal GuacamayaCliente Guanacaste Development Corporation Categor\u00eda INFRAESTRUCTURA Ubicaci\u00f3n GUANACASTE COSTA RICA Servicio Dise\u00f1o de infraestructura, planos constructivos e inspecci\u00f3n (ingenier\u00eda civil, el\u00e9ctrica y mec\u00e1nica) \u00c1rea 260 Ha","protected":false},"author":1,"featured_media":0,"parent":0,"menu_order":0,"comment_status":"closed","ping_status":"closed","template":"","meta":{"nf_dc_page":"","footnotes":""},"class_list":["post-8483","page","type-page","status-publish","hentry"],"_links":{"self":[{"href":"https:\/\/lerkarmedia.com\/gci\/wp-json\/wp\/v2\/pages\/8483","targetHints":{"allow":["GET"]}}],"collection":[{"href":"https:\/\/lerkarmedia.com\/gci\/wp-json\/wp\/v2\/pages"}],"about":[{"href":"https:\/\/lerkarmedia.com\/gci\/wp-json\/wp\/v2\/types\/page"}],"author":[{"embeddable":true,"href":"https:\/\/lerkarmedia.com\/gci\/wp-json\/wp\/v2\/users\/1"}],"replies":[{"embeddable":true,"href":"https:\/\/lerkarmedia.com\/gci\/wp-json\/wp\/v2\/comments?post=8483"}],"version-history":[{"count":5,"href":"https:\/\/lerkarmedia.com\/gci\/wp-json\/wp\/v2\/pages\/8483\/revisions"}],"predecessor-version":[{"id":8755,"href":"https:\/\/lerkarmedia.com\/gci\/wp-json\/wp\/v2\/pages\/8483\/revisions\/8755"}],"wp:attachment":[{"href":"https:\/\/lerkarmedia.com\/gci\/wp-json\/wp\/v2\/media?parent=8483"}],"curies":[{"name":"wp","href":"https:\/\/api.w.org\/{rel}","templated":true}]}}