{"id":8436,"date":"2021-02-09T16:12:44","date_gmt":"2021-02-09T16:12:44","guid":{"rendered":"https:\/\/lerkarmedia.com\/gci\/?page_id=8436"},"modified":"2021-03-30T15:59:38","modified_gmt":"2021-03-30T15:59:38","slug":"oficina","status":"publish","type":"page","link":"https:\/\/lerkarmedia.com\/gci\/oficina\/","title":{"rendered":"Oficina"},"content":{"rendered":"<div class=\"wpb-content-wrapper\"><section class=\"l-section wpb_row height_small\"><div class=\"l-section-h i-cf\"><div class=\"g-cols vc_row type_default valign_top\"><div class=\"vc_col-sm-12 wpb_column vc_column_container\"><div class=\"vc_column-inner type_sticky\"><div class=\"wpb_wrapper\"><div class=\"wpb_text_column\" ><div class=\"wpb_wrapper\"><h2>Oficina<\/h2>\n<\/div><\/div><div class=\"w-separator us_custom_1f257949 size_custom with_line width_default thick_2 style_solid color_primary align_center\" style=\"height:5px\"><div class=\"w-separator-h\"><\/div><\/div><\/div><\/div><\/div><\/div><\/div><\/section><section class=\"l-section wpb_row height_auto\"><div class=\"l-section-h i-cf\"><div class=\"g-cols vc_row type_default valign_top\"><div class=\"vc_col-sm-12 wpb_column vc_column_container\"><div class=\"vc_column-inner type_sticky\"><div class=\"wpb_wrapper\"><div class=\"w-menu us_custom_771cfa3e layout_hor style_links not_responsive us_menu_1\"><ul id=\"menu-proyectos\" class=\"menu\"><li id=\"menu-item-8457\" class=\"menu-item menu-item-type-post_type menu-item-object-page menu-item-8457\"><a href=\"https:\/\/lerkarmedia.com\/gci\/aeroportuario\/\">Aeroportuario<\/a><\/li><li id=\"menu-item-8456\" class=\"menu-item menu-item-type-post_type menu-item-object-page menu-item-8456\"><a href=\"https:\/\/lerkarmedia.com\/gci\/comercial\/\">Comercial<\/a><\/li><li id=\"menu-item-8455\" class=\"menu-item menu-item-type-post_type menu-item-object-page menu-item-8455\"><a href=\"https:\/\/lerkarmedia.com\/gci\/industrial\/\">Industrial<\/a><\/li><li id=\"menu-item-8486\" class=\"menu-item menu-item-type-post_type menu-item-object-page menu-item-8486\"><a href=\"https:\/\/lerkarmedia.com\/gci\/infraestructura\/\">Infraestructura<\/a><\/li><li id=\"menu-item-8454\" class=\"menu-item menu-item-type-post_type menu-item-object-page menu-item-8454\"><a href=\"https:\/\/lerkarmedia.com\/gci\/oficina\/\">Oficinas<\/a><\/li><li id=\"menu-item-8452\" class=\"menu-item menu-item-type-post_type menu-item-object-page menu-item-8452\"><a href=\"https:\/\/lerkarmedia.com\/gci\/publico\/\">P\u00fablico<\/a><\/li><li id=\"menu-item-8453\" class=\"menu-item menu-item-type-post_type menu-item-object-page menu-item-8453\"><a href=\"https:\/\/lerkarmedia.com\/gci\/residencial\/\">Residencial<\/a><\/li><li id=\"menu-item-8450\" class=\"menu-item menu-item-type-post_type menu-item-object-page menu-item-8450\"><a href=\"https:\/\/lerkarmedia.com\/gci\/otros\/\">Otros<\/a><\/li><li id=\"menu-item-8451\" class=\"menu-item menu-item-type-post_type menu-item-object-page menu-item-8451\"><a href=\"https:\/\/lerkarmedia.com\/gci\/todos\/\">Todos<\/a><\/li><\/ul><style>.us_menu_1 .menu>li{margin-right:1.5rem}.us_menu_1 .menu>li>a{color:inherit}<\/style><\/div><\/div><\/div><\/div><\/div><\/div><\/section><section class=\"l-section wpb_row height_custom\"><div class=\"l-section-h i-cf\"><div class=\"g-cols vc_row type_default valign_top\"><div class=\"vc_col-sm-12 wpb_column vc_column_container\"><div class=\"vc_column-inner type_sticky\"><div class=\"wpb_wrapper\"><div class=\"w-grid us_custom_80a192e9 type_grid layout_8623 cols_3 ratio_4x3\" id=\"us_grid_1\" data-filterable=\"true\"><style id=\"us_grid_1_css\">#us_grid_1 .w-grid-item{padding:5px}#us_grid_1 .w-grid-list{margin:-5px -5px 5px}.w-grid + #us_grid_1 .w-grid-list{margin-top:5px}@media (max-width:899px){#us_grid_1 .w-grid-item{width:50.0000%}#us_grid_1 .w-grid-item.size_2x1,#us_grid_1 .w-grid-item.size_2x2{width:100.0000%}}@media (max-width:599px){#us_grid_1 .w-grid-list{margin:0}#us_grid_1 .w-grid-item{width:100.0000%;padding:0;margin-bottom:5px}}#us_grid_1 .w-grid-item-h:before{padding-bottom:75.0000%}<\/style><style>.layout_8623 .w-grid-item-h:before{padding-bottom:100.0000%}@media (min-width:600px){.layout_8623 .w-grid-item.size_1x2 .w-grid-item-h:before{padding-bottom:calc(200.0000% + 5px + 5px)}.layout_8623 .w-grid-item.size_2x1 .w-grid-item-h:before{padding-bottom:calc(50.0000% - 5px * 1.0000)}.layout_8623 .w-grid-item.size_2x2 .w-grid-item-h:before{padding-bottom:calc(100.0000% - 5px * 0)}}.layout_8623 .w-grid-item-h{background:#003DA5}.layout_8623 .usg_post_image_1{transition-duration:0.35s;transform-origin:50% 50%;transform:scale(1) translate(0%,0%)}.layout_8623 .w-grid-item-h:hover .usg_post_image_1{transform:scale(1.1) translate(0%,0%);opacity:0.5}.layout_8623 .usg_post_image_1{position:absolute!important;top:0!important;right:0!important;bottom:0!important;left:0!important}.layout_8623 .usg_vwrapper_1{position:absolute!important;left:0!important;bottom:0!important;right:0!important;background:linear-gradient(180deg,rgba(255,255,255,0),rgba(0,61,165,0.50))!important;padding:4rem 2rem 1.5rem 2rem!important}.layout_8623 .usg_post_title_1{color:#ffffff!important;font-weight:500!important;text-transform:uppercase!important;font-size:1.2rem!important}.layout_8623 .usg_post_taxonomy_1{color:#fff!important;font-size:0.9rem!important}<\/style><div class=\"w-grid-list\" ><article class=\"w-grid-item size_1x1 post-8288 us_portfolio type-us_portfolio status-publish has-post-thumbnail hentry us_portfolio_category-oficina us_portfolio_tag-home\" data-id=\"8288\">\r\n\t<div class=\"w-grid-item-h\">\r\n\t\t\t\t\t<a class=\"w-grid-item-anchor\" href=\"https:\/\/lerkarmedia.com\/gci\/portfolio\/corcione-business-plaza\/\" rel=\"bookmark\" aria-label=\"Corcione Business Plaza\"><\/a>\r\n\t\t\t\t<div class=\"w-post-elm post_image usg_post_image_1 stretched\"><img loading=\"lazy\" decoding=\"async\" width=\"750\" height=\"498\" src=\"https:\/\/lerkarmedia.com\/gci\/wp-content\/uploads\/2021\/02\/WhatsApp-Image-2020-12-14-at-7.59.34-AM-1.jpeg\" class=\"attachment-large size-large wp-post-image\" alt=\"\" srcset=\"https:\/\/lerkarmedia.com\/gci\/wp-content\/uploads\/2021\/02\/WhatsApp-Image-2020-12-14-at-7.59.34-AM-1.jpeg 750w, https:\/\/lerkarmedia.com\/gci\/wp-content\/uploads\/2021\/02\/WhatsApp-Image-2020-12-14-at-7.59.34-AM-1-300x199.jpeg 300w\" sizes=\"auto, (max-width: 750px) 100vw, 750px\" \/><\/div><div class=\"w-vwrapper usg_vwrapper_1 align_left valign_top\"><h2 class=\"w-post-elm post_title usg_post_title_1 entry-title color_link_inherit has_text_color\">Corcione Business Plaza<\/h2><div class=\"w-post-elm post_taxonomy usg_post_taxonomy_1 style_simple color_link_inherit has_text_color\"><a href=\"https:\/\/lerkarmedia.com\/gci\/portfolio_category\/oficina\/\">Oficina<\/a><\/div><\/div>\t<\/div>\r\n<\/article>\r\n<article class=\"w-grid-item size_1x1 post-8286 us_portfolio type-us_portfolio status-publish has-post-thumbnail hentry us_portfolio_category-oficina\" data-id=\"8286\">\r\n\t<div class=\"w-grid-item-h\">\r\n\t\t\t\t\t<a class=\"w-grid-item-anchor\" href=\"https:\/\/lerkarmedia.com\/gci\/portfolio\/centro-de-negocios-37e\/\" rel=\"bookmark\" aria-label=\"Centro de Negocios 37E\"><\/a>\r\n\t\t\t\t<div class=\"w-post-elm post_image usg_post_image_1 stretched\"><img loading=\"lazy\" decoding=\"async\" width=\"1024\" height=\"821\" src=\"https:\/\/lerkarmedia.com\/gci\/wp-content\/uploads\/2021\/02\/37E-2-1024x821.png\" class=\"attachment-large size-large wp-post-image\" alt=\"\" srcset=\"https:\/\/lerkarmedia.com\/gci\/wp-content\/uploads\/2021\/02\/37E-2-1024x821.png 1024w, https:\/\/lerkarmedia.com\/gci\/wp-content\/uploads\/2021\/02\/37E-2-300x241.png 300w, https:\/\/lerkarmedia.com\/gci\/wp-content\/uploads\/2021\/02\/37E-2.png 1281w\" sizes=\"auto, (max-width: 1024px) 100vw, 1024px\" \/><\/div><div class=\"w-vwrapper usg_vwrapper_1 align_left valign_top\"><h2 class=\"w-post-elm post_title usg_post_title_1 entry-title color_link_inherit has_text_color\">Centro de Negocios 37E<\/h2><div class=\"w-post-elm post_taxonomy usg_post_taxonomy_1 style_simple color_link_inherit has_text_color\"><a href=\"https:\/\/lerkarmedia.com\/gci\/portfolio_category\/oficina\/\">Oficina<\/a><\/div><\/div>\t<\/div>\r\n<\/article>\r\n<article class=\"w-grid-item size_1x1 post-8284 us_portfolio type-us_portfolio status-publish has-post-thumbnail hentry us_portfolio_category-oficina\" data-id=\"8284\">\r\n\t<div class=\"w-grid-item-h\">\r\n\t\t\t\t\t<a class=\"w-grid-item-anchor\" href=\"https:\/\/lerkarmedia.com\/gci\/portfolio\/oficinas-administrativas-roche\/\" rel=\"bookmark\" aria-label=\"Oficinas administrativas Roche\"><\/a>\r\n\t\t\t\t<div class=\"w-post-elm post_image usg_post_image_1 stretched\"><img loading=\"lazy\" decoding=\"async\" width=\"1024\" height=\"506\" src=\"https:\/\/lerkarmedia.com\/gci\/wp-content\/uploads\/2021\/02\/Captura-de-pantalla-2021-02-02-a-las-18.30.46-1024x506.jpg\" class=\"attachment-large size-large wp-post-image\" alt=\"\" srcset=\"https:\/\/lerkarmedia.com\/gci\/wp-content\/uploads\/2021\/02\/Captura-de-pantalla-2021-02-02-a-las-18.30.46-1024x506.jpg 1024w, https:\/\/lerkarmedia.com\/gci\/wp-content\/uploads\/2021\/02\/Captura-de-pantalla-2021-02-02-a-las-18.30.46-300x148.jpg 300w, https:\/\/lerkarmedia.com\/gci\/wp-content\/uploads\/2021\/02\/Captura-de-pantalla-2021-02-02-a-las-18.30.46-1536x760.jpg 1536w, https:\/\/lerkarmedia.com\/gci\/wp-content\/uploads\/2021\/02\/Captura-de-pantalla-2021-02-02-a-las-18.30.46.jpg 1664w\" sizes=\"auto, (max-width: 1024px) 100vw, 1024px\" \/><\/div><div class=\"w-vwrapper usg_vwrapper_1 align_left valign_top\"><h2 class=\"w-post-elm post_title usg_post_title_1 entry-title color_link_inherit has_text_color\">Oficinas administrativas Roche<\/h2><div class=\"w-post-elm post_taxonomy usg_post_taxonomy_1 style_simple color_link_inherit has_text_color\"><a href=\"https:\/\/lerkarmedia.com\/gci\/portfolio_category\/oficina\/\">Oficina<\/a><\/div><\/div>\t<\/div>\r\n<\/article>\r\n<article class=\"w-grid-item size_1x1 post-8289 us_portfolio type-us_portfolio status-publish has-post-thumbnail hentry us_portfolio_category-oficina\" data-id=\"8289\">\r\n\t<div class=\"w-grid-item-h\">\r\n\t\t\t\t\t<a class=\"w-grid-item-anchor\" href=\"https:\/\/lerkarmedia.com\/gci\/portfolio\/edificio-vida-plena\/\" rel=\"bookmark\" aria-label=\"Edificio Vida Plena\"><\/a>\r\n\t\t\t\t<div class=\"w-post-elm post_image usg_post_image_1 stretched\"><img loading=\"lazy\" decoding=\"async\" width=\"756\" height=\"316\" src=\"https:\/\/lerkarmedia.com\/gci\/wp-content\/uploads\/2021\/02\/Vida-Plena-1.jpg\" class=\"attachment-large size-large wp-post-image\" alt=\"\" srcset=\"https:\/\/lerkarmedia.com\/gci\/wp-content\/uploads\/2021\/02\/Vida-Plena-1.jpg 756w, https:\/\/lerkarmedia.com\/gci\/wp-content\/uploads\/2021\/02\/Vida-Plena-1-300x125.jpg 300w\" sizes=\"auto, (max-width: 756px) 100vw, 756px\" \/><\/div><div class=\"w-vwrapper usg_vwrapper_1 align_left valign_top\"><h2 class=\"w-post-elm post_title usg_post_title_1 entry-title color_link_inherit has_text_color\">Edificio Vida Plena<\/h2><div class=\"w-post-elm post_taxonomy usg_post_taxonomy_1 style_simple color_link_inherit has_text_color\"><a href=\"https:\/\/lerkarmedia.com\/gci\/portfolio_category\/oficina\/\">Oficina<\/a><\/div><\/div>\t<\/div>\r\n<\/article>\r\n<article class=\"w-grid-item size_1x1 post-8290 us_portfolio type-us_portfolio status-publish has-post-thumbnail hentry us_portfolio_category-oficina\" data-id=\"8290\">\r\n\t<div class=\"w-grid-item-h\">\r\n\t\t\t\t\t<a class=\"w-grid-item-anchor\" href=\"https:\/\/lerkarmedia.com\/gci\/portfolio\/edificio-corportativo-kpmg\/\" rel=\"bookmark\" aria-label=\"Edificio Corportativo KPMG\"><\/a>\r\n\t\t\t\t<div class=\"w-post-elm post_image usg_post_image_1 stretched\"><img loading=\"lazy\" decoding=\"async\" width=\"1024\" height=\"768\" src=\"https:\/\/lerkarmedia.com\/gci\/wp-content\/uploads\/2021\/02\/154_KPMG1-1024x768.jpg\" class=\"attachment-large size-large wp-post-image\" alt=\"\" srcset=\"https:\/\/lerkarmedia.com\/gci\/wp-content\/uploads\/2021\/02\/154_KPMG1-1024x768.jpg 1024w, https:\/\/lerkarmedia.com\/gci\/wp-content\/uploads\/2021\/02\/154_KPMG1-300x225.jpg 300w, https:\/\/lerkarmedia.com\/gci\/wp-content\/uploads\/2021\/02\/154_KPMG1-1536x1152.jpg 1536w, https:\/\/lerkarmedia.com\/gci\/wp-content\/uploads\/2021\/02\/154_KPMG1.jpg 1632w\" sizes=\"auto, (max-width: 1024px) 100vw, 1024px\" \/><\/div><div class=\"w-vwrapper usg_vwrapper_1 align_left valign_top\"><h2 class=\"w-post-elm post_title usg_post_title_1 entry-title color_link_inherit has_text_color\">Edificio Corportativo KPMG<\/h2><div class=\"w-post-elm post_taxonomy usg_post_taxonomy_1 style_simple color_link_inherit has_text_color\"><a href=\"https:\/\/lerkarmedia.com\/gci\/portfolio_category\/oficina\/\">Oficina<\/a><\/div><\/div>\t<\/div>\r\n<\/article>\r\n<article class=\"w-grid-item size_1x1 post-8291 us_portfolio type-us_portfolio status-publish has-post-thumbnail hentry us_portfolio_category-oficina\" data-id=\"8291\">\r\n\t<div class=\"w-grid-item-h\">\r\n\t\t\t\t\t<a class=\"w-grid-item-anchor\" href=\"https:\/\/lerkarmedia.com\/gci\/portfolio\/torre-oca\/\" rel=\"bookmark\" aria-label=\"Torre Oca\"><\/a>\r\n\t\t\t\t<div class=\"w-post-elm post_image usg_post_image_1 stretched\"><img loading=\"lazy\" decoding=\"async\" width=\"1024\" height=\"775\" src=\"https:\/\/lerkarmedia.com\/gci\/wp-content\/uploads\/2021\/02\/lamina-1-1024x775.jpg\" class=\"attachment-large size-large wp-post-image\" alt=\"\" srcset=\"https:\/\/lerkarmedia.com\/gci\/wp-content\/uploads\/2021\/02\/lamina-1-1024x775.jpg 1024w, https:\/\/lerkarmedia.com\/gci\/wp-content\/uploads\/2021\/02\/lamina-1-300x227.jpg 300w, https:\/\/lerkarmedia.com\/gci\/wp-content\/uploads\/2021\/02\/lamina-1-1536x1163.jpg 1536w, https:\/\/lerkarmedia.com\/gci\/wp-content\/uploads\/2021\/02\/lamina-1.jpg 1740w\" sizes=\"auto, (max-width: 1024px) 100vw, 1024px\" \/><\/div><div class=\"w-vwrapper usg_vwrapper_1 align_left valign_top\"><h2 class=\"w-post-elm post_title usg_post_title_1 entry-title color_link_inherit has_text_color\">Torre Oca<\/h2><div class=\"w-post-elm post_taxonomy usg_post_taxonomy_1 style_simple color_link_inherit has_text_color\"><a href=\"https:\/\/lerkarmedia.com\/gci\/portfolio_category\/oficina\/\">Oficina<\/a><\/div><\/div>\t<\/div>\r\n<\/article>\r\n<article class=\"w-grid-item size_1x1 post-8283 us_portfolio type-us_portfolio status-publish has-post-thumbnail hentry us_portfolio_category-oficina\" data-id=\"8283\">\r\n\t<div class=\"w-grid-item-h\">\r\n\t\t\t\t\t<a class=\"w-grid-item-anchor\" href=\"https:\/\/lerkarmedia.com\/gci\/portfolio\/edificio-junta-de-pensiones-del-magisterio\/\" rel=\"bookmark\" aria-label=\"Edificio Junta de Pensiones del Magisterio\"><\/a>\r\n\t\t\t\t<div class=\"w-post-elm post_image usg_post_image_1 stretched\"><img loading=\"lazy\" decoding=\"async\" width=\"1024\" height=\"524\" src=\"https:\/\/lerkarmedia.com\/gci\/wp-content\/uploads\/2021\/02\/Captura-de-pantalla-2021-02-09-a-las-11.00.59-1024x524.png\" class=\"attachment-large size-large wp-post-image\" alt=\"\" srcset=\"https:\/\/lerkarmedia.com\/gci\/wp-content\/uploads\/2021\/02\/Captura-de-pantalla-2021-02-09-a-las-11.00.59-1024x524.png 1024w, https:\/\/lerkarmedia.com\/gci\/wp-content\/uploads\/2021\/02\/Captura-de-pantalla-2021-02-09-a-las-11.00.59-300x154.png 300w, https:\/\/lerkarmedia.com\/gci\/wp-content\/uploads\/2021\/02\/Captura-de-pantalla-2021-02-09-a-las-11.00.59-1536x786.png 1536w, https:\/\/lerkarmedia.com\/gci\/wp-content\/uploads\/2021\/02\/Captura-de-pantalla-2021-02-09-a-las-11.00.59.png 1666w\" sizes=\"auto, (max-width: 1024px) 100vw, 1024px\" \/><\/div><div class=\"w-vwrapper usg_vwrapper_1 align_left valign_top\"><h2 class=\"w-post-elm post_title usg_post_title_1 entry-title color_link_inherit has_text_color\">Edificio Junta de Pensiones del Magisterio<\/h2><div class=\"w-post-elm post_taxonomy usg_post_taxonomy_1 style_simple color_link_inherit has_text_color\"><a href=\"https:\/\/lerkarmedia.com\/gci\/portfolio_category\/oficina\/\">Oficina<\/a><\/div><\/div>\t<\/div>\r\n<\/article>\r\n<article class=\"w-grid-item size_1x1 post-8050 us_portfolio type-us_portfolio status-publish has-post-thumbnail hentry us_portfolio_category-oficina\" data-id=\"8050\">\r\n\t<div class=\"w-grid-item-h\">\r\n\t\t\t\t\t<a class=\"w-grid-item-anchor\" href=\"https:\/\/lerkarmedia.com\/gci\/portfolio\/edificio-corporativo-kimberly-clark\/\" rel=\"bookmark\" aria-label=\"Edificio Corporativo\"><\/a>\r\n\t\t\t\t<div class=\"w-post-elm post_image usg_post_image_1 stretched\"><img loading=\"lazy\" decoding=\"async\" width=\"1024\" height=\"788\" src=\"https:\/\/lerkarmedia.com\/gci\/wp-content\/uploads\/2021\/02\/Captura-de-pantalla-2021-02-02-a-las-08.44.36-1024x788.jpg\" class=\"attachment-large size-large wp-post-image\" alt=\"\" srcset=\"https:\/\/lerkarmedia.com\/gci\/wp-content\/uploads\/2021\/02\/Captura-de-pantalla-2021-02-02-a-las-08.44.36-1024x788.jpg 1024w, https:\/\/lerkarmedia.com\/gci\/wp-content\/uploads\/2021\/02\/Captura-de-pantalla-2021-02-02-a-las-08.44.36-300x231.jpg 300w, https:\/\/lerkarmedia.com\/gci\/wp-content\/uploads\/2021\/02\/Captura-de-pantalla-2021-02-02-a-las-08.44.36.jpg 1070w\" sizes=\"auto, (max-width: 1024px) 100vw, 1024px\" \/><\/div><div class=\"w-vwrapper usg_vwrapper_1 align_left valign_top\"><h2 class=\"w-post-elm post_title usg_post_title_1 entry-title color_link_inherit has_text_color\">Edificio Corporativo<\/h2><div class=\"w-post-elm post_taxonomy usg_post_taxonomy_1 style_simple color_link_inherit has_text_color\"><a href=\"https:\/\/lerkarmedia.com\/gci\/portfolio_category\/oficina\/\">Oficina<\/a><\/div><\/div>\t<\/div>\r\n<\/article>\r\n<article class=\"w-grid-item size_1x1 post-332 us_portfolio type-us_portfolio status-publish has-post-thumbnail hentry us_portfolio_category-oficina\" data-id=\"332\">\r\n\t<div class=\"w-grid-item-h\">\r\n\t\t\t\t\t<a class=\"w-grid-item-anchor\" href=\"https:\/\/lerkarmedia.com\/gci\/portfolio\/edificio-de-soporte-kimberly-clark\/\" rel=\"bookmark\" aria-label=\"Edificio de Soporte\"><\/a>\r\n\t\t\t\t<div class=\"w-post-elm post_image usg_post_image_1 stretched\"><img loading=\"lazy\" decoding=\"async\" width=\"1024\" height=\"503\" src=\"https:\/\/lerkarmedia.com\/gci\/wp-content\/uploads\/2014\/08\/Captura-de-pantalla-2021-02-03-a-las-14.35.17-1024x503.png\" class=\"attachment-large size-large wp-post-image\" alt=\"\" srcset=\"https:\/\/lerkarmedia.com\/gci\/wp-content\/uploads\/2014\/08\/Captura-de-pantalla-2021-02-03-a-las-14.35.17-1024x503.png 1024w, https:\/\/lerkarmedia.com\/gci\/wp-content\/uploads\/2014\/08\/Captura-de-pantalla-2021-02-03-a-las-14.35.17-300x147.png 300w, https:\/\/lerkarmedia.com\/gci\/wp-content\/uploads\/2014\/08\/Captura-de-pantalla-2021-02-03-a-las-14.35.17-1536x755.png 1536w, https:\/\/lerkarmedia.com\/gci\/wp-content\/uploads\/2014\/08\/Captura-de-pantalla-2021-02-03-a-las-14.35.17.png 1661w\" sizes=\"auto, (max-width: 1024px) 100vw, 1024px\" \/><\/div><div class=\"w-vwrapper usg_vwrapper_1 align_left valign_top\"><h2 class=\"w-post-elm post_title usg_post_title_1 entry-title color_link_inherit has_text_color\">Edificio de Soporte<\/h2><div class=\"w-post-elm post_taxonomy usg_post_taxonomy_1 style_simple color_link_inherit has_text_color\"><a href=\"https:\/\/lerkarmedia.com\/gci\/portfolio_category\/oficina\/\">Oficina<\/a><\/div><\/div>\t<\/div>\r\n<\/article>\r\n<article class=\"w-grid-item size_1x1 post-8285 us_portfolio type-us_portfolio status-publish has-post-thumbnail hentry us_portfolio_category-oficina\" data-id=\"8285\">\r\n\t<div class=\"w-grid-item-h\">\r\n\t\t\t\t\t<a class=\"w-grid-item-anchor\" href=\"https:\/\/lerkarmedia.com\/gci\/portfolio\/oficinas-administrativas-under-armour\/\" rel=\"bookmark\" aria-label=\"Oficinas administrativas Under Armour\"><\/a>\r\n\t\t\t\t<div class=\"w-post-elm post_image usg_post_image_1 stretched\"><img loading=\"lazy\" decoding=\"async\" width=\"1024\" height=\"453\" src=\"https:\/\/lerkarmedia.com\/gci\/wp-content\/uploads\/2021\/02\/Captura-de-pantalla-2021-02-02-a-las-18.30.26-1024x453.jpg\" class=\"attachment-large size-large wp-post-image\" alt=\"\" srcset=\"https:\/\/lerkarmedia.com\/gci\/wp-content\/uploads\/2021\/02\/Captura-de-pantalla-2021-02-02-a-las-18.30.26-1024x453.jpg 1024w, https:\/\/lerkarmedia.com\/gci\/wp-content\/uploads\/2021\/02\/Captura-de-pantalla-2021-02-02-a-las-18.30.26-300x133.jpg 300w, https:\/\/lerkarmedia.com\/gci\/wp-content\/uploads\/2021\/02\/Captura-de-pantalla-2021-02-02-a-las-18.30.26-1536x679.jpg 1536w, https:\/\/lerkarmedia.com\/gci\/wp-content\/uploads\/2021\/02\/Captura-de-pantalla-2021-02-02-a-las-18.30.26.jpg 1656w\" sizes=\"auto, (max-width: 1024px) 100vw, 1024px\" \/><\/div><div class=\"w-vwrapper usg_vwrapper_1 align_left valign_top\"><h2 class=\"w-post-elm post_title usg_post_title_1 entry-title color_link_inherit has_text_color\">Oficinas administrativas Under Armour<\/h2><div class=\"w-post-elm post_taxonomy usg_post_taxonomy_1 style_simple color_link_inherit has_text_color\"><a href=\"https:\/\/lerkarmedia.com\/gci\/portfolio_category\/oficina\/\">Oficina<\/a><\/div><\/div>\t<\/div>\r\n<\/article>\r\n<\/div><div class=\"w-grid-preloader\"><div class=\"g-preloader type_custom\">\r\n\t<div><img loading=\"lazy\" decoding=\"async\" width=\"300\" height=\"152\" src=\"https:\/\/lerkarmedia.com\/gci\/wp-content\/uploads\/2021\/01\/GCI_Logos-300x152.png\" class=\"attachment-medium size-medium\" alt=\"\" srcset=\"https:\/\/lerkarmedia.com\/gci\/wp-content\/uploads\/2021\/01\/GCI_Logos-300x152.png 300w, https:\/\/lerkarmedia.com\/gci\/wp-content\/uploads\/2021\/01\/GCI_Logos.png 543w\" sizes=\"auto, (max-width: 300px) 100vw, 300px\" \/><\/div>\r\n<\/div>\r\n<\/div>\t<div class=\"w-grid-json hidden\" onclick='return {&quot;action&quot;:&quot;us_ajax_grid&quot;,&quot;ajax_url&quot;:&quot;https:\\\/\\\/lerkarmedia.com\\\/gci\\\/wp-admin\\\/admin-ajax.php&quot;,&quot;infinite_scroll&quot;:0,&quot;max_num_pages&quot;:1,&quot;pagination&quot;:&quot;ajax&quot;,&quot;permalink_url&quot;:&quot;https:\\\/\\\/lerkarmedia.com\\\/gci\\\/wp-json\\\/wp\\\/v2\\\/pages\\\/8436&quot;,&quot;template_vars&quot;:{&quot;columns&quot;:&quot;3&quot;,&quot;exclude_items&quot;:&quot;none&quot;,&quot;img_size&quot;:&quot;default&quot;,&quot;ignore_items_size&quot;:false,&quot;items_layout&quot;:&quot;8623&quot;,&quot;items_offset&quot;:&quot;1&quot;,&quot;load_animation&quot;:&quot;none&quot;,&quot;overriding_link&quot;:&quot;post&quot;,&quot;post_id&quot;:8436,&quot;query_args&quot;:{&quot;post_type&quot;:[&quot;us_portfolio&quot;],&quot;tax_query&quot;:[{&quot;taxonomy&quot;:&quot;us_portfolio_category&quot;,&quot;field&quot;:&quot;slug&quot;,&quot;terms&quot;:[&quot;oficina&quot;]}],&quot;post_status&quot;:[&quot;publish&quot;],&quot;posts_per_page&quot;:&quot;90&quot;},&quot;orderby_query_args&quot;:{&quot;orderby&quot;:{&quot;date&quot;:&quot;DESC&quot;}},&quot;type&quot;:&quot;grid&quot;,&quot;us_grid_ajax_index&quot;:1,&quot;us_grid_filter_params&quot;:null,&quot;us_grid_index&quot;:1,&quot;_us_grid_post_type&quot;:&quot;us_portfolio&quot;}}'><\/div>\r\n\t<\/div><\/div><\/div><\/div><\/div><\/div><\/section>\n<\/div>","protected":false},"excerpt":{"rendered":"Oficinas administrativas Under ArmourCliente WBA Arquitectos Categor\u00eda OFICINAS Ubicaci\u00f3n CIUDAD DE PANAM\u00c1 PANAM\u00c1 Servicio Dise\u00f1o y planos constructivos (ingenier\u00eda el\u00e9ctrica y mec\u00e1nica) \u00c1rea 2046 m2","protected":false},"author":1,"featured_media":0,"parent":0,"menu_order":0,"comment_status":"closed","ping_status":"closed","template":"","meta":{"nf_dc_page":"","footnotes":""},"class_list":["post-8436","page","type-page","status-publish","hentry"],"_links":{"self":[{"href":"https:\/\/lerkarmedia.com\/gci\/wp-json\/wp\/v2\/pages\/8436","targetHints":{"allow":["GET"]}}],"collection":[{"href":"https:\/\/lerkarmedia.com\/gci\/wp-json\/wp\/v2\/pages"}],"about":[{"href":"https:\/\/lerkarmedia.com\/gci\/wp-json\/wp\/v2\/types\/page"}],"author":[{"embeddable":true,"href":"https:\/\/lerkarmedia.com\/gci\/wp-json\/wp\/v2\/users\/1"}],"replies":[{"embeddable":true,"href":"https:\/\/lerkarmedia.com\/gci\/wp-json\/wp\/v2\/comments?post=8436"}],"version-history":[{"count":5,"href":"https:\/\/lerkarmedia.com\/gci\/wp-json\/wp\/v2\/pages\/8436\/revisions"}],"predecessor-version":[{"id":8756,"href":"https:\/\/lerkarmedia.com\/gci\/wp-json\/wp\/v2\/pages\/8436\/revisions\/8756"}],"wp:attachment":[{"href":"https:\/\/lerkarmedia.com\/gci\/wp-json\/wp\/v2\/media?parent=8436"}],"curies":[{"name":"wp","href":"https:\/\/api.w.org\/{rel}","templated":true}]}}