{"id":8435,"date":"2021-02-09T16:13:24","date_gmt":"2021-02-09T16:13:24","guid":{"rendered":"https:\/\/lerkarmedia.com\/gci\/?page_id=8435"},"modified":"2021-03-30T15:59:40","modified_gmt":"2021-03-30T15:59:40","slug":"publico","status":"publish","type":"page","link":"https:\/\/lerkarmedia.com\/gci\/publico\/","title":{"rendered":"P\u00fablico"},"content":{"rendered":"<div class=\"wpb-content-wrapper\"><section class=\"l-section wpb_row height_small\"><div class=\"l-section-h i-cf\"><div class=\"g-cols vc_row type_default valign_top\"><div class=\"vc_col-sm-12 wpb_column vc_column_container\"><div class=\"vc_column-inner type_sticky\"><div class=\"wpb_wrapper\"><div class=\"wpb_text_column\" ><div class=\"wpb_wrapper\"><h2>P\u00fablico<\/h2>\n<\/div><\/div><div class=\"w-separator us_custom_1f257949 size_custom with_line width_default thick_2 style_solid color_primary align_center\" style=\"height:5px\"><div class=\"w-separator-h\"><\/div><\/div><\/div><\/div><\/div><\/div><\/div><\/section><section class=\"l-section wpb_row height_auto\"><div class=\"l-section-h i-cf\"><div class=\"g-cols vc_row type_default valign_top\"><div class=\"vc_col-sm-12 wpb_column vc_column_container\"><div class=\"vc_column-inner type_sticky\"><div class=\"wpb_wrapper\"><div class=\"w-menu us_custom_771cfa3e layout_hor style_links not_responsive us_menu_1\"><ul id=\"menu-proyectos\" class=\"menu\"><li id=\"menu-item-8457\" class=\"menu-item menu-item-type-post_type menu-item-object-page menu-item-8457\"><a href=\"https:\/\/lerkarmedia.com\/gci\/aeroportuario\/\">Aeroportuario<\/a><\/li><li id=\"menu-item-8456\" class=\"menu-item menu-item-type-post_type menu-item-object-page menu-item-8456\"><a href=\"https:\/\/lerkarmedia.com\/gci\/comercial\/\">Comercial<\/a><\/li><li id=\"menu-item-8455\" class=\"menu-item menu-item-type-post_type menu-item-object-page menu-item-8455\"><a href=\"https:\/\/lerkarmedia.com\/gci\/industrial\/\">Industrial<\/a><\/li><li id=\"menu-item-8486\" class=\"menu-item menu-item-type-post_type menu-item-object-page menu-item-8486\"><a href=\"https:\/\/lerkarmedia.com\/gci\/infraestructura\/\">Infraestructura<\/a><\/li><li id=\"menu-item-8454\" class=\"menu-item menu-item-type-post_type menu-item-object-page menu-item-8454\"><a href=\"https:\/\/lerkarmedia.com\/gci\/oficina\/\">Oficinas<\/a><\/li><li id=\"menu-item-8452\" class=\"menu-item menu-item-type-post_type menu-item-object-page menu-item-8452\"><a href=\"https:\/\/lerkarmedia.com\/gci\/publico\/\">P\u00fablico<\/a><\/li><li id=\"menu-item-8453\" class=\"menu-item menu-item-type-post_type menu-item-object-page menu-item-8453\"><a href=\"https:\/\/lerkarmedia.com\/gci\/residencial\/\">Residencial<\/a><\/li><li id=\"menu-item-8450\" class=\"menu-item menu-item-type-post_type menu-item-object-page menu-item-8450\"><a href=\"https:\/\/lerkarmedia.com\/gci\/otros\/\">Otros<\/a><\/li><li id=\"menu-item-8451\" class=\"menu-item menu-item-type-post_type menu-item-object-page menu-item-8451\"><a href=\"https:\/\/lerkarmedia.com\/gci\/todos\/\">Todos<\/a><\/li><\/ul><style>.us_menu_1 .menu>li{margin-right:1.5rem}.us_menu_1 .menu>li>a{color:inherit}<\/style><\/div><\/div><\/div><\/div><\/div><\/div><\/section><section class=\"l-section wpb_row height_custom\"><div class=\"l-section-h i-cf\"><div class=\"g-cols vc_row type_default valign_top\"><div class=\"vc_col-sm-12 wpb_column vc_column_container\"><div class=\"vc_column-inner type_sticky\"><div class=\"wpb_wrapper\"><div class=\"w-grid us_custom_80a192e9 type_grid layout_8623 cols_3 ratio_4x3\" id=\"us_grid_1\" data-filterable=\"true\"><style id=\"us_grid_1_css\">#us_grid_1 .w-grid-item{padding:5px}#us_grid_1 .w-grid-list{margin:-5px -5px 5px}.w-grid + #us_grid_1 .w-grid-list{margin-top:5px}@media (max-width:899px){#us_grid_1 .w-grid-item{width:50.0000%}#us_grid_1 .w-grid-item.size_2x1,#us_grid_1 .w-grid-item.size_2x2{width:100.0000%}}@media (max-width:599px){#us_grid_1 .w-grid-list{margin:0}#us_grid_1 .w-grid-item{width:100.0000%;padding:0;margin-bottom:5px}}#us_grid_1 .w-grid-item-h:before{padding-bottom:75.0000%}<\/style><style>.layout_8623 .w-grid-item-h:before{padding-bottom:100.0000%}@media (min-width:600px){.layout_8623 .w-grid-item.size_1x2 .w-grid-item-h:before{padding-bottom:calc(200.0000% + 5px + 5px)}.layout_8623 .w-grid-item.size_2x1 .w-grid-item-h:before{padding-bottom:calc(50.0000% - 5px * 1.0000)}.layout_8623 .w-grid-item.size_2x2 .w-grid-item-h:before{padding-bottom:calc(100.0000% - 5px * 0)}}.layout_8623 .w-grid-item-h{background:#003DA5}.layout_8623 .usg_post_image_1{transition-duration:0.35s;transform-origin:50% 50%;transform:scale(1) translate(0%,0%)}.layout_8623 .w-grid-item-h:hover .usg_post_image_1{transform:scale(1.1) translate(0%,0%);opacity:0.5}.layout_8623 .usg_post_image_1{position:absolute!important;top:0!important;right:0!important;bottom:0!important;left:0!important}.layout_8623 .usg_vwrapper_1{position:absolute!important;left:0!important;bottom:0!important;right:0!important;background:linear-gradient(180deg,rgba(255,255,255,0),rgba(0,61,165,0.50))!important;padding:4rem 2rem 1.5rem 2rem!important}.layout_8623 .usg_post_title_1{color:#ffffff!important;font-weight:500!important;text-transform:uppercase!important;font-size:1.2rem!important}.layout_8623 .usg_post_taxonomy_1{color:#fff!important;font-size:0.9rem!important}<\/style><div class=\"w-grid-list\" ><article class=\"w-grid-item size_1x1 post-8237 us_portfolio type-us_portfolio status-publish has-post-thumbnail hentry us_portfolio_category-publico\" data-id=\"8237\">\r\n\t<div class=\"w-grid-item-h\">\r\n\t\t\t\t\t<a class=\"w-grid-item-anchor\" href=\"https:\/\/lerkarmedia.com\/gci\/portfolio\/mejora-de-infraestructura-fisica-deposito-libre-comercial-de-golfito\/\" rel=\"bookmark\" aria-label=\"MEJORA DE INFRAESTRUCTURA FISICA DEPOSITO LIBRE COMERCIAL DE GOLFITO\"><\/a>\r\n\t\t\t\t<div class=\"w-post-elm post_image usg_post_image_1 stretched\"><img loading=\"lazy\" decoding=\"async\" width=\"600\" height=\"400\" src=\"https:\/\/lerkarmedia.com\/gci\/wp-content\/uploads\/2021\/02\/Judesur-2.jpg\" class=\"attachment-large size-large wp-post-image\" alt=\"\" srcset=\"https:\/\/lerkarmedia.com\/gci\/wp-content\/uploads\/2021\/02\/Judesur-2.jpg 600w, https:\/\/lerkarmedia.com\/gci\/wp-content\/uploads\/2021\/02\/Judesur-2-300x200.jpg 300w\" sizes=\"auto, (max-width: 600px) 100vw, 600px\" \/><\/div><div class=\"w-vwrapper usg_vwrapper_1 align_left valign_top\"><h2 class=\"w-post-elm post_title usg_post_title_1 entry-title color_link_inherit has_text_color\">MEJORA DE INFRAESTRUCTURA FISICA DEPOSITO LIBRE COMERCIAL DE GOLFITO<\/h2><div class=\"w-post-elm post_taxonomy usg_post_taxonomy_1 style_simple color_link_inherit has_text_color\"><a href=\"https:\/\/lerkarmedia.com\/gci\/portfolio_category\/publico\/\">P\u00fablico<\/a><\/div><\/div>\t<\/div>\r\n<\/article>\r\n<article class=\"w-grid-item size_1x1 post-8238 us_portfolio type-us_portfolio status-publish has-post-thumbnail hentry us_portfolio_category-publico\" data-id=\"8238\">\r\n\t<div class=\"w-grid-item-h\">\r\n\t\t\t\t\t<a class=\"w-grid-item-anchor\" href=\"https:\/\/lerkarmedia.com\/gci\/portfolio\/sistema-pasivo-de-control-climatico\/\" rel=\"bookmark\" aria-label=\"SISTEMA PASIVO DE CONTROL CLIMATICO\"><\/a>\r\n\t\t\t\t<div class=\"w-post-elm post_image usg_post_image_1 stretched\"><img loading=\"lazy\" decoding=\"async\" width=\"618\" height=\"475\" src=\"https:\/\/lerkarmedia.com\/gci\/wp-content\/uploads\/2021\/02\/Sistema-pasivo-1.jpg\" class=\"attachment-large size-large wp-post-image\" alt=\"\" srcset=\"https:\/\/lerkarmedia.com\/gci\/wp-content\/uploads\/2021\/02\/Sistema-pasivo-1.jpg 618w, https:\/\/lerkarmedia.com\/gci\/wp-content\/uploads\/2021\/02\/Sistema-pasivo-1-300x231.jpg 300w\" sizes=\"auto, (max-width: 618px) 100vw, 618px\" \/><\/div><div class=\"w-vwrapper usg_vwrapper_1 align_left valign_top\"><h2 class=\"w-post-elm post_title usg_post_title_1 entry-title color_link_inherit has_text_color\">SISTEMA PASIVO DE CONTROL CLIMATICO<\/h2><div class=\"w-post-elm post_taxonomy usg_post_taxonomy_1 style_simple color_link_inherit has_text_color\"><a href=\"https:\/\/lerkarmedia.com\/gci\/portfolio_category\/publico\/\">P\u00fablico<\/a><\/div><\/div>\t<\/div>\r\n<\/article>\r\n<article class=\"w-grid-item size_1x1 post-8240 us_portfolio type-us_portfolio status-publish has-post-thumbnail hentry us_portfolio_category-publico\" data-id=\"8240\">\r\n\t<div class=\"w-grid-item-h\">\r\n\t\t\t\t\t<a class=\"w-grid-item-anchor\" href=\"https:\/\/lerkarmedia.com\/gci\/portfolio\/centro-cultural-de-la-banda-de-heredia\/\" rel=\"bookmark\" aria-label=\"CENTRO CULTURAL DE LA BANDA DE HEREDIA\"><\/a>\r\n\t\t\t\t<div class=\"w-post-elm post_image usg_post_image_1 stretched\"><img loading=\"lazy\" decoding=\"async\" width=\"1024\" height=\"768\" src=\"https:\/\/lerkarmedia.com\/gci\/wp-content\/uploads\/2021\/02\/aerea-desde-atras-1024x768.jpg\" class=\"attachment-large size-large wp-post-image\" alt=\"\" srcset=\"https:\/\/lerkarmedia.com\/gci\/wp-content\/uploads\/2021\/02\/aerea-desde-atras-1024x768.jpg 1024w, https:\/\/lerkarmedia.com\/gci\/wp-content\/uploads\/2021\/02\/aerea-desde-atras-300x225.jpg 300w, https:\/\/lerkarmedia.com\/gci\/wp-content\/uploads\/2021\/02\/aerea-desde-atras.jpg 1500w\" sizes=\"auto, (max-width: 1024px) 100vw, 1024px\" \/><\/div><div class=\"w-vwrapper usg_vwrapper_1 align_left valign_top\"><h2 class=\"w-post-elm post_title usg_post_title_1 entry-title color_link_inherit has_text_color\">CENTRO CULTURAL DE LA BANDA DE HEREDIA<\/h2><div class=\"w-post-elm post_taxonomy usg_post_taxonomy_1 style_simple color_link_inherit has_text_color\"><a href=\"https:\/\/lerkarmedia.com\/gci\/portfolio_category\/publico\/\">P\u00fablico<\/a><\/div><\/div>\t<\/div>\r\n<\/article>\r\n<article class=\"w-grid-item size_1x1 post-8241 us_portfolio type-us_portfolio status-publish has-post-thumbnail hentry us_portfolio_category-publico\" data-id=\"8241\">\r\n\t<div class=\"w-grid-item-h\">\r\n\t\t\t\t\t<a class=\"w-grid-item-anchor\" href=\"https:\/\/lerkarmedia.com\/gci\/portfolio\/diagnostico-y-mejora-de-infraestructura-puerto-caldera\/\" rel=\"bookmark\" aria-label=\"DIAGNOSTICO Y MEJORA DE INFRAESTRUCTURA PUERTO CALDERA\"><\/a>\r\n\t\t\t\t<div class=\"w-post-elm post_image usg_post_image_1 stretched\"><img loading=\"lazy\" decoding=\"async\" width=\"623\" height=\"475\" src=\"https:\/\/lerkarmedia.com\/gci\/wp-content\/uploads\/2021\/02\/Caldera-1.jpg\" class=\"attachment-large size-large wp-post-image\" alt=\"\" srcset=\"https:\/\/lerkarmedia.com\/gci\/wp-content\/uploads\/2021\/02\/Caldera-1.jpg 623w, https:\/\/lerkarmedia.com\/gci\/wp-content\/uploads\/2021\/02\/Caldera-1-300x229.jpg 300w\" sizes=\"auto, (max-width: 623px) 100vw, 623px\" \/><\/div><div class=\"w-vwrapper usg_vwrapper_1 align_left valign_top\"><h2 class=\"w-post-elm post_title usg_post_title_1 entry-title color_link_inherit has_text_color\">DIAGNOSTICO Y MEJORA DE INFRAESTRUCTURA PUERTO CALDERA<\/h2><div class=\"w-post-elm post_taxonomy usg_post_taxonomy_1 style_simple color_link_inherit has_text_color\"><a href=\"https:\/\/lerkarmedia.com\/gci\/portfolio_category\/publico\/\">P\u00fablico<\/a><\/div><\/div>\t<\/div>\r\n<\/article>\r\n<article class=\"w-grid-item size_1x1 post-8243 us_portfolio type-us_portfolio status-publish has-post-thumbnail hentry us_portfolio_category-publico\" data-id=\"8243\">\r\n\t<div class=\"w-grid-item-h\">\r\n\t\t\t\t\t<a class=\"w-grid-item-anchor\" href=\"https:\/\/lerkarmedia.com\/gci\/portfolio\/escuela-de-ensenanza-especial-santa-ana\/\" rel=\"bookmark\" aria-label=\"ESCUELA DE ENSE\u00d1ANZA ESPECIAL SANTA ANA\"><\/a>\r\n\t\t\t\t<div class=\"w-post-elm post_image usg_post_image_1 stretched\"><img loading=\"lazy\" decoding=\"async\" width=\"480\" height=\"360\" src=\"https:\/\/lerkarmedia.com\/gci\/wp-content\/uploads\/2021\/02\/Santa-Ana-3.jpg\" class=\"attachment-large size-large wp-post-image\" alt=\"\" srcset=\"https:\/\/lerkarmedia.com\/gci\/wp-content\/uploads\/2021\/02\/Santa-Ana-3.jpg 480w, https:\/\/lerkarmedia.com\/gci\/wp-content\/uploads\/2021\/02\/Santa-Ana-3-300x225.jpg 300w\" sizes=\"auto, (max-width: 480px) 100vw, 480px\" \/><\/div><div class=\"w-vwrapper usg_vwrapper_1 align_left valign_top\"><h2 class=\"w-post-elm post_title usg_post_title_1 entry-title color_link_inherit has_text_color\">ESCUELA DE ENSE\u00d1ANZA ESPECIAL SANTA ANA<\/h2><div class=\"w-post-elm post_taxonomy usg_post_taxonomy_1 style_simple color_link_inherit has_text_color\"><a href=\"https:\/\/lerkarmedia.com\/gci\/portfolio_category\/publico\/\">P\u00fablico<\/a><\/div><\/div>\t<\/div>\r\n<\/article>\r\n<article class=\"w-grid-item size_1x1 post-8242 us_portfolio type-us_portfolio status-publish has-post-thumbnail hentry us_portfolio_category-publico\" data-id=\"8242\">\r\n\t<div class=\"w-grid-item-h\">\r\n\t\t\t\t\t<a class=\"w-grid-item-anchor\" href=\"https:\/\/lerkarmedia.com\/gci\/portfolio\/programa-de-intervencion-integral-teatro-nacional-de-costa-rica\/\" rel=\"bookmark\" aria-label=\"PROGRAMA DE INTERVENCION INTEGRAL TEATRO NACIONAL DE COSTA RICA\"><\/a>\r\n\t\t\t\t<div class=\"w-post-elm post_image usg_post_image_1 stretched\"><img loading=\"lazy\" decoding=\"async\" width=\"623\" height=\"475\" src=\"https:\/\/lerkarmedia.com\/gci\/wp-content\/uploads\/2021\/02\/Teatro-1.jpg\" class=\"attachment-large size-large wp-post-image\" alt=\"\" srcset=\"https:\/\/lerkarmedia.com\/gci\/wp-content\/uploads\/2021\/02\/Teatro-1.jpg 623w, https:\/\/lerkarmedia.com\/gci\/wp-content\/uploads\/2021\/02\/Teatro-1-300x229.jpg 300w\" sizes=\"auto, (max-width: 623px) 100vw, 623px\" \/><\/div><div class=\"w-vwrapper usg_vwrapper_1 align_left valign_top\"><h2 class=\"w-post-elm post_title usg_post_title_1 entry-title color_link_inherit has_text_color\">PROGRAMA DE INTERVENCION INTEGRAL TEATRO NACIONAL DE COSTA RICA<\/h2><div class=\"w-post-elm post_taxonomy usg_post_taxonomy_1 style_simple color_link_inherit has_text_color\"><a href=\"https:\/\/lerkarmedia.com\/gci\/portfolio_category\/publico\/\">P\u00fablico<\/a><\/div><\/div>\t<\/div>\r\n<\/article>\r\n<article class=\"w-grid-item size_1x1 post-8244 us_portfolio type-us_portfolio status-publish has-post-thumbnail hentry us_portfolio_category-publico\" data-id=\"8244\">\r\n\t<div class=\"w-grid-item-h\">\r\n\t\t\t\t\t<a class=\"w-grid-item-anchor\" href=\"https:\/\/lerkarmedia.com\/gci\/portfolio\/liceo-los-angeles\/\" rel=\"bookmark\" aria-label=\"LICEO LOS ANGELES\"><\/a>\r\n\t\t\t\t<div class=\"w-post-elm post_image usg_post_image_1 stretched\"><img loading=\"lazy\" decoding=\"async\" width=\"1024\" height=\"642\" src=\"https:\/\/lerkarmedia.com\/gci\/wp-content\/uploads\/2021\/02\/531_LOS_ANGELES_View_1-1024x642.jpg\" class=\"attachment-large size-large wp-post-image\" alt=\"\" srcset=\"https:\/\/lerkarmedia.com\/gci\/wp-content\/uploads\/2021\/02\/531_LOS_ANGELES_View_1-1024x642.jpg 1024w, https:\/\/lerkarmedia.com\/gci\/wp-content\/uploads\/2021\/02\/531_LOS_ANGELES_View_1-300x188.jpg 300w, https:\/\/lerkarmedia.com\/gci\/wp-content\/uploads\/2021\/02\/531_LOS_ANGELES_View_1.jpg 1500w\" sizes=\"auto, (max-width: 1024px) 100vw, 1024px\" \/><\/div><div class=\"w-vwrapper usg_vwrapper_1 align_left valign_top\"><h2 class=\"w-post-elm post_title usg_post_title_1 entry-title color_link_inherit has_text_color\">LICEO LOS ANGELES<\/h2><div class=\"w-post-elm post_taxonomy usg_post_taxonomy_1 style_simple color_link_inherit has_text_color\"><a href=\"https:\/\/lerkarmedia.com\/gci\/portfolio_category\/publico\/\">P\u00fablico<\/a><\/div><\/div>\t<\/div>\r\n<\/article>\r\n<article class=\"w-grid-item size_1x1 post-8195 us_portfolio type-us_portfolio status-publish has-post-thumbnail hentry us_portfolio_category-publico us_portfolio_tag-home\" data-id=\"8195\">\r\n\t<div class=\"w-grid-item-h\">\r\n\t\t\t\t\t<a class=\"w-grid-item-anchor\" href=\"https:\/\/lerkarmedia.com\/gci\/portfolio\/tolva-de-biomasa\/\" rel=\"bookmark\" aria-label=\"READECUACION E IMPERMEABILIZACION PLAZA DE LA CULTURA\"><\/a>\r\n\t\t\t\t<div class=\"w-post-elm post_image usg_post_image_1 stretched\"><img loading=\"lazy\" decoding=\"async\" width=\"619\" height=\"475\" src=\"https:\/\/lerkarmedia.com\/gci\/wp-content\/uploads\/2021\/02\/Plaza-de-la-Cultura.jpg\" class=\"attachment-large size-large wp-post-image\" alt=\"\" srcset=\"https:\/\/lerkarmedia.com\/gci\/wp-content\/uploads\/2021\/02\/Plaza-de-la-Cultura.jpg 619w, https:\/\/lerkarmedia.com\/gci\/wp-content\/uploads\/2021\/02\/Plaza-de-la-Cultura-300x230.jpg 300w\" sizes=\"auto, (max-width: 619px) 100vw, 619px\" \/><\/div><div class=\"w-vwrapper usg_vwrapper_1 align_left valign_top\"><h2 class=\"w-post-elm post_title usg_post_title_1 entry-title color_link_inherit has_text_color\">READECUACION E IMPERMEABILIZACION PLAZA DE LA CULTURA<\/h2><div class=\"w-post-elm post_taxonomy usg_post_taxonomy_1 style_simple color_link_inherit has_text_color\"><a href=\"https:\/\/lerkarmedia.com\/gci\/portfolio_category\/publico\/\">P\u00fablico<\/a><\/div><\/div>\t<\/div>\r\n<\/article>\r\n<article class=\"w-grid-item size_1x1 post-330 us_portfolio type-us_portfolio status-publish has-post-thumbnail hentry us_portfolio_category-publico\" data-id=\"330\">\r\n\t<div class=\"w-grid-item-h\">\r\n\t\t\t\t\t<a class=\"w-grid-item-anchor\" href=\"https:\/\/lerkarmedia.com\/gci\/portfolio\/project-example-1-magazine\/\" rel=\"bookmark\" aria-label=\"INSTITUTO DE EDUCACION GENERAL BASICA COLONIA DEL VALLE\"><\/a>\r\n\t\t\t\t<div class=\"w-post-elm post_image usg_post_image_1 stretched\"><img loading=\"lazy\" decoding=\"async\" width=\"1024\" height=\"769\" src=\"https:\/\/lerkarmedia.com\/gci\/wp-content\/uploads\/2014\/09\/Captura-de-pantalla-2021-01-07-a-las-11.32.45-1-1024x769.png\" class=\"attachment-large size-large wp-post-image\" alt=\"\" srcset=\"https:\/\/lerkarmedia.com\/gci\/wp-content\/uploads\/2014\/09\/Captura-de-pantalla-2021-01-07-a-las-11.32.45-1-1024x769.png 1024w, https:\/\/lerkarmedia.com\/gci\/wp-content\/uploads\/2014\/09\/Captura-de-pantalla-2021-01-07-a-las-11.32.45-1-300x225.png 300w, https:\/\/lerkarmedia.com\/gci\/wp-content\/uploads\/2014\/09\/Captura-de-pantalla-2021-01-07-a-las-11.32.45-1.png 1252w\" sizes=\"auto, (max-width: 1024px) 100vw, 1024px\" \/><\/div><div class=\"w-vwrapper usg_vwrapper_1 align_left valign_top\"><h2 class=\"w-post-elm post_title usg_post_title_1 entry-title color_link_inherit has_text_color\">INSTITUTO DE EDUCACION GENERAL BASICA COLONIA DEL VALLE<\/h2><div class=\"w-post-elm post_taxonomy usg_post_taxonomy_1 style_simple color_link_inherit has_text_color\"><a href=\"https:\/\/lerkarmedia.com\/gci\/portfolio_category\/publico\/\">P\u00fablico<\/a><\/div><\/div>\t<\/div>\r\n<\/article>\r\n<article class=\"w-grid-item size_1x1 post-8239 us_portfolio type-us_portfolio status-publish has-post-thumbnail hentry us_portfolio_category-publico\" data-id=\"8239\">\r\n\t<div class=\"w-grid-item-h\">\r\n\t\t\t\t\t<a class=\"w-grid-item-anchor\" href=\"https:\/\/lerkarmedia.com\/gci\/portfolio\/estaciones-de-bombeo-puentes-y-remodelacion-de-estacion-de-preacondicionamiento-de-aguas-residuales-limon-ciudad-puerto\/\" rel=\"bookmark\" aria-label=\"ESTACIONES DE BOMBEO, PUENTES Y REMODELACION DE ESTACION DE PREACONDICIONAMIENTO DE AGUAS RESIDUALES LIMON CIUDAD PUERTO\"><\/a>\r\n\t\t\t\t<div class=\"w-post-elm post_image usg_post_image_1 stretched\"><img loading=\"lazy\" decoding=\"async\" width=\"1024\" height=\"545\" src=\"https:\/\/lerkarmedia.com\/gci\/wp-content\/uploads\/2021\/02\/Captura-de-pantalla-2021-02-02-a-las-18.13.16-1024x545.jpg\" class=\"attachment-large size-large wp-post-image\" alt=\"\" srcset=\"https:\/\/lerkarmedia.com\/gci\/wp-content\/uploads\/2021\/02\/Captura-de-pantalla-2021-02-02-a-las-18.13.16-1024x545.jpg 1024w, https:\/\/lerkarmedia.com\/gci\/wp-content\/uploads\/2021\/02\/Captura-de-pantalla-2021-02-02-a-las-18.13.16-300x160.jpg 300w, https:\/\/lerkarmedia.com\/gci\/wp-content\/uploads\/2021\/02\/Captura-de-pantalla-2021-02-02-a-las-18.13.16-1536x818.jpg 1536w, https:\/\/lerkarmedia.com\/gci\/wp-content\/uploads\/2021\/02\/Captura-de-pantalla-2021-02-02-a-las-18.13.16.jpg 1629w\" sizes=\"auto, (max-width: 1024px) 100vw, 1024px\" \/><\/div><div class=\"w-vwrapper usg_vwrapper_1 align_left valign_top\"><h2 class=\"w-post-elm post_title usg_post_title_1 entry-title color_link_inherit has_text_color\">ESTACIONES DE BOMBEO, PUENTES Y REMODELACION DE ESTACION DE PREACONDICIONAMIENTO DE AGUAS RESIDUALES LIMON CIUDAD PUERTO<\/h2><div class=\"w-post-elm post_taxonomy usg_post_taxonomy_1 style_simple color_link_inherit has_text_color\"><a href=\"https:\/\/lerkarmedia.com\/gci\/portfolio_category\/publico\/\">P\u00fablico<\/a><\/div><\/div>\t<\/div>\r\n<\/article>\r\n<\/div><div class=\"w-grid-preloader\"><div class=\"g-preloader type_custom\">\r\n\t<div><img loading=\"lazy\" decoding=\"async\" width=\"300\" height=\"152\" src=\"https:\/\/lerkarmedia.com\/gci\/wp-content\/uploads\/2021\/01\/GCI_Logos-300x152.png\" class=\"attachment-medium size-medium\" alt=\"\" srcset=\"https:\/\/lerkarmedia.com\/gci\/wp-content\/uploads\/2021\/01\/GCI_Logos-300x152.png 300w, https:\/\/lerkarmedia.com\/gci\/wp-content\/uploads\/2021\/01\/GCI_Logos.png 543w\" sizes=\"auto, (max-width: 300px) 100vw, 300px\" \/><\/div>\r\n<\/div>\r\n<\/div>\t<div class=\"w-grid-json hidden\" onclick='return {&quot;action&quot;:&quot;us_ajax_grid&quot;,&quot;ajax_url&quot;:&quot;https:\\\/\\\/lerkarmedia.com\\\/gci\\\/wp-admin\\\/admin-ajax.php&quot;,&quot;infinite_scroll&quot;:0,&quot;max_num_pages&quot;:1,&quot;pagination&quot;:&quot;ajax&quot;,&quot;permalink_url&quot;:&quot;https:\\\/\\\/lerkarmedia.com\\\/gci\\\/wp-json\\\/wp\\\/v2\\\/pages\\\/8435&quot;,&quot;template_vars&quot;:{&quot;columns&quot;:&quot;3&quot;,&quot;exclude_items&quot;:&quot;none&quot;,&quot;img_size&quot;:&quot;default&quot;,&quot;ignore_items_size&quot;:false,&quot;items_layout&quot;:&quot;8623&quot;,&quot;items_offset&quot;:&quot;1&quot;,&quot;load_animation&quot;:&quot;none&quot;,&quot;overriding_link&quot;:&quot;post&quot;,&quot;post_id&quot;:8435,&quot;query_args&quot;:{&quot;post_type&quot;:[&quot;us_portfolio&quot;],&quot;tax_query&quot;:[{&quot;taxonomy&quot;:&quot;us_portfolio_category&quot;,&quot;field&quot;:&quot;slug&quot;,&quot;terms&quot;:[&quot;publico&quot;]}],&quot;post_status&quot;:[&quot;publish&quot;],&quot;posts_per_page&quot;:&quot;90&quot;},&quot;orderby_query_args&quot;:{&quot;orderby&quot;:{&quot;date&quot;:&quot;DESC&quot;}},&quot;type&quot;:&quot;grid&quot;,&quot;us_grid_ajax_index&quot;:1,&quot;us_grid_filter_params&quot;:null,&quot;us_grid_index&quot;:1,&quot;_us_grid_post_type&quot;:&quot;us_portfolio&quot;}}'><\/div>\r\n\t<\/div><\/div><\/div><\/div><\/div><\/div><\/section>\n<\/div>","protected":false},"excerpt":{"rendered":"ESTACIONES DE BOMBEO, PUENTES Y REMODELACION DE ESTACION DE PREACONDICIONAMIENTO DE AGUAS RESIDUALES LIMON CIUDAD PUERTOCliente INSTITUTO COSTARRICENSE DE ACUEDUCTOS Y ALCANTARILLADOS Categor\u00eda PUBLICO Ubicaci\u00f3n LIMON COSTA RICA Servicio Dise\u00f1o y planos constructivos (ingenier\u00eda estructural) \u00c1rea 2500 m2","protected":false},"author":1,"featured_media":0,"parent":0,"menu_order":0,"comment_status":"closed","ping_status":"closed","template":"","meta":{"nf_dc_page":"","footnotes":""},"class_list":["post-8435","page","type-page","status-publish","hentry"],"_links":{"self":[{"href":"https:\/\/lerkarmedia.com\/gci\/wp-json\/wp\/v2\/pages\/8435","targetHints":{"allow":["GET"]}}],"collection":[{"href":"https:\/\/lerkarmedia.com\/gci\/wp-json\/wp\/v2\/pages"}],"about":[{"href":"https:\/\/lerkarmedia.com\/gci\/wp-json\/wp\/v2\/types\/page"}],"author":[{"embeddable":true,"href":"https:\/\/lerkarmedia.com\/gci\/wp-json\/wp\/v2\/users\/1"}],"replies":[{"embeddable":true,"href":"https:\/\/lerkarmedia.com\/gci\/wp-json\/wp\/v2\/comments?post=8435"}],"version-history":[{"count":5,"href":"https:\/\/lerkarmedia.com\/gci\/wp-json\/wp\/v2\/pages\/8435\/revisions"}],"predecessor-version":[{"id":8757,"href":"https:\/\/lerkarmedia.com\/gci\/wp-json\/wp\/v2\/pages\/8435\/revisions\/8757"}],"wp:attachment":[{"href":"https:\/\/lerkarmedia.com\/gci\/wp-json\/wp\/v2\/media?parent=8435"}],"curies":[{"name":"wp","href":"https:\/\/api.w.org\/{rel}","templated":true}]}}