{"id":8433,"date":"2021-02-09T16:11:08","date_gmt":"2021-02-09T16:11:08","guid":{"rendered":"https:\/\/lerkarmedia.com\/gci\/?page_id=8433"},"modified":"2021-04-22T17:02:06","modified_gmt":"2021-04-22T17:02:06","slug":"aeroportuario","status":"publish","type":"page","link":"https:\/\/lerkarmedia.com\/gci\/aeroportuario\/","title":{"rendered":"Aeroportuario"},"content":{"rendered":"<div class=\"wpb-content-wrapper\"><section class=\"l-section wpb_row height_small\"><div class=\"l-section-h i-cf\"><div class=\"g-cols vc_row type_default valign_top\"><div class=\"vc_col-sm-12 wpb_column vc_column_container\"><div class=\"vc_column-inner type_sticky\"><div class=\"wpb_wrapper\"><div class=\"wpb_text_column\" ><div class=\"wpb_wrapper\"><h2>Aeroportuario<\/h2>\n<\/div><\/div><div class=\"w-separator us_custom_1f257949 size_custom with_line width_default thick_2 style_solid color_primary align_center\" style=\"height:5px\"><div class=\"w-separator-h\"><\/div><\/div><\/div><\/div><\/div><\/div><\/div><\/section><section class=\"l-section wpb_row height_auto\"><div class=\"l-section-h i-cf\"><div class=\"g-cols vc_row type_default valign_top\"><div class=\"vc_col-sm-12 wpb_column vc_column_container\"><div class=\"vc_column-inner type_sticky\"><div class=\"wpb_wrapper\"><div class=\"w-menu us_custom_771cfa3e layout_hor style_links not_responsive us_menu_1\"><ul id=\"menu-proyectos\" class=\"menu\"><li id=\"menu-item-8457\" class=\"menu-item menu-item-type-post_type menu-item-object-page menu-item-8457\"><a href=\"https:\/\/lerkarmedia.com\/gci\/aeroportuario\/\">Aeroportuario<\/a><\/li><li id=\"menu-item-8456\" class=\"menu-item menu-item-type-post_type menu-item-object-page menu-item-8456\"><a href=\"https:\/\/lerkarmedia.com\/gci\/comercial\/\">Comercial<\/a><\/li><li id=\"menu-item-8455\" class=\"menu-item menu-item-type-post_type menu-item-object-page menu-item-8455\"><a href=\"https:\/\/lerkarmedia.com\/gci\/industrial\/\">Industrial<\/a><\/li><li id=\"menu-item-8486\" class=\"menu-item menu-item-type-post_type menu-item-object-page menu-item-8486\"><a href=\"https:\/\/lerkarmedia.com\/gci\/infraestructura\/\">Infraestructura<\/a><\/li><li id=\"menu-item-8454\" class=\"menu-item menu-item-type-post_type menu-item-object-page menu-item-8454\"><a href=\"https:\/\/lerkarmedia.com\/gci\/oficina\/\">Oficinas<\/a><\/li><li id=\"menu-item-8452\" class=\"menu-item menu-item-type-post_type menu-item-object-page menu-item-8452\"><a href=\"https:\/\/lerkarmedia.com\/gci\/publico\/\">P\u00fablico<\/a><\/li><li id=\"menu-item-8453\" class=\"menu-item menu-item-type-post_type menu-item-object-page menu-item-8453\"><a href=\"https:\/\/lerkarmedia.com\/gci\/residencial\/\">Residencial<\/a><\/li><li id=\"menu-item-8450\" class=\"menu-item menu-item-type-post_type menu-item-object-page menu-item-8450\"><a href=\"https:\/\/lerkarmedia.com\/gci\/otros\/\">Otros<\/a><\/li><li id=\"menu-item-8451\" class=\"menu-item menu-item-type-post_type menu-item-object-page menu-item-8451\"><a href=\"https:\/\/lerkarmedia.com\/gci\/todos\/\">Todos<\/a><\/li><\/ul><style>.us_menu_1 .menu>li{margin-right:1.5rem}.us_menu_1 .menu>li>a{color:inherit}<\/style><\/div><\/div><\/div><\/div><\/div><\/div><\/section><section class=\"l-section wpb_row height_custom\"><div class=\"l-section-h i-cf\"><div class=\"g-cols vc_row type_default valign_top\"><div class=\"vc_col-sm-12 wpb_column vc_column_container\"><div class=\"vc_column-inner type_sticky\"><div class=\"wpb_wrapper\"><div class=\"w-grid us_custom_80a192e9 type_grid layout_8623 cols_2 ratio_4x3\" id=\"us_grid_1\" data-filterable=\"true\"><style id=\"us_grid_1_css\">#us_grid_1 .w-grid-item{padding:5px}#us_grid_1 .w-grid-list{margin:-5px -5px 5px}.w-grid + #us_grid_1 .w-grid-list{margin-top:5px}@media (max-width:599px){#us_grid_1 .w-grid-list{margin:0}#us_grid_1 .w-grid-item{width:100.0000%;padding:0;margin-bottom:5px}}#us_grid_1 .w-grid-item-h:before{padding-bottom:75.0000%}<\/style><style>.layout_8623 .w-grid-item-h:before{padding-bottom:100.0000%}@media (min-width:600px){.layout_8623 .w-grid-item.size_1x2 .w-grid-item-h:before{padding-bottom:calc(200.0000% + 5px + 5px)}.layout_8623 .w-grid-item.size_2x1 .w-grid-item-h:before{padding-bottom:calc(50.0000% - 5px * 1.0000)}.layout_8623 .w-grid-item.size_2x2 .w-grid-item-h:before{padding-bottom:calc(100.0000% - 5px * 0)}}.layout_8623 .w-grid-item-h{background:#003DA5}.layout_8623 .usg_post_image_1{transition-duration:0.35s;transform-origin:50% 50%;transform:scale(1) translate(0%,0%)}.layout_8623 .w-grid-item-h:hover .usg_post_image_1{transform:scale(1.1) translate(0%,0%);opacity:0.5}.layout_8623 .usg_post_image_1{position:absolute!important;top:0!important;right:0!important;bottom:0!important;left:0!important}.layout_8623 .usg_vwrapper_1{position:absolute!important;left:0!important;bottom:0!important;right:0!important;background:linear-gradient(180deg,rgba(255,255,255,0),rgba(0,61,165,0.50))!important;padding:4rem 2rem 1.5rem 2rem!important}.layout_8623 .usg_post_title_1{color:#ffffff!important;font-weight:500!important;text-transform:uppercase!important;font-size:1.2rem!important}.layout_8623 .usg_post_taxonomy_1{color:#fff!important;font-size:0.9rem!important}<\/style><div class=\"w-grid-list\" ><article class=\"w-grid-item size_1x1 post-340 us_portfolio type-us_portfolio status-publish has-post-thumbnail hentry us_portfolio_category-aeroportuario us_portfolio_tag-home\" data-id=\"340\">\r\n\t<div class=\"w-grid-item-h\">\r\n\t\t\t\t\t<a class=\"w-grid-item-anchor\" href=\"https:\/\/lerkarmedia.com\/gci\/portfolio\/project-example-1-square-book\/\" rel=\"bookmark\" aria-label=\"HANGAR DE COOPESA PARA MANTENIMIENTO DE AERONAVES\"><\/a>\r\n\t\t\t\t<div class=\"w-post-elm post_image usg_post_image_1 stretched\"><img loading=\"lazy\" decoding=\"async\" width=\"1024\" height=\"834\" src=\"https:\/\/lerkarmedia.com\/gci\/wp-content\/uploads\/2014\/09\/3D_View_5-1024x834.jpg\" class=\"attachment-large size-large wp-post-image\" alt=\"\" srcset=\"https:\/\/lerkarmedia.com\/gci\/wp-content\/uploads\/2014\/09\/3D_View_5-1024x834.jpg 1024w, https:\/\/lerkarmedia.com\/gci\/wp-content\/uploads\/2014\/09\/3D_View_5-300x244.jpg 300w, https:\/\/lerkarmedia.com\/gci\/wp-content\/uploads\/2014\/09\/3D_View_5.jpg 1500w\" sizes=\"auto, (max-width: 1024px) 100vw, 1024px\" \/><\/div><div class=\"w-vwrapper usg_vwrapper_1 align_left valign_top\"><h2 class=\"w-post-elm post_title usg_post_title_1 entry-title color_link_inherit has_text_color\">HANGAR DE COOPESA PARA MANTENIMIENTO DE AERONAVES<\/h2><div class=\"w-post-elm post_taxonomy usg_post_taxonomy_1 style_simple color_link_inherit has_text_color\"><a href=\"https:\/\/lerkarmedia.com\/gci\/portfolio_category\/aeroportuario\/\">Aeroportuario<\/a><\/div><\/div>\t<\/div>\r\n<\/article>\r\n<article class=\"w-grid-item size_1x1 post-8049 us_portfolio type-us_portfolio status-publish has-post-thumbnail hentry us_portfolio_category-aeroportuario\" data-id=\"8049\">\r\n\t<div class=\"w-grid-item-h\">\r\n\t\t\t\t\t<a class=\"w-grid-item-anchor\" href=\"https:\/\/lerkarmedia.com\/gci\/portfolio\/sistema-de-proteccion-contra-incendio-hangar-aeropuerto-internacional-de-tocumen\/\" rel=\"bookmark\" aria-label=\"SISTEMA DE PROTECCION CONTRA INCENDIO HANGAR AEROPUERTO INTERNACIONAL DE TOCUMEN\"><\/a>\r\n\t\t\t\t<div class=\"w-post-elm post_image usg_post_image_1 stretched\"><img loading=\"lazy\" decoding=\"async\" width=\"1024\" height=\"768\" src=\"https:\/\/lerkarmedia.com\/gci\/wp-content\/uploads\/2021\/02\/image-4-1024x768.jpg\" class=\"attachment-large size-large wp-post-image\" alt=\"\" srcset=\"https:\/\/lerkarmedia.com\/gci\/wp-content\/uploads\/2021\/02\/image-4-1024x768.jpg 1024w, https:\/\/lerkarmedia.com\/gci\/wp-content\/uploads\/2021\/02\/image-4-300x225.jpg 300w, https:\/\/lerkarmedia.com\/gci\/wp-content\/uploads\/2021\/02\/image-4-1536x1152.jpg 1536w, https:\/\/lerkarmedia.com\/gci\/wp-content\/uploads\/2021\/02\/image-4.jpg 1632w\" sizes=\"auto, (max-width: 1024px) 100vw, 1024px\" \/><\/div><div class=\"w-vwrapper usg_vwrapper_1 align_left valign_top\"><h2 class=\"w-post-elm post_title usg_post_title_1 entry-title color_link_inherit has_text_color\">SISTEMA DE PROTECCION CONTRA INCENDIO HANGAR AEROPUERTO INTERNACIONAL DE TOCUMEN<\/h2><div class=\"w-post-elm post_taxonomy usg_post_taxonomy_1 style_simple color_link_inherit has_text_color\"><a href=\"https:\/\/lerkarmedia.com\/gci\/portfolio_category\/aeroportuario\/\">Aeroportuario<\/a><\/div><\/div>\t<\/div>\r\n<\/article>\r\n<article class=\"w-grid-item size_1x1 post-8051 us_portfolio type-us_portfolio status-publish has-post-thumbnail hentry us_portfolio_category-aeroportuario\" data-id=\"8051\">\r\n\t<div class=\"w-grid-item-h\">\r\n\t\t\t\t\t<a class=\"w-grid-item-anchor\" href=\"https:\/\/lerkarmedia.com\/gci\/portfolio\/daniel-oduber\/\" rel=\"bookmark\" aria-label=\"AUDITORIA TECNICA PARA RECEPCION DE OBRAS DE CONCESI\u00d3N AEROPUERTO INTERNACIONAL DANIEL ODUBER\"><\/a>\r\n\t\t\t\t<div class=\"w-post-elm post_image usg_post_image_1 stretched\"><img loading=\"lazy\" decoding=\"async\" width=\"440\" height=\"281\" src=\"https:\/\/lerkarmedia.com\/gci\/wp-content\/uploads\/2021\/02\/Daniel-Oduber-2.png\" class=\"attachment-large size-large wp-post-image\" alt=\"\" srcset=\"https:\/\/lerkarmedia.com\/gci\/wp-content\/uploads\/2021\/02\/Daniel-Oduber-2.png 440w, https:\/\/lerkarmedia.com\/gci\/wp-content\/uploads\/2021\/02\/Daniel-Oduber-2-300x192.png 300w\" sizes=\"auto, (max-width: 440px) 100vw, 440px\" \/><\/div><div class=\"w-vwrapper usg_vwrapper_1 align_left valign_top\"><h2 class=\"w-post-elm post_title usg_post_title_1 entry-title color_link_inherit has_text_color\">AUDITORIA TECNICA PARA RECEPCION DE OBRAS DE CONCESI\u00d3N AEROPUERTO INTERNACIONAL DANIEL ODUBER<\/h2><div class=\"w-post-elm post_taxonomy usg_post_taxonomy_1 style_simple color_link_inherit has_text_color\"><a href=\"https:\/\/lerkarmedia.com\/gci\/portfolio_category\/aeroportuario\/\">Aeroportuario<\/a><\/div><\/div>\t<\/div>\r\n<\/article>\r\n<article class=\"w-grid-item size_1x1 post-8052 us_portfolio type-us_portfolio status-publish has-post-thumbnail hentry us_portfolio_category-aeroportuario\" data-id=\"8052\">\r\n\t<div class=\"w-grid-item-h\">\r\n\t\t\t\t\t<a class=\"w-grid-item-anchor\" href=\"https:\/\/lerkarmedia.com\/gci\/portfolio\/comedor-de-empleados\/\" rel=\"bookmark\" aria-label=\"COMEDOR DE EMPLEADOS AEROPUERTO INTERNACIONAL JUAN SANTAMARIA\"><\/a>\r\n\t\t\t\t<div class=\"w-post-elm post_image usg_post_image_1 stretched\"><img loading=\"lazy\" decoding=\"async\" width=\"259\" height=\"194\" src=\"https:\/\/lerkarmedia.com\/gci\/wp-content\/uploads\/2021\/02\/1-Comedor-de-empleados.jpg\" class=\"attachment-large size-large wp-post-image\" alt=\"\" \/><\/div><div class=\"w-vwrapper usg_vwrapper_1 align_left valign_top\"><h2 class=\"w-post-elm post_title usg_post_title_1 entry-title color_link_inherit has_text_color\">COMEDOR DE EMPLEADOS AEROPUERTO INTERNACIONAL JUAN SANTAMARIA<\/h2><div class=\"w-post-elm post_taxonomy usg_post_taxonomy_1 style_simple color_link_inherit has_text_color\"><a href=\"https:\/\/lerkarmedia.com\/gci\/portfolio_category\/aeroportuario\/\">Aeroportuario<\/a><\/div><\/div>\t<\/div>\r\n<\/article>\r\n<article class=\"w-grid-item size_1x1 post-8053 us_portfolio type-us_portfolio status-publish has-post-thumbnail hentry us_portfolio_category-aeroportuario\" data-id=\"8053\">\r\n\t<div class=\"w-grid-item-h\">\r\n\t\t\t\t\t<a class=\"w-grid-item-anchor\" href=\"https:\/\/lerkarmedia.com\/gci\/portfolio\/infill\/\" rel=\"bookmark\" aria-label=\"AMPLIACION TERMINAL INTERNACIONAL AEROPUERTO INTERNACIONAL JUAN SANTAMARIA &#8220;EDIFICIO &#8220;INFILL&#8221;\"><\/a>\r\n\t\t\t\t<div class=\"w-post-elm post_image usg_post_image_1 stretched\"><img loading=\"lazy\" decoding=\"async\" width=\"1024\" height=\"533\" src=\"https:\/\/lerkarmedia.com\/gci\/wp-content\/uploads\/2021\/02\/Captura-de-pantalla-2021-02-03-a-las-14.31.41-1024x533.png\" class=\"attachment-large size-large wp-post-image\" alt=\"\" srcset=\"https:\/\/lerkarmedia.com\/gci\/wp-content\/uploads\/2021\/02\/Captura-de-pantalla-2021-02-03-a-las-14.31.41-1024x533.png 1024w, https:\/\/lerkarmedia.com\/gci\/wp-content\/uploads\/2021\/02\/Captura-de-pantalla-2021-02-03-a-las-14.31.41-300x156.png 300w, https:\/\/lerkarmedia.com\/gci\/wp-content\/uploads\/2021\/02\/Captura-de-pantalla-2021-02-03-a-las-14.31.41-1536x799.png 1536w, https:\/\/lerkarmedia.com\/gci\/wp-content\/uploads\/2021\/02\/Captura-de-pantalla-2021-02-03-a-las-14.31.41.png 1665w\" sizes=\"auto, (max-width: 1024px) 100vw, 1024px\" \/><\/div><div class=\"w-vwrapper usg_vwrapper_1 align_left valign_top\"><h2 class=\"w-post-elm post_title usg_post_title_1 entry-title color_link_inherit has_text_color\">AMPLIACION TERMINAL INTERNACIONAL AEROPUERTO INTERNACIONAL JUAN SANTAMARIA &#8220;EDIFICIO &#8220;INFILL&#8221;<\/h2><div class=\"w-post-elm post_taxonomy usg_post_taxonomy_1 style_simple color_link_inherit has_text_color\"><a href=\"https:\/\/lerkarmedia.com\/gci\/portfolio_category\/aeroportuario\/\">Aeroportuario<\/a><\/div><\/div>\t<\/div>\r\n<\/article>\r\n<article class=\"w-grid-item size_1x1 post-8055 us_portfolio type-us_portfolio status-publish has-post-thumbnail hentry us_portfolio_category-aeroportuario\" data-id=\"8055\">\r\n\t<div class=\"w-grid-item-h\">\r\n\t\t\t\t\t<a class=\"w-grid-item-anchor\" href=\"https:\/\/lerkarmedia.com\/gci\/portfolio\/terminal-domestica\/\" rel=\"bookmark\" aria-label=\"TERMINAL DOMESTICA AEROPUERTO INTERNACIONAL JUAN SANTAMARIA\"><\/a>\r\n\t\t\t\t<div class=\"w-post-elm post_image usg_post_image_1 stretched\"><img loading=\"lazy\" decoding=\"async\" width=\"512\" height=\"288\" src=\"https:\/\/lerkarmedia.com\/gci\/wp-content\/uploads\/2021\/02\/1-Terminal-domestica.jpg\" class=\"attachment-large size-large wp-post-image\" alt=\"\" srcset=\"https:\/\/lerkarmedia.com\/gci\/wp-content\/uploads\/2021\/02\/1-Terminal-domestica.jpg 512w, https:\/\/lerkarmedia.com\/gci\/wp-content\/uploads\/2021\/02\/1-Terminal-domestica-300x169.jpg 300w\" sizes=\"auto, (max-width: 512px) 100vw, 512px\" \/><\/div><div class=\"w-vwrapper usg_vwrapper_1 align_left valign_top\"><h2 class=\"w-post-elm post_title usg_post_title_1 entry-title color_link_inherit has_text_color\">TERMINAL DOMESTICA AEROPUERTO INTERNACIONAL JUAN SANTAMARIA<\/h2><div class=\"w-post-elm post_taxonomy usg_post_taxonomy_1 style_simple color_link_inherit has_text_color\"><a href=\"https:\/\/lerkarmedia.com\/gci\/portfolio_category\/aeroportuario\/\">Aeroportuario<\/a><\/div><\/div>\t<\/div>\r\n<\/article>\r\n<article class=\"w-grid-item size_1x1 post-8054 us_portfolio type-us_portfolio status-publish has-post-thumbnail hentry us_portfolio_category-aeroportuario\" data-id=\"8054\">\r\n\t<div class=\"w-grid-item-h\">\r\n\t\t\t\t\t<a class=\"w-grid-item-anchor\" href=\"https:\/\/lerkarmedia.com\/gci\/portfolio\/iluminacion-de-pista\/\" rel=\"bookmark\" aria-label=\"ILUMINACION DE PISTA DE ATERRIZAJE AEROPUERTO INTERNACIONAL JUAN SANTAMARIA\"><\/a>\r\n\t\t\t\t<div class=\"w-post-elm post_image usg_post_image_1 stretched\"><img loading=\"lazy\" decoding=\"async\" width=\"768\" height=\"1024\" src=\"https:\/\/lerkarmedia.com\/gci\/wp-content\/uploads\/2021\/02\/IMG_4035-768x1024.jpg\" class=\"attachment-large size-large wp-post-image\" alt=\"\" srcset=\"https:\/\/lerkarmedia.com\/gci\/wp-content\/uploads\/2021\/02\/IMG_4035-768x1024.jpg 768w, https:\/\/lerkarmedia.com\/gci\/wp-content\/uploads\/2021\/02\/IMG_4035-225x300.jpg 225w, https:\/\/lerkarmedia.com\/gci\/wp-content\/uploads\/2021\/02\/IMG_4035-1152x1536.jpg 1152w, https:\/\/lerkarmedia.com\/gci\/wp-content\/uploads\/2021\/02\/IMG_4035.jpg 1512w\" sizes=\"auto, (max-width: 768px) 100vw, 768px\" \/><\/div><div class=\"w-vwrapper usg_vwrapper_1 align_left valign_top\"><h2 class=\"w-post-elm post_title usg_post_title_1 entry-title color_link_inherit has_text_color\">ILUMINACION DE PISTA DE ATERRIZAJE AEROPUERTO INTERNACIONAL JUAN SANTAMARIA<\/h2><div class=\"w-post-elm post_taxonomy usg_post_taxonomy_1 style_simple color_link_inherit has_text_color\"><a href=\"https:\/\/lerkarmedia.com\/gci\/portfolio_category\/aeroportuario\/\">Aeroportuario<\/a><\/div><\/div>\t<\/div>\r\n<\/article>\r\n<article class=\"w-grid-item size_1x1 post-8058 us_portfolio type-us_portfolio status-publish has-post-thumbnail hentry us_portfolio_category-aeroportuario\" data-id=\"8058\">\r\n\t<div class=\"w-grid-item-h\">\r\n\t\t\t\t\t<a class=\"w-grid-item-anchor\" href=\"https:\/\/lerkarmedia.com\/gci\/portfolio\/rampa-de-carga\/\" rel=\"bookmark\" aria-label=\"RAMPA DE CARGA AEROPUERTO INTERNACIONAL JUAN SANTAMAR\u00cdA\"><\/a>\r\n\t\t\t\t<div class=\"w-post-elm post_image usg_post_image_1 stretched\"><img loading=\"lazy\" decoding=\"async\" width=\"295\" height=\"219\" src=\"https:\/\/lerkarmedia.com\/gci\/wp-content\/uploads\/2021\/02\/Rampa-de-carga-1.jpg\" class=\"attachment-large size-large wp-post-image\" alt=\"\" \/><\/div><div class=\"w-vwrapper usg_vwrapper_1 align_left valign_top\"><h2 class=\"w-post-elm post_title usg_post_title_1 entry-title color_link_inherit has_text_color\">RAMPA DE CARGA AEROPUERTO INTERNACIONAL JUAN SANTAMAR\u00cdA<\/h2><div class=\"w-post-elm post_taxonomy usg_post_taxonomy_1 style_simple color_link_inherit has_text_color\"><a href=\"https:\/\/lerkarmedia.com\/gci\/portfolio_category\/aeroportuario\/\">Aeroportuario<\/a><\/div><\/div>\t<\/div>\r\n<\/article>\r\n<article class=\"w-grid-item size_1x1 post-7991 us_portfolio type-us_portfolio status-publish has-post-thumbnail hentry us_portfolio_category-aeroportuario\" data-id=\"7991\">\r\n\t<div class=\"w-grid-item-h\">\r\n\t\t\t\t\t<a class=\"w-grid-item-anchor\" href=\"https:\/\/lerkarmedia.com\/gci\/portfolio\/edificio-de-condominios-iconnia\/\" rel=\"bookmark\" aria-label=\"Infraestructura COOPESA.\"><\/a>\r\n\t\t\t\t<div class=\"w-post-elm post_image usg_post_image_1 stretched\"><img loading=\"lazy\" decoding=\"async\" width=\"788\" height=\"517\" src=\"https:\/\/lerkarmedia.com\/gci\/wp-content\/uploads\/2021\/02\/Captura-de-pantalla-2021-02-02-a-las-08.06.08.jpg\" class=\"attachment-large size-large wp-post-image\" alt=\"\" srcset=\"https:\/\/lerkarmedia.com\/gci\/wp-content\/uploads\/2021\/02\/Captura-de-pantalla-2021-02-02-a-las-08.06.08.jpg 788w, https:\/\/lerkarmedia.com\/gci\/wp-content\/uploads\/2021\/02\/Captura-de-pantalla-2021-02-02-a-las-08.06.08-300x197.jpg 300w\" sizes=\"auto, (max-width: 788px) 100vw, 788px\" \/><\/div><div class=\"w-vwrapper usg_vwrapper_1 align_left valign_top\"><h2 class=\"w-post-elm post_title usg_post_title_1 entry-title color_link_inherit has_text_color\">Infraestructura COOPESA.<\/h2><div class=\"w-post-elm post_taxonomy usg_post_taxonomy_1 style_simple color_link_inherit has_text_color\"><a href=\"https:\/\/lerkarmedia.com\/gci\/portfolio_category\/aeroportuario\/\">Aeroportuario<\/a><\/div><\/div>\t<\/div>\r\n<\/article>\r\n<article class=\"w-grid-item size_1x1 post-8056 us_portfolio type-us_portfolio status-publish has-post-thumbnail hentry us_portfolio_category-aeroportuario\" data-id=\"8056\">\r\n\t<div class=\"w-grid-item-h\">\r\n\t\t\t\t\t<a class=\"w-grid-item-anchor\" href=\"https:\/\/lerkarmedia.com\/gci\/portfolio\/edificio-coopesa\/\" rel=\"bookmark\" aria-label=\"Edificio de Oficinas y Talleres COOPESA\"><\/a>\r\n\t\t\t\t<div class=\"w-post-elm post_image usg_post_image_1 stretched\"><img loading=\"lazy\" decoding=\"async\" width=\"1024\" height=\"528\" src=\"https:\/\/lerkarmedia.com\/gci\/wp-content\/uploads\/2021\/02\/Captura-de-pantalla-2021-02-02-a-las-08.37.30-1024x528.jpg\" class=\"attachment-large size-large wp-post-image\" alt=\"\" srcset=\"https:\/\/lerkarmedia.com\/gci\/wp-content\/uploads\/2021\/02\/Captura-de-pantalla-2021-02-02-a-las-08.37.30-1024x528.jpg 1024w, https:\/\/lerkarmedia.com\/gci\/wp-content\/uploads\/2021\/02\/Captura-de-pantalla-2021-02-02-a-las-08.37.30-300x155.jpg 300w, https:\/\/lerkarmedia.com\/gci\/wp-content\/uploads\/2021\/02\/Captura-de-pantalla-2021-02-02-a-las-08.37.30-1536x792.jpg 1536w, https:\/\/lerkarmedia.com\/gci\/wp-content\/uploads\/2021\/02\/Captura-de-pantalla-2021-02-02-a-las-08.37.30.jpg 1665w\" sizes=\"auto, (max-width: 1024px) 100vw, 1024px\" \/><\/div><div class=\"w-vwrapper usg_vwrapper_1 align_left valign_top\"><h2 class=\"w-post-elm post_title usg_post_title_1 entry-title color_link_inherit has_text_color\">Edificio de Oficinas y Talleres COOPESA<\/h2><div class=\"w-post-elm post_taxonomy usg_post_taxonomy_1 style_simple color_link_inherit has_text_color\"><a href=\"https:\/\/lerkarmedia.com\/gci\/portfolio_category\/aeroportuario\/\">Aeroportuario<\/a><\/div><\/div>\t<\/div>\r\n<\/article>\r\n<\/div><div class=\"w-grid-preloader\"><div class=\"g-preloader type_custom\">\r\n\t<div><img loading=\"lazy\" decoding=\"async\" width=\"300\" height=\"152\" src=\"https:\/\/lerkarmedia.com\/gci\/wp-content\/uploads\/2021\/01\/GCI_Logos-300x152.png\" class=\"attachment-medium size-medium\" alt=\"\" srcset=\"https:\/\/lerkarmedia.com\/gci\/wp-content\/uploads\/2021\/01\/GCI_Logos-300x152.png 300w, https:\/\/lerkarmedia.com\/gci\/wp-content\/uploads\/2021\/01\/GCI_Logos.png 543w\" sizes=\"auto, (max-width: 300px) 100vw, 300px\" \/><\/div>\r\n<\/div>\r\n<\/div>\t<div class=\"w-grid-json hidden\" onclick='return {&quot;action&quot;:&quot;us_ajax_grid&quot;,&quot;ajax_url&quot;:&quot;https:\\\/\\\/lerkarmedia.com\\\/gci\\\/wp-admin\\\/admin-ajax.php&quot;,&quot;infinite_scroll&quot;:0,&quot;max_num_pages&quot;:1,&quot;pagination&quot;:&quot;ajax&quot;,&quot;permalink_url&quot;:&quot;https:\\\/\\\/lerkarmedia.com\\\/gci\\\/wp-json\\\/wp\\\/v2\\\/pages\\\/8433&quot;,&quot;template_vars&quot;:{&quot;columns&quot;:&quot;2&quot;,&quot;exclude_items&quot;:&quot;none&quot;,&quot;img_size&quot;:&quot;default&quot;,&quot;ignore_items_size&quot;:false,&quot;items_layout&quot;:&quot;8623&quot;,&quot;items_offset&quot;:&quot;1&quot;,&quot;load_animation&quot;:&quot;none&quot;,&quot;overriding_link&quot;:&quot;post&quot;,&quot;post_id&quot;:8433,&quot;query_args&quot;:{&quot;post_type&quot;:[&quot;us_portfolio&quot;],&quot;tax_query&quot;:[{&quot;taxonomy&quot;:&quot;us_portfolio_category&quot;,&quot;field&quot;:&quot;slug&quot;,&quot;terms&quot;:[&quot;aeroportuario&quot;]}],&quot;post_status&quot;:[&quot;publish&quot;],&quot;posts_per_page&quot;:&quot;90&quot;},&quot;orderby_query_args&quot;:{&quot;orderby&quot;:{&quot;date&quot;:&quot;DESC&quot;}},&quot;type&quot;:&quot;grid&quot;,&quot;us_grid_ajax_index&quot;:1,&quot;us_grid_filter_params&quot;:null,&quot;us_grid_index&quot;:1,&quot;_us_grid_post_type&quot;:&quot;us_portfolio&quot;}}'><\/div>\r\n\t<\/div><\/div><\/div><\/div><\/div><\/div><\/section>\n<\/div>","protected":false},"excerpt":{"rendered":"Edificio de Oficinas y Talleres COOPESACliente AERIS Categor\u00eda AEROPORTUARIO Ubicaci\u00f3n ALAJUELA COSTA RICA Servicio Dise\u00f1o y planos constructivos (Arquitectura, ingenier\u00eda civil, estructural, el\u00e9ctrica y mec\u00e1nica) \u00c1rea 8500 m2","protected":false},"author":1,"featured_media":0,"parent":0,"menu_order":0,"comment_status":"closed","ping_status":"closed","template":"","meta":{"nf_dc_page":"","footnotes":""},"class_list":["post-8433","page","type-page","status-publish","hentry"],"_links":{"self":[{"href":"https:\/\/lerkarmedia.com\/gci\/wp-json\/wp\/v2\/pages\/8433","targetHints":{"allow":["GET"]}}],"collection":[{"href":"https:\/\/lerkarmedia.com\/gci\/wp-json\/wp\/v2\/pages"}],"about":[{"href":"https:\/\/lerkarmedia.com\/gci\/wp-json\/wp\/v2\/types\/page"}],"author":[{"embeddable":true,"href":"https:\/\/lerkarmedia.com\/gci\/wp-json\/wp\/v2\/users\/1"}],"replies":[{"embeddable":true,"href":"https:\/\/lerkarmedia.com\/gci\/wp-json\/wp\/v2\/comments?post=8433"}],"version-history":[{"count":5,"href":"https:\/\/lerkarmedia.com\/gci\/wp-json\/wp\/v2\/pages\/8433\/revisions"}],"predecessor-version":[{"id":8774,"href":"https:\/\/lerkarmedia.com\/gci\/wp-json\/wp\/v2\/pages\/8433\/revisions\/8774"}],"wp:attachment":[{"href":"https:\/\/lerkarmedia.com\/gci\/wp-json\/wp\/v2\/media?parent=8433"}],"curies":[{"name":"wp","href":"https:\/\/api.w.org\/{rel}","templated":true}]}}