{"id":7784,"date":"2021-01-07T16:49:24","date_gmt":"2021-01-07T16:49:24","guid":{"rendered":"https:\/\/lerkarmedia.com\/gci\/?page_id=7784"},"modified":"2021-02-23T23:39:51","modified_gmt":"2021-02-23T23:39:51","slug":"servicios","status":"publish","type":"page","link":"https:\/\/lerkarmedia.com\/gci\/servicios\/","title":{"rendered":"Servicios"},"content":{"rendered":"<div class=\"wpb-content-wrapper\"><section class=\"l-section wpb_row height_custom\"><div class=\"l-section-h i-cf\"><div class=\"g-cols vc_row type_default valign_top\"><div class=\"vc_col-sm-2 wpb_column vc_column_container\"><div class=\"vc_column-inner type_sticky\"><div class=\"wpb_wrapper\"><div class=\"wpb_text_column\" ><div class=\"wpb_wrapper\"><h2>Servicios<\/h2>\n<\/div><\/div><div class=\"w-separator us_custom_1f257949 size_custom with_line width_default thick_2 style_solid color_primary align_center\" style=\"height:5px\"><div class=\"w-separator-h\"><\/div><\/div><\/div><\/div><\/div><div class=\"vc_col-sm-8 wpb_column vc_column_container\"><div class=\"vc_column-inner\"><div class=\"wpb_wrapper\"><div class=\"w-tabs style_default switch_click accordion title_atleft icon_triangle iconpos_right\"><div class=\"w-tabs-sections\"><div class=\"w-tabs-sections-h\"><div class=\"w-tabs-section\" id=\"1611930964144-14e724ed-25e9\"><button aria-controls=\"content-1611930964144-14e724ed-25e9\" class=\"w-tabs-section-header\"><div class=\"w-tabs-section-header-h\"><div class=\"w-tabs-section-title\">GERENCIA PROFESIONAL DE PROYECTOS<\/div><div class=\"w-tabs-section-control\"><\/div><\/div><\/button><div class=\"w-tabs-section-content\" id=\"content-1611930964144-14e724ed-25e9\" aria-expanded=\"false\"><div class=\"w-tabs-section-content-h i-cf\"><div class=\"wpb_text_column\" ><div class=\"wpb_wrapper\"><ul>\n<li>Desarrollo del plan de proyecto, evaluaci\u00f3n de riesgos, organizaci\u00f3n<\/li>\n<li>Administraci\u00f3n de la ejecuci\u00f3n del proyecto, desde el concepto, dise\u00f1o y construcci\u00f3n hasta el inicio de la operaci\u00f3n<\/li>\n<li>Coordinaci\u00f3n de estudios preliminares:\n<ul>\n<li>Estudio de suelos y materiales<\/li>\n<li>Levantamientos topogr\u00e1ficos<\/li>\n<li>Estudios de impacto ambiental<\/li>\n<li>Estudios arqueol\u00f3gicos<\/li>\n<li>Estudios hidrogeol\u00f3gicos<\/li>\n<li>Estudios de amenaza s\u00edsmica<\/li>\n<\/ul>\n<\/li>\n<li>Elaboraci\u00f3n de carteles de licitaci\u00f3n y manejo del proceso de licitaci\u00f3n.<\/li>\n<li>Manejo de contrato de construcci\u00f3n y procesos de adjudicaci\u00f3n.<\/li>\n<li>Administraci\u00f3n de subcontratistas e integraci\u00f3n de la construcci\u00f3n<\/li>\n<li>Direcci\u00f3n del equipo y enlace entre el cliente y el equipo de dise\u00f1o, contratistas, proveedores y otras partes involucradas<\/li>\n<li>Control del proyecto, incluyendo costo, programaci\u00f3n, cambios y documentaci\u00f3n<\/li>\n<li>Entrega del proyecto (informes finales de entrega seg\u00fan protocolos aprobados por el cliente)<\/li>\n<\/ul>\n<\/div><\/div><\/div><\/div><\/div><div class=\"w-tabs-section\" id=\"1611930964164-e598f2eb-c74b\"><button aria-controls=\"content-1611930964164-e598f2eb-c74b\" class=\"w-tabs-section-header\"><div class=\"w-tabs-section-header-h\"><div class=\"w-tabs-section-title\">INGENIER\u00cdA CIVIL<\/div><div class=\"w-tabs-section-control\"><\/div><\/div><\/button><div class=\"w-tabs-section-content\" id=\"content-1611930964164-e598f2eb-c74b\" aria-expanded=\"false\"><div class=\"w-tabs-section-content-h i-cf\"><div class=\"wpb_text_column\" ><div class=\"wpb_wrapper\"><ul>\n<li>Dise\u00f1o de infraestructura aeroportuaria<\/li>\n<li>Dise\u00f1o y supervisi\u00f3n de obras civiles<\/li>\n<li>Dise\u00f1o de movimientos de tierra<\/li>\n<li>Dise\u00f1o sistemas pluviales<\/li>\n<li>Dise\u00f1o de infraestructura en general<\/li>\n<li>Dise\u00f1o de drenajes y la infraestructura hidr\u00e1ulica<\/li>\n<li>Dise\u00f1o de carreteras<\/li>\n<li>Inspecci\u00f3n y supervisi\u00f3n civil<\/li>\n<\/ul>\n<\/div><\/div><\/div><\/div><\/div><div class=\"w-tabs-section\" id=\"1611932527984-3d7d0ded-1fa0\"><button aria-controls=\"content-1611932527984-3d7d0ded-1fa0\" class=\"w-tabs-section-header\"><div class=\"w-tabs-section-header-h\"><div class=\"w-tabs-section-title\">INGENIER\u00cdA ESTRUCTURAL Y S\u00cdSMICA<\/div><div class=\"w-tabs-section-control\"><\/div><\/div><\/button><div class=\"w-tabs-section-content\" id=\"content-1611932527984-3d7d0ded-1fa0\" aria-expanded=\"false\"><div class=\"w-tabs-section-content-h i-cf\"><div class=\"wpb_text_column\" ><div class=\"wpb_wrapper\"><ul>\n<li>Dise\u00f1o estructural y sismoresistente<\/li>\n<li>Estudios estructurales especiales de sistemas existentes<\/li>\n<li>Reestructuraci\u00f3n<\/li>\n<li>Estudios de vulnerabilidad estructural y s\u00edsmica seg\u00fan requerimientos locales<\/li>\n<li>Inspecci\u00f3n y supervisi\u00f3n estructural<\/li>\n<\/ul>\n<\/div><\/div><\/div><\/div><\/div><div class=\"w-tabs-section\" id=\"1611932527736-c504fa13-28e2\"><button aria-controls=\"content-1611932527736-c504fa13-28e2\" class=\"w-tabs-section-header\"><div class=\"w-tabs-section-header-h\"><div class=\"w-tabs-section-title\">INGENIER\u00cdA FORENSE<\/div><div class=\"w-tabs-section-control\"><\/div><\/div><\/button><div class=\"w-tabs-section-content\" id=\"content-1611932527736-c504fa13-28e2\" aria-expanded=\"false\"><div class=\"w-tabs-section-content-h i-cf\"><div class=\"wpb_text_column\" ><div class=\"wpb_wrapper\"><ul>\n<li>Diagn\u00f3stico de da\u00f1os, fisuras, corrosi\u00f3n, reacciones alcalinas y salinas<\/li>\n<li>Dise\u00f1o de soluciones para problemas de durabilidad<\/li>\n<li>Inspecciones t\u00e9cnicas de las reparaciones<\/li>\n<\/ul>\n<\/div><\/div><\/div><\/div><\/div><div class=\"w-tabs-section\" id=\"1611932527512-ed4afe4b-f7e6\"><button aria-controls=\"content-1611932527512-ed4afe4b-f7e6\" class=\"w-tabs-section-header\"><div class=\"w-tabs-section-header-h\"><div class=\"w-tabs-section-title\">INGENIER\u00cdA MEC\u00c1NICA<\/div><div class=\"w-tabs-section-control\"><\/div><\/div><\/button><div class=\"w-tabs-section-content\" id=\"content-1611932527512-ed4afe4b-f7e6\" aria-expanded=\"false\"><div class=\"w-tabs-section-content-h i-cf\"><div class=\"wpb_text_column\" ><div class=\"wpb_wrapper\"><ul>\n<li>Dise\u00f1o de sistemas de agua potable<\/li>\n<li>Dise\u00f1o de sistemas de evacuaci\u00f3n de aguas negras<\/li>\n<li>Dise\u00f1o de HVAC (Heat Ventilation and air conditioning)<\/li>\n<li>Dise\u00f1o de sistemas de gas y vapor<\/li>\n<li>Dise\u00f1o de protecci\u00f3n contra incendio acorde con los est\u00e1ndares de NFPA<\/li>\n<li>Deshumidificaci\u00f3n, humidificaci\u00f3n y filtraci\u00f3n<\/li>\n<li>Inspecci\u00f3n y supervisi\u00f3n mec\u00e1nica<\/li>\n<\/ul>\n<\/div><\/div><\/div><\/div><\/div><div class=\"w-tabs-section\" id=\"1611932527152-ff5acec9-86ee\"><button aria-controls=\"content-1611932527152-ff5acec9-86ee\" class=\"w-tabs-section-header\"><div class=\"w-tabs-section-header-h\"><div class=\"w-tabs-section-title\">INGENIER\u00cdA EL\u00c9CTRICA<\/div><div class=\"w-tabs-section-control\"><\/div><\/div><\/button><div class=\"w-tabs-section-content\" id=\"content-1611932527152-ff5acec9-86ee\" aria-expanded=\"false\"><div class=\"w-tabs-section-content-h i-cf\"><div class=\"wpb_text_column\" ><div class=\"wpb_wrapper\"><ul>\n<li>Sistemas de iluminaci\u00f3n y puesta a tierra<\/li>\n<li>Dise\u00f1o de tomas y potencia de equipos<\/li>\n<li>Sistemas de distribuci\u00f3n de mediano y bajo voltaje<\/li>\n<li>Dise\u00f1o de sistemas de iluminaci\u00f3n para interiores y exteriores<\/li>\n<li>Dise\u00f1o de cableado estructurado<\/li>\n<li>Dise\u00f1o de sistema de circuito cerrado de televisi\u00f3n<\/li>\n<li>Coordinaci\u00f3n de contratos de sistema de control<\/li>\n<li>Dise\u00f1o de sistemas de detecci\u00f3n de incendio<\/li>\n<li>Inspecci\u00f3n y supervisi\u00f3n el\u00e9ctrica<\/li>\n<\/ul>\n<\/div><\/div><\/div><\/div><\/div><div class=\"w-tabs-section\" id=\"1611932526770-4b791a1b-5ba0\"><button aria-controls=\"content-1611932526770-4b791a1b-5ba0\" class=\"w-tabs-section-header\"><div class=\"w-tabs-section-header-h\"><div class=\"w-tabs-section-title\">ARQUITECTURA<\/div><div class=\"w-tabs-section-control\"><\/div><\/div><\/button><div class=\"w-tabs-section-content\" id=\"content-1611932526770-4b791a1b-5ba0\" aria-expanded=\"false\"><div class=\"w-tabs-section-content-h i-cf\"><div class=\"wpb_text_column\" ><div class=\"wpb_wrapper\"><ul>\n<li>Planes Maestros y Anteproyectos<\/li>\n<li>Distribuci\u00f3n de espacio interno<\/li>\n<li>Dise\u00f1o en cumplimiento de la norma 7600 (Accesibilidad Universal)<\/li>\n<li>Dise\u00f1o Sostenible (Selecci\u00f3n de Materiales, Control de la Luz Natural\u00a0 y Control de la Ventilaci\u00f3n y Temperatura en forma pasiva)<\/li>\n<li>Selecci\u00f3n de Mobiliario fijo y m\u00f3vil<\/li>\n<li>Inspecci\u00f3n y supervisi\u00f3n arquitect\u00f3nica<\/li>\n<\/ul>\n<\/div><\/div><\/div><\/div><\/div><div class=\"w-tabs-section\" id=\"1611932526424-9ffb5b9e-7ebe\"><button aria-controls=\"content-1611932526424-9ffb5b9e-7ebe\" class=\"w-tabs-section-header\"><div class=\"w-tabs-section-header-h\"><div class=\"w-tabs-section-title\">INGENIER\u00cdA DE COSTOS<\/div><div class=\"w-tabs-section-control\"><\/div><\/div><\/button><div class=\"w-tabs-section-content\" id=\"content-1611932526424-9ffb5b9e-7ebe\" aria-expanded=\"false\"><div class=\"w-tabs-section-content-h i-cf\"><div class=\"wpb_text_column\" ><div class=\"wpb_wrapper\"><ul>\n<li>Estimaciones de costo a nivel de anteproyecto, dise\u00f1o final, obras extra<\/li>\n<li>Revisi\u00f3n de costos para dise\u00f1o y durante la construcci\u00f3n de las obras<\/li>\n<\/ul>\n<\/div><\/div><\/div><\/div><\/div><div class=\"w-tabs-section\" id=\"1611932525930-7a3f1e96-e9d8\"><button aria-controls=\"content-1611932525930-7a3f1e96-e9d8\" class=\"w-tabs-section-header\"><div class=\"w-tabs-section-header-h\"><div class=\"w-tabs-section-title\">TRAMITOLOGIA (PERMISOS DE CONSTRUCCI\u00d3N)<\/div><div class=\"w-tabs-section-control\"><\/div><\/div><\/button><div class=\"w-tabs-section-content\" id=\"content-1611932525930-7a3f1e96-e9d8\" aria-expanded=\"false\"><div class=\"w-tabs-section-content-h i-cf\"><div class=\"wpb_text_column\" ><div class=\"wpb_wrapper\"><ul>\n<li>Tr\u00e1mite de permisos preliminares de construcci\u00f3n<\/li>\n<li>Coordinaci\u00f3n de permisos ambientales<\/li>\n<li>Coordinaci\u00f3n de permisos para sistemas de tratamiento en coordinaci\u00f3n con las empresas especializadas<\/li>\n<li>Tr\u00e1mite de permisos de construcci\u00f3n finales<\/li>\n<\/ul>\n<\/div><\/div><\/div><\/div><\/div><div class=\"w-tabs-section\" id=\"1611932593903-b8578f52-35a4\"><button aria-controls=\"content-1611932593903-b8578f52-35a4\" class=\"w-tabs-section-header\"><div class=\"w-tabs-section-header-h\"><div class=\"w-tabs-section-title\">SERVICIOS ADICIONALES<\/div><div class=\"w-tabs-section-control\"><\/div><\/div><\/button><div class=\"w-tabs-section-content\" id=\"content-1611932593903-b8578f52-35a4\" aria-expanded=\"false\"><div class=\"w-tabs-section-content-h i-cf\"><div class=\"wpb_text_column\" ><div class=\"wpb_wrapper\"><ul>\n<li>Planeamiento y Planes Maestros<\/li>\n<li>Aval\u00faos<\/li>\n<li>Presupuestos<\/li>\n<li>An\u00e1lisis de constructibilidad<\/li>\n<li>Inicio y pruebas de equipos y sistemas<\/li>\n<li>Comisionamiento de equipos y sistemas<\/li>\n<li>Calificaci\u00f3n y validaci\u00f3n de equipos y sistemas<\/li>\n<li>Arquitectura<\/li>\n<li>Paisajismo<\/li>\n<li>Dise\u00f1o de interiores<\/li>\n<li>Automatizaci\u00f3n y control<\/li>\n<li>Fiscalizaci\u00f3n de obras<\/li>\n<\/ul>\n<\/div><\/div><\/div><\/div><\/div><\/div><\/div><\/div><\/div><\/div><\/div><div class=\"vc_col-sm-2 vc_hidden-xs wpb_column vc_column_container has-fill\"><div class=\"vc_column-inner us_custom_3425745e\"><div class=\"wpb_wrapper\"><\/div><\/div><\/div><\/div><\/div><\/section>\n<\/div>","protected":false},"excerpt":{"rendered":"Servicios GERENCIA PROFESIONAL DE PROYECTOS Desarrollo del plan de proyecto, evaluaci\u00f3n de riesgos, organizaci\u00f3n Administraci\u00f3n de la ejecuci\u00f3n del proyecto, desde el concepto, dise\u00f1o y construcci\u00f3n hasta el inicio de la operaci\u00f3n Coordinaci\u00f3n de estudios preliminares: Estudio de suelos y materiales Levantamientos topogr\u00e1ficos Estudios de impacto ambiental Estudios arqueol\u00f3gicos Estudios hidrogeol\u00f3gicos Estudios de amenaza s\u00edsmica...","protected":false},"author":1,"featured_media":0,"parent":0,"menu_order":0,"comment_status":"closed","ping_status":"closed","template":"","meta":{"nf_dc_page":"","footnotes":""},"class_list":["post-7784","page","type-page","status-publish","hentry"],"_links":{"self":[{"href":"https:\/\/lerkarmedia.com\/gci\/wp-json\/wp\/v2\/pages\/7784","targetHints":{"allow":["GET"]}}],"collection":[{"href":"https:\/\/lerkarmedia.com\/gci\/wp-json\/wp\/v2\/pages"}],"about":[{"href":"https:\/\/lerkarmedia.com\/gci\/wp-json\/wp\/v2\/types\/page"}],"author":[{"embeddable":true,"href":"https:\/\/lerkarmedia.com\/gci\/wp-json\/wp\/v2\/users\/1"}],"replies":[{"embeddable":true,"href":"https:\/\/lerkarmedia.com\/gci\/wp-json\/wp\/v2\/comments?post=7784"}],"version-history":[{"count":6,"href":"https:\/\/lerkarmedia.com\/gci\/wp-json\/wp\/v2\/pages\/7784\/revisions"}],"predecessor-version":[{"id":8677,"href":"https:\/\/lerkarmedia.com\/gci\/wp-json\/wp\/v2\/pages\/7784\/revisions\/8677"}],"wp:attachment":[{"href":"https:\/\/lerkarmedia.com\/gci\/wp-json\/wp\/v2\/media?parent=7784"}],"curies":[{"name":"wp","href":"https:\/\/api.w.org\/{rel}","templated":true}]}}