{"id":5629,"date":"2017-01-23T13:49:25","date_gmt":"2017-01-23T13:49:25","guid":{"rendered":"http:\/\/impreza5.us-themes.net\/?page_id=5629"},"modified":"2017-01-23T13:49:25","modified_gmt":"2017-01-23T13:49:25","slug":"portfolio-grid-3","status":"publish","type":"page","link":"https:\/\/lerkarmedia.com\/gci\/portfolio-grid-3\/","title":{"rendered":"Portfolio Grid 3"},"content":{"rendered":"<div class=\"wpb-content-wrapper\"><section class=\"l-section wpb_row height_custom\"><div class=\"l-section-h i-cf\"><div class=\"g-cols vc_row type_default valign_top\"><div class=\"vc_col-sm-12 wpb_column vc_column_container\"><div class=\"vc_column-inner\"><div class=\"wpb_wrapper\"><div class=\"w-grid us_custom_da65c38a type_metro layout_portfolio_5 with_css_animation no_gap ratio_1x1\" id=\"us_grid_1\" data-filterable=\"true\"><style id=\"us_grid_1_css\">#us_grid_1 .w-grid-item-h:before{padding-bottom:100.0000%}<\/style><style>.layout_portfolio_5 .w-grid-item-h:before{padding-bottom:100.0000%}@media (min-width:600px){.layout_portfolio_5 .w-grid-item.size_1x2 .w-grid-item-h:before{padding-bottom:calc(200.0000% + 0px + 0px)}.layout_portfolio_5 .w-grid-item.size_2x1 .w-grid-item-h:before{padding-bottom:calc(50.0000% - 0px * 1.0000)}.layout_portfolio_5 .w-grid-item.size_2x2 .w-grid-item-h:before{padding-bottom:calc(100.0000% - 0px * 0)}}.layout_portfolio_5 .w-grid-item-h{background:#ffffff;color:#333333}.layout_portfolio_5 .usg_post_image_1{transition-duration:0.4s;transform-origin:50% 50%;transform:scale(1) translate(0,0)}.layout_portfolio_5 .w-grid-item-h:hover .usg_post_image_1{transform:scale(1.2) translate(0,0);opacity:1}.layout_portfolio_5 .usg_vwrapper_1{transition-duration:0.3s;transform-origin:50% 50%;transform:scale(0) translate(0,0);opacity:0}.layout_portfolio_5 .w-grid-item-h:hover .usg_vwrapper_1{transform:scale(1) translate(0,0);opacity:0.95}.layout_portfolio_5 .usg_post_image_1{position:absolute!important;top:0!important;right:0!important;bottom:0!important;left:0!important}.layout_portfolio_5 .usg_vwrapper_1{position:absolute!important;top:1.3rem!important;right:1.3rem!important;bottom:1.3rem!important;left:1.3rem!important;padding:2rem!important;background:inherit!important}.layout_portfolio_5 .usg_post_title_1{color:inherit!important;font-size:1.4rem!important}<\/style><div class=\"w-grid-list\" ><article class=\"w-grid-item animate_hfc size_1x1 post-8520 us_portfolio type-us_portfolio status-publish has-post-thumbnail hentry us_portfolio_category-industrial\" data-id=\"8520\" style=\"animation-delay:0s\">\r\n\t<div class=\"w-grid-item-h\">\r\n\t\t\t\t\t<a class=\"w-grid-item-anchor\" href=\"https:\/\/lerkarmedia.com\/gci\/wp-content\/uploads\/2021\/02\/Captura-de-pantalla-2021-02-09-a-las-14.37.33.png\" ref=\"magnificPopupGrid\" title=\"TOLVA DE BIOMASA\"><\/a>\r\n\t\t\t\t<div class=\"w-post-elm post_image usg_post_image_1 stretched\"><img loading=\"lazy\" decoding=\"async\" width=\"448\" height=\"598\" src=\"https:\/\/lerkarmedia.com\/gci\/wp-content\/uploads\/2021\/02\/Captura-de-pantalla-2021-02-09-a-las-14.37.33.png\" class=\"attachment-large size-large wp-post-image\" alt=\"\" srcset=\"https:\/\/lerkarmedia.com\/gci\/wp-content\/uploads\/2021\/02\/Captura-de-pantalla-2021-02-09-a-las-14.37.33.png 448w, https:\/\/lerkarmedia.com\/gci\/wp-content\/uploads\/2021\/02\/Captura-de-pantalla-2021-02-09-a-las-14.37.33-225x300.png 225w\" sizes=\"auto, (max-width: 448px) 100vw, 448px\" \/><\/div><div class=\"w-vwrapper usg_vwrapper_1 align_center valign_middle\"><h2 class=\"w-post-elm post_title usg_post_title_1 entry-title color_link_inherit has_text_color\">TOLVA DE BIOMASA<\/h2><div class=\"w-post-elm post_taxonomy usg_post_taxonomy_1 style_simple color_link_inherit\"><a href=\"https:\/\/lerkarmedia.com\/gci\/portfolio_category\/industrial\/\">Industrial<\/a><\/div><\/div>\t<\/div>\r\n<\/article>\r\n<article class=\"w-grid-item animate_hfc size_1x1 post-8480 us_portfolio type-us_portfolio status-publish has-post-thumbnail hentry us_portfolio_category-infraestructura us_portfolio_tag-home\" data-id=\"8480\" style=\"animation-delay:0.1s\">\r\n\t<div class=\"w-grid-item-h\">\r\n\t\t\t\t\t<a class=\"w-grid-item-anchor\" href=\"https:\/\/lerkarmedia.com\/gci\/wp-content\/uploads\/2021\/02\/Puerto-Autoridades-Singapur.jpg\" ref=\"magnificPopupGrid\" title=\"SINGAPORE PORT AUTHORITY.  PORT EXPANSION PROJECT\"><\/a>\r\n\t\t\t\t<div class=\"w-post-elm post_image usg_post_image_1 stretched\"><img loading=\"lazy\" decoding=\"async\" width=\"619\" height=\"475\" src=\"https:\/\/lerkarmedia.com\/gci\/wp-content\/uploads\/2021\/02\/Puerto-Autoridades-Singapur.jpg\" class=\"attachment-large size-large wp-post-image\" alt=\"\" srcset=\"https:\/\/lerkarmedia.com\/gci\/wp-content\/uploads\/2021\/02\/Puerto-Autoridades-Singapur.jpg 619w, https:\/\/lerkarmedia.com\/gci\/wp-content\/uploads\/2021\/02\/Puerto-Autoridades-Singapur-300x230.jpg 300w\" sizes=\"auto, (max-width: 619px) 100vw, 619px\" \/><\/div><div class=\"w-vwrapper usg_vwrapper_1 align_center valign_middle\"><h2 class=\"w-post-elm post_title usg_post_title_1 entry-title color_link_inherit has_text_color\">SINGAPORE PORT AUTHORITY.  PORT EXPANSION PROJECT<\/h2><div class=\"w-post-elm post_taxonomy usg_post_taxonomy_1 style_simple color_link_inherit\"><a href=\"https:\/\/lerkarmedia.com\/gci\/portfolio_category\/infraestructura\/\">Infraestructura<\/a><\/div><\/div>\t<\/div>\r\n<\/article>\r\n<article class=\"w-grid-item animate_hfc size_1x1 post-340 us_portfolio type-us_portfolio status-publish has-post-thumbnail hentry us_portfolio_category-aeroportuario us_portfolio_tag-home\" data-id=\"340\" style=\"animation-delay:0.2s\">\r\n\t<div class=\"w-grid-item-h\">\r\n\t\t\t\t\t<a class=\"w-grid-item-anchor\" href=\"https:\/\/lerkarmedia.com\/gci\/wp-content\/uploads\/2014\/09\/3D_View_5.jpg\" ref=\"magnificPopupGrid\" title=\"HANGAR DE COOPESA PARA MANTENIMIENTO DE AERONAVES\"><\/a>\r\n\t\t\t\t<div class=\"w-post-elm post_image usg_post_image_1 stretched\"><img loading=\"lazy\" decoding=\"async\" width=\"1024\" height=\"834\" src=\"https:\/\/lerkarmedia.com\/gci\/wp-content\/uploads\/2014\/09\/3D_View_5-1024x834.jpg\" class=\"attachment-large size-large wp-post-image\" alt=\"\" srcset=\"https:\/\/lerkarmedia.com\/gci\/wp-content\/uploads\/2014\/09\/3D_View_5-1024x834.jpg 1024w, https:\/\/lerkarmedia.com\/gci\/wp-content\/uploads\/2014\/09\/3D_View_5-300x244.jpg 300w, https:\/\/lerkarmedia.com\/gci\/wp-content\/uploads\/2014\/09\/3D_View_5.jpg 1500w\" sizes=\"auto, (max-width: 1024px) 100vw, 1024px\" \/><\/div><div class=\"w-vwrapper usg_vwrapper_1 align_center valign_middle\"><h2 class=\"w-post-elm post_title usg_post_title_1 entry-title color_link_inherit has_text_color\">HANGAR DE COOPESA PARA MANTENIMIENTO DE AERONAVES<\/h2><div class=\"w-post-elm post_taxonomy usg_post_taxonomy_1 style_simple color_link_inherit\"><a href=\"https:\/\/lerkarmedia.com\/gci\/portfolio_category\/aeroportuario\/\">Aeroportuario<\/a><\/div><\/div>\t<\/div>\r\n<\/article>\r\n<article class=\"w-grid-item animate_hfc size_1x1 post-8372 us_portfolio type-us_portfolio status-publish has-post-thumbnail hentry us_portfolio_category-otros\" data-id=\"8372\" style=\"animation-delay:0.3s\">\r\n\t<div class=\"w-grid-item-h\">\r\n\t\t\t\t\t<a class=\"w-grid-item-anchor\" href=\"https:\/\/lerkarmedia.com\/gci\/wp-content\/uploads\/2021\/02\/20181214_045400.jpg\" ref=\"magnificPopupGrid\" title=\"Piso Industrial FEMSA\"><\/a>\r\n\t\t\t\t<div class=\"w-post-elm post_image usg_post_image_1 stretched\"><img loading=\"lazy\" decoding=\"async\" width=\"1024\" height=\"575\" src=\"https:\/\/lerkarmedia.com\/gci\/wp-content\/uploads\/2021\/02\/20181214_045400-1024x575.jpg\" class=\"attachment-large size-large wp-post-image\" alt=\"\" srcset=\"https:\/\/lerkarmedia.com\/gci\/wp-content\/uploads\/2021\/02\/20181214_045400-1024x575.jpg 1024w, https:\/\/lerkarmedia.com\/gci\/wp-content\/uploads\/2021\/02\/20181214_045400-300x168.jpg 300w, https:\/\/lerkarmedia.com\/gci\/wp-content\/uploads\/2021\/02\/20181214_045400-1536x863.jpg 1536w\" sizes=\"auto, (max-width: 1024px) 100vw, 1024px\" \/><\/div><div class=\"w-vwrapper usg_vwrapper_1 align_center valign_middle\"><h2 class=\"w-post-elm post_title usg_post_title_1 entry-title color_link_inherit has_text_color\">Piso Industrial FEMSA<\/h2><div class=\"w-post-elm post_taxonomy usg_post_taxonomy_1 style_simple color_link_inherit\"><a href=\"https:\/\/lerkarmedia.com\/gci\/portfolio_category\/otros\/\">Otros<\/a><\/div><\/div>\t<\/div>\r\n<\/article>\r\n<article class=\"w-grid-item animate_hfc size_1x1 post-8371 us_portfolio type-us_portfolio status-publish has-post-thumbnail hentry us_portfolio_category-otros\" data-id=\"8371\" style=\"animation-delay:0s\">\r\n\t<div class=\"w-grid-item-h\">\r\n\t\t\t\t\t<a class=\"w-grid-item-anchor\" href=\"https:\/\/lerkarmedia.com\/gci\/wp-content\/uploads\/2021\/02\/Captura-de-pantalla-2021-02-02-a-las-19.03.57.jpg\" ref=\"magnificPopupGrid\" title=\"Piso Industrial Tical\"><\/a>\r\n\t\t\t\t<div class=\"w-post-elm post_image usg_post_image_1 stretched\"><img loading=\"lazy\" decoding=\"async\" width=\"1024\" height=\"498\" src=\"https:\/\/lerkarmedia.com\/gci\/wp-content\/uploads\/2021\/02\/Captura-de-pantalla-2021-02-02-a-las-19.03.57-1024x498.jpg\" class=\"attachment-large size-large wp-post-image\" alt=\"\" srcset=\"https:\/\/lerkarmedia.com\/gci\/wp-content\/uploads\/2021\/02\/Captura-de-pantalla-2021-02-02-a-las-19.03.57-1024x498.jpg 1024w, https:\/\/lerkarmedia.com\/gci\/wp-content\/uploads\/2021\/02\/Captura-de-pantalla-2021-02-02-a-las-19.03.57-300x146.jpg 300w, https:\/\/lerkarmedia.com\/gci\/wp-content\/uploads\/2021\/02\/Captura-de-pantalla-2021-02-02-a-las-19.03.57-1536x748.jpg 1536w, https:\/\/lerkarmedia.com\/gci\/wp-content\/uploads\/2021\/02\/Captura-de-pantalla-2021-02-02-a-las-19.03.57.jpg 1664w\" sizes=\"auto, (max-width: 1024px) 100vw, 1024px\" \/><\/div><div class=\"w-vwrapper usg_vwrapper_1 align_center valign_middle\"><h2 class=\"w-post-elm post_title usg_post_title_1 entry-title color_link_inherit has_text_color\">Piso Industrial Tical<\/h2><div class=\"w-post-elm post_taxonomy usg_post_taxonomy_1 style_simple color_link_inherit\"><a href=\"https:\/\/lerkarmedia.com\/gci\/portfolio_category\/otros\/\">Otros<\/a><\/div><\/div>\t<\/div>\r\n<\/article>\r\n<article class=\"w-grid-item animate_hfc size_1x1 post-8370 us_portfolio type-us_portfolio status-publish has-post-thumbnail hentry us_portfolio_category-otros\" data-id=\"8370\" style=\"animation-delay:0.1s\">\r\n\t<div class=\"w-grid-item-h\">\r\n\t\t\t\t\t<a class=\"w-grid-item-anchor\" href=\"https:\/\/lerkarmedia.com\/gci\/wp-content\/uploads\/2021\/02\/Captura-de-pantalla-2021-02-02-a-las-19.04.55.jpg\" ref=\"magnificPopupGrid\" title=\"Piso Industrial Cooperativa Dos Pinos\"><\/a>\r\n\t\t\t\t<div class=\"w-post-elm post_image usg_post_image_1 stretched\"><img loading=\"lazy\" decoding=\"async\" width=\"1024\" height=\"506\" src=\"https:\/\/lerkarmedia.com\/gci\/wp-content\/uploads\/2021\/02\/Captura-de-pantalla-2021-02-02-a-las-19.04.55-1024x506.jpg\" class=\"attachment-large size-large wp-post-image\" alt=\"\" srcset=\"https:\/\/lerkarmedia.com\/gci\/wp-content\/uploads\/2021\/02\/Captura-de-pantalla-2021-02-02-a-las-19.04.55-1024x506.jpg 1024w, https:\/\/lerkarmedia.com\/gci\/wp-content\/uploads\/2021\/02\/Captura-de-pantalla-2021-02-02-a-las-19.04.55-300x148.jpg 300w, https:\/\/lerkarmedia.com\/gci\/wp-content\/uploads\/2021\/02\/Captura-de-pantalla-2021-02-02-a-las-19.04.55-1536x759.jpg 1536w, https:\/\/lerkarmedia.com\/gci\/wp-content\/uploads\/2021\/02\/Captura-de-pantalla-2021-02-02-a-las-19.04.55.jpg 1662w\" sizes=\"auto, (max-width: 1024px) 100vw, 1024px\" \/><\/div><div class=\"w-vwrapper usg_vwrapper_1 align_center valign_middle\"><h2 class=\"w-post-elm post_title usg_post_title_1 entry-title color_link_inherit has_text_color\">Piso Industrial Cooperativa Dos Pinos<\/h2><div class=\"w-post-elm post_taxonomy usg_post_taxonomy_1 style_simple color_link_inherit\"><a href=\"https:\/\/lerkarmedia.com\/gci\/portfolio_category\/otros\/\">Otros<\/a><\/div><\/div>\t<\/div>\r\n<\/article>\r\n<article class=\"w-grid-item animate_hfc size_1x1 post-8369 us_portfolio type-us_portfolio status-publish has-post-thumbnail hentry us_portfolio_category-otros us_portfolio_tag-home\" data-id=\"8369\" style=\"animation-delay:0.2s\">\r\n\t<div class=\"w-grid-item-h\">\r\n\t\t\t\t\t<a class=\"w-grid-item-anchor\" href=\"https:\/\/lerkarmedia.com\/gci\/wp-content\/uploads\/2021\/02\/Edificio-SIRIUS-final.jpg\" ref=\"magnificPopupGrid\" title=\"Centro M\u00e9dico Sirius\"><\/a>\r\n\t\t\t\t<div class=\"w-post-elm post_image usg_post_image_1 stretched\"><img loading=\"lazy\" decoding=\"async\" width=\"1024\" height=\"806\" src=\"https:\/\/lerkarmedia.com\/gci\/wp-content\/uploads\/2021\/02\/Edificio-SIRIUS-final-1024x806.jpg\" class=\"attachment-large size-large wp-post-image\" alt=\"\" srcset=\"https:\/\/lerkarmedia.com\/gci\/wp-content\/uploads\/2021\/02\/Edificio-SIRIUS-final-1024x806.jpg 1024w, https:\/\/lerkarmedia.com\/gci\/wp-content\/uploads\/2021\/02\/Edificio-SIRIUS-final-300x236.jpg 300w, https:\/\/lerkarmedia.com\/gci\/wp-content\/uploads\/2021\/02\/Edificio-SIRIUS-final-1536x1209.jpg 1536w\" sizes=\"auto, (max-width: 1024px) 100vw, 1024px\" \/><\/div><div class=\"w-vwrapper usg_vwrapper_1 align_center valign_middle\"><h2 class=\"w-post-elm post_title usg_post_title_1 entry-title color_link_inherit has_text_color\">Centro M\u00e9dico Sirius<\/h2><div class=\"w-post-elm post_taxonomy usg_post_taxonomy_1 style_simple color_link_inherit\"><a href=\"https:\/\/lerkarmedia.com\/gci\/portfolio_category\/otros\/\">Otros<\/a><\/div><\/div>\t<\/div>\r\n<\/article>\r\n<article class=\"w-grid-item animate_hfc size_1x1 post-8367 us_portfolio type-us_portfolio status-publish has-post-thumbnail hentry us_portfolio_category-otros\" data-id=\"8367\" style=\"animation-delay:0.3s\">\r\n\t<div class=\"w-grid-item-h\">\r\n\t\t\t\t\t<a class=\"w-grid-item-anchor\" href=\"https:\/\/lerkarmedia.com\/gci\/wp-content\/uploads\/2021\/02\/Captura-de-pantalla-2021-02-02-a-las-19.06.19.jpg\" ref=\"magnificPopupGrid\" title=\"Planta de Tratamiento Aguas Residuales Braco\"><\/a>\r\n\t\t\t\t<div class=\"w-post-elm post_image usg_post_image_1 stretched\"><img loading=\"lazy\" decoding=\"async\" width=\"1024\" height=\"462\" src=\"https:\/\/lerkarmedia.com\/gci\/wp-content\/uploads\/2021\/02\/Captura-de-pantalla-2021-02-02-a-las-19.06.19-1024x462.jpg\" class=\"attachment-large size-large wp-post-image\" alt=\"\" srcset=\"https:\/\/lerkarmedia.com\/gci\/wp-content\/uploads\/2021\/02\/Captura-de-pantalla-2021-02-02-a-las-19.06.19-1024x462.jpg 1024w, https:\/\/lerkarmedia.com\/gci\/wp-content\/uploads\/2021\/02\/Captura-de-pantalla-2021-02-02-a-las-19.06.19-300x135.jpg 300w, https:\/\/lerkarmedia.com\/gci\/wp-content\/uploads\/2021\/02\/Captura-de-pantalla-2021-02-02-a-las-19.06.19-1536x693.jpg 1536w, https:\/\/lerkarmedia.com\/gci\/wp-content\/uploads\/2021\/02\/Captura-de-pantalla-2021-02-02-a-las-19.06.19.jpg 1662w\" sizes=\"auto, (max-width: 1024px) 100vw, 1024px\" \/><\/div><div class=\"w-vwrapper usg_vwrapper_1 align_center valign_middle\"><h2 class=\"w-post-elm post_title usg_post_title_1 entry-title color_link_inherit has_text_color\">Planta de Tratamiento Aguas Residuales Braco<\/h2><div class=\"w-post-elm post_taxonomy usg_post_taxonomy_1 style_simple color_link_inherit\"><a href=\"https:\/\/lerkarmedia.com\/gci\/portfolio_category\/otros\/\">Otros<\/a><\/div><\/div>\t<\/div>\r\n<\/article>\r\n<article class=\"w-grid-item animate_hfc size_1x1 post-8364 us_portfolio type-us_portfolio status-publish has-post-thumbnail hentry us_portfolio_category-otros\" data-id=\"8364\" style=\"animation-delay:0s\">\r\n\t<div class=\"w-grid-item-h\">\r\n\t\t\t\t\t<a class=\"w-grid-item-anchor\" href=\"https:\/\/lerkarmedia.com\/gci\/wp-content\/uploads\/2021\/02\/Captura-de-pantalla-2021-02-02-a-las-19.07.24.jpg\" ref=\"magnificPopupGrid\" title=\"Centro Educativo Academia San Lucas\"><\/a>\r\n\t\t\t\t<div class=\"w-post-elm post_image usg_post_image_1 stretched\"><img loading=\"lazy\" decoding=\"async\" width=\"1024\" height=\"525\" src=\"https:\/\/lerkarmedia.com\/gci\/wp-content\/uploads\/2021\/02\/Captura-de-pantalla-2021-02-02-a-las-19.07.24-1024x525.jpg\" class=\"attachment-large size-large wp-post-image\" alt=\"\" srcset=\"https:\/\/lerkarmedia.com\/gci\/wp-content\/uploads\/2021\/02\/Captura-de-pantalla-2021-02-02-a-las-19.07.24-1024x525.jpg 1024w, https:\/\/lerkarmedia.com\/gci\/wp-content\/uploads\/2021\/02\/Captura-de-pantalla-2021-02-02-a-las-19.07.24-300x154.jpg 300w, https:\/\/lerkarmedia.com\/gci\/wp-content\/uploads\/2021\/02\/Captura-de-pantalla-2021-02-02-a-las-19.07.24-1536x787.jpg 1536w, https:\/\/lerkarmedia.com\/gci\/wp-content\/uploads\/2021\/02\/Captura-de-pantalla-2021-02-02-a-las-19.07.24.jpg 1663w\" sizes=\"auto, (max-width: 1024px) 100vw, 1024px\" \/><\/div><div class=\"w-vwrapper usg_vwrapper_1 align_center valign_middle\"><h2 class=\"w-post-elm post_title usg_post_title_1 entry-title color_link_inherit has_text_color\">Centro Educativo Academia San Lucas<\/h2><div class=\"w-post-elm post_taxonomy usg_post_taxonomy_1 style_simple color_link_inherit\"><a href=\"https:\/\/lerkarmedia.com\/gci\/portfolio_category\/otros\/\">Otros<\/a><\/div><\/div>\t<\/div>\r\n<\/article>\r\n<article class=\"w-grid-item animate_hfc size_1x1 post-8320 us_portfolio type-us_portfolio status-publish has-post-thumbnail hentry us_portfolio_category-residencial\" data-id=\"8320\" style=\"animation-delay:0.1s\">\r\n\t<div class=\"w-grid-item-h\">\r\n\t\t\t\t\t<a class=\"w-grid-item-anchor\" href=\"https:\/\/lerkarmedia.com\/gci\/wp-content\/uploads\/2021\/02\/3D_View_8.png\" ref=\"magnificPopupGrid\" title=\"PH Calas de Mallorca\"><\/a>\r\n\t\t\t\t<div class=\"w-post-elm post_image usg_post_image_1 stretched\"><img loading=\"lazy\" decoding=\"async\" width=\"1024\" height=\"730\" src=\"https:\/\/lerkarmedia.com\/gci\/wp-content\/uploads\/2021\/02\/3D_View_8-1024x730.png\" class=\"attachment-large size-large wp-post-image\" alt=\"\" srcset=\"https:\/\/lerkarmedia.com\/gci\/wp-content\/uploads\/2021\/02\/3D_View_8-1024x730.png 1024w, https:\/\/lerkarmedia.com\/gci\/wp-content\/uploads\/2021\/02\/3D_View_8-300x214.png 300w, https:\/\/lerkarmedia.com\/gci\/wp-content\/uploads\/2021\/02\/3D_View_8.png 1500w\" sizes=\"auto, (max-width: 1024px) 100vw, 1024px\" \/><\/div><div class=\"w-vwrapper usg_vwrapper_1 align_center valign_middle\"><h2 class=\"w-post-elm post_title usg_post_title_1 entry-title color_link_inherit has_text_color\">PH Calas de Mallorca<\/h2><div class=\"w-post-elm post_taxonomy usg_post_taxonomy_1 style_simple color_link_inherit\"><a href=\"https:\/\/lerkarmedia.com\/gci\/portfolio_category\/residencial\/\">Residencial<\/a><\/div><\/div>\t<\/div>\r\n<\/article>\r\n<article class=\"w-grid-item animate_hfc size_1x1 post-8324 us_portfolio type-us_portfolio status-publish has-post-thumbnail hentry us_portfolio_category-residencial\" data-id=\"8324\" style=\"animation-delay:0.2s\">\r\n\t<div class=\"w-grid-item-h\">\r\n\t\t\t\t\t<a class=\"w-grid-item-anchor\" href=\"https:\/\/lerkarmedia.com\/gci\/wp-content\/uploads\/2021\/02\/Captura-de-pantalla-2021-02-02-a-las-18.44.26.jpg\" ref=\"magnificPopupGrid\" title=\"Condominio Torres de Monterrey\"><\/a>\r\n\t\t\t\t<div class=\"w-post-elm post_image usg_post_image_1 stretched\"><img loading=\"lazy\" decoding=\"async\" width=\"1024\" height=\"514\" src=\"https:\/\/lerkarmedia.com\/gci\/wp-content\/uploads\/2021\/02\/Captura-de-pantalla-2021-02-02-a-las-18.44.26-1024x514.jpg\" class=\"attachment-large size-large wp-post-image\" alt=\"\" srcset=\"https:\/\/lerkarmedia.com\/gci\/wp-content\/uploads\/2021\/02\/Captura-de-pantalla-2021-02-02-a-las-18.44.26-1024x514.jpg 1024w, https:\/\/lerkarmedia.com\/gci\/wp-content\/uploads\/2021\/02\/Captura-de-pantalla-2021-02-02-a-las-18.44.26-300x150.jpg 300w, https:\/\/lerkarmedia.com\/gci\/wp-content\/uploads\/2021\/02\/Captura-de-pantalla-2021-02-02-a-las-18.44.26-1536x770.jpg 1536w, https:\/\/lerkarmedia.com\/gci\/wp-content\/uploads\/2021\/02\/Captura-de-pantalla-2021-02-02-a-las-18.44.26.jpg 1663w\" sizes=\"auto, (max-width: 1024px) 100vw, 1024px\" \/><\/div><div class=\"w-vwrapper usg_vwrapper_1 align_center valign_middle\"><h2 class=\"w-post-elm post_title usg_post_title_1 entry-title color_link_inherit has_text_color\">Condominio Torres de Monterrey<\/h2><div class=\"w-post-elm post_taxonomy usg_post_taxonomy_1 style_simple color_link_inherit\"><a href=\"https:\/\/lerkarmedia.com\/gci\/portfolio_category\/residencial\/\">Residencial<\/a><\/div><\/div>\t<\/div>\r\n<\/article>\r\n<article class=\"w-grid-item animate_hfc size_1x1 post-8327 us_portfolio type-us_portfolio status-publish has-post-thumbnail hentry us_portfolio_category-residencial\" data-id=\"8327\" style=\"animation-delay:0.3s\">\r\n\t<div class=\"w-grid-item-h\">\r\n\t\t\t\t\t<a class=\"w-grid-item-anchor\" href=\"https:\/\/lerkarmedia.com\/gci\/wp-content\/uploads\/2021\/02\/Bahia-Encantada-1.jpg\" ref=\"magnificPopupGrid\" title=\"Condominios Bahia Encantada\"><\/a>\r\n\t\t\t\t<div class=\"w-post-elm post_image usg_post_image_1 stretched\"><img loading=\"lazy\" decoding=\"async\" width=\"960\" height=\"720\" src=\"https:\/\/lerkarmedia.com\/gci\/wp-content\/uploads\/2021\/02\/Bahia-Encantada-1.jpg\" class=\"attachment-large size-large wp-post-image\" alt=\"\" srcset=\"https:\/\/lerkarmedia.com\/gci\/wp-content\/uploads\/2021\/02\/Bahia-Encantada-1.jpg 960w, https:\/\/lerkarmedia.com\/gci\/wp-content\/uploads\/2021\/02\/Bahia-Encantada-1-300x225.jpg 300w\" sizes=\"auto, (max-width: 960px) 100vw, 960px\" \/><\/div><div class=\"w-vwrapper usg_vwrapper_1 align_center valign_middle\"><h2 class=\"w-post-elm post_title usg_post_title_1 entry-title color_link_inherit has_text_color\">Condominios Bahia Encantada<\/h2><div class=\"w-post-elm post_taxonomy usg_post_taxonomy_1 style_simple color_link_inherit\"><a href=\"https:\/\/lerkarmedia.com\/gci\/portfolio_category\/residencial\/\">Residencial<\/a><\/div><\/div>\t<\/div>\r\n<\/article>\r\n<\/div><div class=\"w-grid-preloader\"><div class=\"g-preloader type_custom\">\r\n\t<div><img loading=\"lazy\" decoding=\"async\" width=\"300\" height=\"152\" src=\"https:\/\/lerkarmedia.com\/gci\/wp-content\/uploads\/2021\/01\/GCI_Logos-300x152.png\" class=\"attachment-medium size-medium\" alt=\"\" srcset=\"https:\/\/lerkarmedia.com\/gci\/wp-content\/uploads\/2021\/01\/GCI_Logos-300x152.png 300w, https:\/\/lerkarmedia.com\/gci\/wp-content\/uploads\/2021\/01\/GCI_Logos.png 543w\" sizes=\"auto, (max-width: 300px) 100vw, 300px\" \/><\/div>\r\n<\/div>\r\n<\/div>\t\t<div class=\"g-loadmore \">\r\n\t\t\t<div class=\"g-preloader type_1\">\r\n\t\t\t\t<div><\/div>\r\n\t\t\t<\/div>\r\n\t\t\t<a class=\"w-btn us-btn-style_1\" href=\"javascript:void(0)\">\r\n\t\t\t\t<span class=\"w-btn-label\">Cargar m\u00e1s<\/span>\r\n\t\t\t<\/a>\r\n\t\t<\/div>\r\n\t\t\t<div class=\"w-grid-json hidden\" onclick='return {&quot;action&quot;:&quot;us_ajax_grid&quot;,&quot;ajax_url&quot;:&quot;https:\\\/\\\/lerkarmedia.com\\\/gci\\\/wp-admin\\\/admin-ajax.php&quot;,&quot;infinite_scroll&quot;:true,&quot;max_num_pages&quot;:7,&quot;pagination&quot;:&quot;ajax&quot;,&quot;permalink_url&quot;:&quot;https:\\\/\\\/lerkarmedia.com\\\/gci\\\/wp-json\\\/wp\\\/v2\\\/pages\\\/5629&quot;,&quot;template_vars&quot;:{&quot;columns&quot;:&quot;2&quot;,&quot;exclude_items&quot;:&quot;none&quot;,&quot;img_size&quot;:&quot;default&quot;,&quot;ignore_items_size&quot;:false,&quot;items_layout&quot;:&quot;portfolio_5&quot;,&quot;items_offset&quot;:&quot;1&quot;,&quot;load_animation&quot;:&quot;hfc&quot;,&quot;overriding_link&quot;:&quot;popup_post_image&quot;,&quot;post_id&quot;:5629,&quot;query_args&quot;:{&quot;post_type&quot;:[&quot;us_portfolio&quot;],&quot;post_status&quot;:[&quot;publish&quot;],&quot;posts_per_page&quot;:&quot;12&quot;},&quot;orderby_query_args&quot;:{&quot;orderby&quot;:{&quot;date&quot;:&quot;DESC&quot;}},&quot;type&quot;:&quot;metro&quot;,&quot;us_grid_ajax_index&quot;:1,&quot;us_grid_filter_params&quot;:null,&quot;us_grid_index&quot;:1,&quot;_us_grid_post_type&quot;:&quot;us_portfolio&quot;}}'><\/div>\r\n\t<\/div><\/div><\/div><\/div><\/div><\/div><\/section>\n<\/div>","protected":false},"excerpt":{"rendered":"Condominios Bahia EncantadaCliente Day Star Properties Categor\u00eda RESIDENCIAL Ubicaci\u00f3n PUNTARENAS COSTA RICA Servicio Dise\u00f1o, planos constructivos e inspecci\u00f3n (ingenier\u00eda civil, estructural, el\u00e9ctrica y mec\u00e1nica) \u00c1rea 6000 m2","protected":false},"author":1,"featured_media":0,"parent":0,"menu_order":0,"comment_status":"closed","ping_status":"closed","template":"","meta":{"nf_dc_page":"","footnotes":""},"class_list":["post-5629","page","type-page","status-publish","hentry"],"_links":{"self":[{"href":"https:\/\/lerkarmedia.com\/gci\/wp-json\/wp\/v2\/pages\/5629","targetHints":{"allow":["GET"]}}],"collection":[{"href":"https:\/\/lerkarmedia.com\/gci\/wp-json\/wp\/v2\/pages"}],"about":[{"href":"https:\/\/lerkarmedia.com\/gci\/wp-json\/wp\/v2\/types\/page"}],"author":[{"embeddable":true,"href":"https:\/\/lerkarmedia.com\/gci\/wp-json\/wp\/v2\/users\/1"}],"replies":[{"embeddable":true,"href":"https:\/\/lerkarmedia.com\/gci\/wp-json\/wp\/v2\/comments?post=5629"}],"version-history":[{"count":0,"href":"https:\/\/lerkarmedia.com\/gci\/wp-json\/wp\/v2\/pages\/5629\/revisions"}],"wp:attachment":[{"href":"https:\/\/lerkarmedia.com\/gci\/wp-json\/wp\/v2\/media?parent=5629"}],"curies":[{"name":"wp","href":"https:\/\/api.w.org\/{rel}","templated":true}]}}