{"id":42,"date":"2013-05-31T12:09:59","date_gmt":"2013-05-31T12:09:59","guid":{"rendered":"http:\/\/impreza.us-themes.net\/portfolio-4-columns\/"},"modified":"2013-05-31T12:09:59","modified_gmt":"2013-05-31T12:09:59","slug":"portfolio-grid-2","status":"publish","type":"page","link":"https:\/\/lerkarmedia.com\/gci\/portfolio-grid-2\/","title":{"rendered":"Portfolio Grid 2"},"content":{"rendered":"<div class=\"wpb-content-wrapper\"><section class=\"l-section wpb_row height_auto width_full\"><div class=\"l-section-h i-cf\"><div class=\"g-cols vc_row type_default valign_top\"><div class=\"vc_col-sm-12 wpb_column vc_column_container\"><div class=\"vc_column-inner\"><div class=\"wpb_wrapper\"><div class=\"w-separator size_medium\"><\/div><div class=\"w-grid type_grid layout_portfolio_5 cols_4 with_filters no_gap ratio_1x1\" id=\"us_grid_1\"><style id=\"us_grid_1_css\">@media (max-width:1199px){#us_grid_1 .w-grid-item{width:33.3333%}#us_grid_1 .w-grid-item.size_2x1,#us_grid_1 .w-grid-item.size_2x2{width:66.6667%}}@media (max-width:899px){#us_grid_1 .w-grid-item{width:50.0000%}#us_grid_1 .w-grid-item.size_2x1,#us_grid_1 .w-grid-item.size_2x2{width:100.0000%}}@media (max-width:599px){#us_grid_1 .w-grid-item{width:100.0000%}}<\/style><style>.layout_portfolio_5 .w-grid-item-h:before{padding-bottom:100.0000%}@media (min-width:600px){.layout_portfolio_5 .w-grid-item.size_1x2 .w-grid-item-h:before{padding-bottom:calc(200.0000% + 0px + 0px)}.layout_portfolio_5 .w-grid-item.size_2x1 .w-grid-item-h:before{padding-bottom:calc(50.0000% - 0px * 1.0000)}.layout_portfolio_5 .w-grid-item.size_2x2 .w-grid-item-h:before{padding-bottom:calc(100.0000% - 0px * 0)}}.layout_portfolio_5 .w-grid-item-h{background:#ffffff;color:#333333}.layout_portfolio_5 .usg_post_image_1{transition-duration:0.4s;transform-origin:50% 50%;transform:scale(1) translate(0,0)}.layout_portfolio_5 .w-grid-item-h:hover .usg_post_image_1{transform:scale(1.2) translate(0,0);opacity:1}.layout_portfolio_5 .usg_vwrapper_1{transition-duration:0.3s;transform-origin:50% 50%;transform:scale(0) translate(0,0);opacity:0}.layout_portfolio_5 .w-grid-item-h:hover .usg_vwrapper_1{transform:scale(1) translate(0,0);opacity:0.95}.layout_portfolio_5 .usg_post_image_1{position:absolute!important;top:0!important;right:0!important;bottom:0!important;left:0!important}.layout_portfolio_5 .usg_vwrapper_1{position:absolute!important;top:1.3rem!important;right:1.3rem!important;bottom:1.3rem!important;left:1.3rem!important;padding:2rem!important;background:inherit!important}.layout_portfolio_5 .usg_post_title_1{color:inherit!important;font-size:1.4rem!important}<\/style><div class=\"g-filters style_3 align_center\"><div class=\"g-filters-list\"><a class=\"g-filters-item active\" href=\"javascript:void(0)\" data-taxonomy=\"*\"><span>Todo<\/span><\/a><a class=\"g-filters-item\" href=\"javascript:void(0)\" data-taxonomy=\"aeroportuario\" data-amount=\"10\"><span>Aeroportuario<\/span><span class=\"g-filters-item-amount\">10<\/span><\/a><a class=\"g-filters-item\" href=\"javascript:void(0)\" data-taxonomy=\"comercial\" data-amount=\"10\"><span>Comercial<\/span><span class=\"g-filters-item-amount\">10<\/span><\/a><a class=\"g-filters-item\" href=\"javascript:void(0)\" data-taxonomy=\"industrial\" data-amount=\"10\"><span>Industrial<\/span><span class=\"g-filters-item-amount\">10<\/span><\/a><a class=\"g-filters-item\" href=\"javascript:void(0)\" data-taxonomy=\"infraestructura\" data-amount=\"10\"><span>Infraestructura<\/span><span class=\"g-filters-item-amount\">10<\/span><\/a><a class=\"g-filters-item\" href=\"javascript:void(0)\" data-taxonomy=\"oficina\" data-amount=\"10\"><span>Oficina<\/span><span class=\"g-filters-item-amount\">10<\/span><\/a><a class=\"g-filters-item\" href=\"javascript:void(0)\" data-taxonomy=\"otros\" data-amount=\"10\"><span>Otros<\/span><span class=\"g-filters-item-amount\">10<\/span><\/a><a class=\"g-filters-item\" href=\"javascript:void(0)\" data-taxonomy=\"publico\" data-amount=\"10\"><span>P\u00fablico<\/span><span class=\"g-filters-item-amount\">10<\/span><\/a><a class=\"g-filters-item\" href=\"javascript:void(0)\" data-taxonomy=\"residencial\" data-amount=\"10\"><span>Residencial<\/span><span class=\"g-filters-item-amount\">10<\/span><\/a><\/div><\/div><div class=\"w-grid-list\"  data-filter_taxonomy_name=\"us_portfolio_category\"><article class=\"w-grid-item size_1x1 post-8520 us_portfolio type-us_portfolio status-publish has-post-thumbnail hentry us_portfolio_category-industrial\" data-id=\"8520\">\r\n\t<div class=\"w-grid-item-h\">\r\n\t\t\t\t\t<a class=\"w-grid-item-anchor\" href=\"https:\/\/lerkarmedia.com\/gci\/portfolio\/tolva-de-biomasa-2\/\" rel=\"bookmark\" aria-label=\"TOLVA DE BIOMASA\"><\/a>\r\n\t\t\t\t<div class=\"w-post-elm post_image usg_post_image_1 stretched\"><img loading=\"lazy\" decoding=\"async\" width=\"448\" height=\"598\" src=\"https:\/\/lerkarmedia.com\/gci\/wp-content\/uploads\/2021\/02\/Captura-de-pantalla-2021-02-09-a-las-14.37.33.png\" class=\"attachment-large size-large wp-post-image\" alt=\"\" srcset=\"https:\/\/lerkarmedia.com\/gci\/wp-content\/uploads\/2021\/02\/Captura-de-pantalla-2021-02-09-a-las-14.37.33.png 448w, https:\/\/lerkarmedia.com\/gci\/wp-content\/uploads\/2021\/02\/Captura-de-pantalla-2021-02-09-a-las-14.37.33-225x300.png 225w\" sizes=\"auto, (max-width: 448px) 100vw, 448px\" \/><\/div><div class=\"w-vwrapper usg_vwrapper_1 align_center valign_middle\"><h2 class=\"w-post-elm post_title usg_post_title_1 entry-title color_link_inherit has_text_color\">TOLVA DE BIOMASA<\/h2><div class=\"w-post-elm post_taxonomy usg_post_taxonomy_1 style_simple color_link_inherit\"><a href=\"https:\/\/lerkarmedia.com\/gci\/portfolio_category\/industrial\/\">Industrial<\/a><\/div><\/div>\t<\/div>\r\n<\/article>\r\n<article class=\"w-grid-item size_1x1 post-8480 us_portfolio type-us_portfolio status-publish has-post-thumbnail hentry us_portfolio_category-infraestructura us_portfolio_tag-home\" data-id=\"8480\">\r\n\t<div class=\"w-grid-item-h\">\r\n\t\t\t\t\t<a class=\"w-grid-item-anchor\" href=\"https:\/\/lerkarmedia.com\/gci\/portfolio\/puerto-para-la-autoridad-de-singapur\/\" rel=\"bookmark\" aria-label=\"SINGAPORE PORT AUTHORITY.  PORT EXPANSION PROJECT\"><\/a>\r\n\t\t\t\t<div class=\"w-post-elm post_image usg_post_image_1 stretched\"><img loading=\"lazy\" decoding=\"async\" width=\"619\" height=\"475\" src=\"https:\/\/lerkarmedia.com\/gci\/wp-content\/uploads\/2021\/02\/Puerto-Autoridades-Singapur.jpg\" class=\"attachment-large size-large wp-post-image\" alt=\"\" srcset=\"https:\/\/lerkarmedia.com\/gci\/wp-content\/uploads\/2021\/02\/Puerto-Autoridades-Singapur.jpg 619w, https:\/\/lerkarmedia.com\/gci\/wp-content\/uploads\/2021\/02\/Puerto-Autoridades-Singapur-300x230.jpg 300w\" sizes=\"auto, (max-width: 619px) 100vw, 619px\" \/><\/div><div class=\"w-vwrapper usg_vwrapper_1 align_center valign_middle\"><h2 class=\"w-post-elm post_title usg_post_title_1 entry-title color_link_inherit has_text_color\">SINGAPORE PORT AUTHORITY.  PORT EXPANSION PROJECT<\/h2><div class=\"w-post-elm post_taxonomy usg_post_taxonomy_1 style_simple color_link_inherit\"><a href=\"https:\/\/lerkarmedia.com\/gci\/portfolio_category\/infraestructura\/\">Infraestructura<\/a><\/div><\/div>\t<\/div>\r\n<\/article>\r\n<article class=\"w-grid-item size_1x1 post-340 us_portfolio type-us_portfolio status-publish has-post-thumbnail hentry us_portfolio_category-aeroportuario us_portfolio_tag-home\" data-id=\"340\">\r\n\t<div class=\"w-grid-item-h\">\r\n\t\t\t\t\t<a class=\"w-grid-item-anchor\" href=\"https:\/\/lerkarmedia.com\/gci\/portfolio\/project-example-1-square-book\/\" rel=\"bookmark\" aria-label=\"HANGAR DE COOPESA PARA MANTENIMIENTO DE AERONAVES\"><\/a>\r\n\t\t\t\t<div class=\"w-post-elm post_image usg_post_image_1 stretched\"><img loading=\"lazy\" decoding=\"async\" width=\"1024\" height=\"834\" src=\"https:\/\/lerkarmedia.com\/gci\/wp-content\/uploads\/2014\/09\/3D_View_5-1024x834.jpg\" class=\"attachment-large size-large wp-post-image\" alt=\"\" srcset=\"https:\/\/lerkarmedia.com\/gci\/wp-content\/uploads\/2014\/09\/3D_View_5-1024x834.jpg 1024w, https:\/\/lerkarmedia.com\/gci\/wp-content\/uploads\/2014\/09\/3D_View_5-300x244.jpg 300w, https:\/\/lerkarmedia.com\/gci\/wp-content\/uploads\/2014\/09\/3D_View_5.jpg 1500w\" sizes=\"auto, (max-width: 1024px) 100vw, 1024px\" \/><\/div><div class=\"w-vwrapper usg_vwrapper_1 align_center valign_middle\"><h2 class=\"w-post-elm post_title usg_post_title_1 entry-title color_link_inherit has_text_color\">HANGAR DE COOPESA PARA MANTENIMIENTO DE AERONAVES<\/h2><div class=\"w-post-elm post_taxonomy usg_post_taxonomy_1 style_simple color_link_inherit\"><a href=\"https:\/\/lerkarmedia.com\/gci\/portfolio_category\/aeroportuario\/\">Aeroportuario<\/a><\/div><\/div>\t<\/div>\r\n<\/article>\r\n<article class=\"w-grid-item size_1x1 post-8372 us_portfolio type-us_portfolio status-publish has-post-thumbnail hentry us_portfolio_category-otros\" data-id=\"8372\">\r\n\t<div class=\"w-grid-item-h\">\r\n\t\t\t\t\t<a class=\"w-grid-item-anchor\" href=\"https:\/\/lerkarmedia.com\/gci\/portfolio\/piso-industrial-femsa\/\" rel=\"bookmark\" aria-label=\"Piso Industrial FEMSA\"><\/a>\r\n\t\t\t\t<div class=\"w-post-elm post_image usg_post_image_1 stretched\"><img loading=\"lazy\" decoding=\"async\" width=\"1024\" height=\"575\" src=\"https:\/\/lerkarmedia.com\/gci\/wp-content\/uploads\/2021\/02\/20181214_045400-1024x575.jpg\" class=\"attachment-large size-large wp-post-image\" alt=\"\" srcset=\"https:\/\/lerkarmedia.com\/gci\/wp-content\/uploads\/2021\/02\/20181214_045400-1024x575.jpg 1024w, https:\/\/lerkarmedia.com\/gci\/wp-content\/uploads\/2021\/02\/20181214_045400-300x168.jpg 300w, https:\/\/lerkarmedia.com\/gci\/wp-content\/uploads\/2021\/02\/20181214_045400-1536x863.jpg 1536w\" sizes=\"auto, (max-width: 1024px) 100vw, 1024px\" \/><\/div><div class=\"w-vwrapper usg_vwrapper_1 align_center valign_middle\"><h2 class=\"w-post-elm post_title usg_post_title_1 entry-title color_link_inherit has_text_color\">Piso Industrial FEMSA<\/h2><div class=\"w-post-elm post_taxonomy usg_post_taxonomy_1 style_simple color_link_inherit\"><a href=\"https:\/\/lerkarmedia.com\/gci\/portfolio_category\/otros\/\">Otros<\/a><\/div><\/div>\t<\/div>\r\n<\/article>\r\n<article class=\"w-grid-item size_1x1 post-8371 us_portfolio type-us_portfolio status-publish has-post-thumbnail hentry us_portfolio_category-otros\" data-id=\"8371\">\r\n\t<div class=\"w-grid-item-h\">\r\n\t\t\t\t\t<a class=\"w-grid-item-anchor\" href=\"https:\/\/lerkarmedia.com\/gci\/portfolio\/piso-industrial-tical\/\" rel=\"bookmark\" aria-label=\"Piso Industrial Tical\"><\/a>\r\n\t\t\t\t<div class=\"w-post-elm post_image usg_post_image_1 stretched\"><img loading=\"lazy\" decoding=\"async\" width=\"1024\" height=\"498\" src=\"https:\/\/lerkarmedia.com\/gci\/wp-content\/uploads\/2021\/02\/Captura-de-pantalla-2021-02-02-a-las-19.03.57-1024x498.jpg\" class=\"attachment-large size-large wp-post-image\" alt=\"\" srcset=\"https:\/\/lerkarmedia.com\/gci\/wp-content\/uploads\/2021\/02\/Captura-de-pantalla-2021-02-02-a-las-19.03.57-1024x498.jpg 1024w, https:\/\/lerkarmedia.com\/gci\/wp-content\/uploads\/2021\/02\/Captura-de-pantalla-2021-02-02-a-las-19.03.57-300x146.jpg 300w, https:\/\/lerkarmedia.com\/gci\/wp-content\/uploads\/2021\/02\/Captura-de-pantalla-2021-02-02-a-las-19.03.57-1536x748.jpg 1536w, https:\/\/lerkarmedia.com\/gci\/wp-content\/uploads\/2021\/02\/Captura-de-pantalla-2021-02-02-a-las-19.03.57.jpg 1664w\" sizes=\"auto, (max-width: 1024px) 100vw, 1024px\" \/><\/div><div class=\"w-vwrapper usg_vwrapper_1 align_center valign_middle\"><h2 class=\"w-post-elm post_title usg_post_title_1 entry-title color_link_inherit has_text_color\">Piso Industrial Tical<\/h2><div class=\"w-post-elm post_taxonomy usg_post_taxonomy_1 style_simple color_link_inherit\"><a href=\"https:\/\/lerkarmedia.com\/gci\/portfolio_category\/otros\/\">Otros<\/a><\/div><\/div>\t<\/div>\r\n<\/article>\r\n<article class=\"w-grid-item size_1x1 post-8370 us_portfolio type-us_portfolio status-publish has-post-thumbnail hentry us_portfolio_category-otros\" data-id=\"8370\">\r\n\t<div class=\"w-grid-item-h\">\r\n\t\t\t\t\t<a class=\"w-grid-item-anchor\" href=\"https:\/\/lerkarmedia.com\/gci\/portfolio\/piso-industrial-cooperativa-dos-pinos\/\" rel=\"bookmark\" aria-label=\"Piso Industrial Cooperativa Dos Pinos\"><\/a>\r\n\t\t\t\t<div class=\"w-post-elm post_image usg_post_image_1 stretched\"><img loading=\"lazy\" decoding=\"async\" width=\"1024\" height=\"506\" src=\"https:\/\/lerkarmedia.com\/gci\/wp-content\/uploads\/2021\/02\/Captura-de-pantalla-2021-02-02-a-las-19.04.55-1024x506.jpg\" class=\"attachment-large size-large wp-post-image\" alt=\"\" srcset=\"https:\/\/lerkarmedia.com\/gci\/wp-content\/uploads\/2021\/02\/Captura-de-pantalla-2021-02-02-a-las-19.04.55-1024x506.jpg 1024w, https:\/\/lerkarmedia.com\/gci\/wp-content\/uploads\/2021\/02\/Captura-de-pantalla-2021-02-02-a-las-19.04.55-300x148.jpg 300w, https:\/\/lerkarmedia.com\/gci\/wp-content\/uploads\/2021\/02\/Captura-de-pantalla-2021-02-02-a-las-19.04.55-1536x759.jpg 1536w, https:\/\/lerkarmedia.com\/gci\/wp-content\/uploads\/2021\/02\/Captura-de-pantalla-2021-02-02-a-las-19.04.55.jpg 1662w\" sizes=\"auto, (max-width: 1024px) 100vw, 1024px\" \/><\/div><div class=\"w-vwrapper usg_vwrapper_1 align_center valign_middle\"><h2 class=\"w-post-elm post_title usg_post_title_1 entry-title color_link_inherit has_text_color\">Piso Industrial Cooperativa Dos Pinos<\/h2><div class=\"w-post-elm post_taxonomy usg_post_taxonomy_1 style_simple color_link_inherit\"><a href=\"https:\/\/lerkarmedia.com\/gci\/portfolio_category\/otros\/\">Otros<\/a><\/div><\/div>\t<\/div>\r\n<\/article>\r\n<article class=\"w-grid-item size_1x1 post-8369 us_portfolio type-us_portfolio status-publish has-post-thumbnail hentry us_portfolio_category-otros us_portfolio_tag-home\" data-id=\"8369\">\r\n\t<div class=\"w-grid-item-h\">\r\n\t\t\t\t\t<a class=\"w-grid-item-anchor\" href=\"https:\/\/lerkarmedia.com\/gci\/portfolio\/centro-medico-sirius\/\" rel=\"bookmark\" aria-label=\"Centro M\u00e9dico Sirius\"><\/a>\r\n\t\t\t\t<div class=\"w-post-elm post_image usg_post_image_1 stretched\"><img loading=\"lazy\" decoding=\"async\" width=\"1024\" height=\"806\" src=\"https:\/\/lerkarmedia.com\/gci\/wp-content\/uploads\/2021\/02\/Edificio-SIRIUS-final-1024x806.jpg\" class=\"attachment-large size-large wp-post-image\" alt=\"\" srcset=\"https:\/\/lerkarmedia.com\/gci\/wp-content\/uploads\/2021\/02\/Edificio-SIRIUS-final-1024x806.jpg 1024w, https:\/\/lerkarmedia.com\/gci\/wp-content\/uploads\/2021\/02\/Edificio-SIRIUS-final-300x236.jpg 300w, https:\/\/lerkarmedia.com\/gci\/wp-content\/uploads\/2021\/02\/Edificio-SIRIUS-final-1536x1209.jpg 1536w\" sizes=\"auto, (max-width: 1024px) 100vw, 1024px\" \/><\/div><div class=\"w-vwrapper usg_vwrapper_1 align_center valign_middle\"><h2 class=\"w-post-elm post_title usg_post_title_1 entry-title color_link_inherit has_text_color\">Centro M\u00e9dico Sirius<\/h2><div class=\"w-post-elm post_taxonomy usg_post_taxonomy_1 style_simple color_link_inherit\"><a href=\"https:\/\/lerkarmedia.com\/gci\/portfolio_category\/otros\/\">Otros<\/a><\/div><\/div>\t<\/div>\r\n<\/article>\r\n<article class=\"w-grid-item size_1x1 post-8367 us_portfolio type-us_portfolio status-publish has-post-thumbnail hentry us_portfolio_category-otros\" data-id=\"8367\">\r\n\t<div class=\"w-grid-item-h\">\r\n\t\t\t\t\t<a class=\"w-grid-item-anchor\" href=\"https:\/\/lerkarmedia.com\/gci\/portfolio\/planta-de-tratamiento-aguas-residuales-braco\/\" rel=\"bookmark\" aria-label=\"Planta de Tratamiento Aguas Residuales Braco\"><\/a>\r\n\t\t\t\t<div class=\"w-post-elm post_image usg_post_image_1 stretched\"><img loading=\"lazy\" decoding=\"async\" width=\"1024\" height=\"462\" src=\"https:\/\/lerkarmedia.com\/gci\/wp-content\/uploads\/2021\/02\/Captura-de-pantalla-2021-02-02-a-las-19.06.19-1024x462.jpg\" class=\"attachment-large size-large wp-post-image\" alt=\"\" srcset=\"https:\/\/lerkarmedia.com\/gci\/wp-content\/uploads\/2021\/02\/Captura-de-pantalla-2021-02-02-a-las-19.06.19-1024x462.jpg 1024w, https:\/\/lerkarmedia.com\/gci\/wp-content\/uploads\/2021\/02\/Captura-de-pantalla-2021-02-02-a-las-19.06.19-300x135.jpg 300w, https:\/\/lerkarmedia.com\/gci\/wp-content\/uploads\/2021\/02\/Captura-de-pantalla-2021-02-02-a-las-19.06.19-1536x693.jpg 1536w, https:\/\/lerkarmedia.com\/gci\/wp-content\/uploads\/2021\/02\/Captura-de-pantalla-2021-02-02-a-las-19.06.19.jpg 1662w\" sizes=\"auto, (max-width: 1024px) 100vw, 1024px\" \/><\/div><div class=\"w-vwrapper usg_vwrapper_1 align_center valign_middle\"><h2 class=\"w-post-elm post_title usg_post_title_1 entry-title color_link_inherit has_text_color\">Planta de Tratamiento Aguas Residuales Braco<\/h2><div class=\"w-post-elm post_taxonomy usg_post_taxonomy_1 style_simple color_link_inherit\"><a href=\"https:\/\/lerkarmedia.com\/gci\/portfolio_category\/otros\/\">Otros<\/a><\/div><\/div>\t<\/div>\r\n<\/article>\r\n<\/div><div class=\"w-grid-preloader\"><div class=\"g-preloader type_custom\">\r\n\t<div><img loading=\"lazy\" decoding=\"async\" width=\"300\" height=\"152\" src=\"https:\/\/lerkarmedia.com\/gci\/wp-content\/uploads\/2021\/01\/GCI_Logos-300x152.png\" class=\"attachment-medium size-medium\" alt=\"\" srcset=\"https:\/\/lerkarmedia.com\/gci\/wp-content\/uploads\/2021\/01\/GCI_Logos-300x152.png 300w, https:\/\/lerkarmedia.com\/gci\/wp-content\/uploads\/2021\/01\/GCI_Logos.png 543w\" sizes=\"auto, (max-width: 300px) 100vw, 300px\" \/><\/div>\r\n<\/div>\r\n<\/div>\t\t<div class=\"g-loadmore \">\r\n\t\t\t<div class=\"g-preloader type_1\">\r\n\t\t\t\t<div><\/div>\r\n\t\t\t<\/div>\r\n\t\t\t<a class=\"w-btn us-btn-style_1\" href=\"javascript:void(0)\">\r\n\t\t\t\t<span class=\"w-btn-label\">Cargar m\u00e1s<\/span>\r\n\t\t\t<\/a>\r\n\t\t<\/div>\r\n\t\t\t<div class=\"w-grid-json hidden\" onclick='return {&quot;action&quot;:&quot;us_ajax_grid&quot;,&quot;ajax_url&quot;:&quot;https:\\\/\\\/lerkarmedia.com\\\/gci\\\/wp-admin\\\/admin-ajax.php&quot;,&quot;infinite_scroll&quot;:true,&quot;max_num_pages&quot;:10,&quot;pagination&quot;:&quot;ajax&quot;,&quot;permalink_url&quot;:&quot;https:\\\/\\\/lerkarmedia.com\\\/gci\\\/wp-json\\\/wp\\\/v2\\\/pages\\\/42&quot;,&quot;template_vars&quot;:{&quot;columns&quot;:&quot;4&quot;,&quot;exclude_items&quot;:&quot;none&quot;,&quot;img_size&quot;:&quot;default&quot;,&quot;ignore_items_size&quot;:false,&quot;items_layout&quot;:&quot;portfolio_5&quot;,&quot;items_offset&quot;:&quot;1&quot;,&quot;load_animation&quot;:&quot;none&quot;,&quot;overriding_link&quot;:&quot;post&quot;,&quot;post_id&quot;:42,&quot;query_args&quot;:{&quot;post_type&quot;:[&quot;us_portfolio&quot;],&quot;post_status&quot;:[&quot;publish&quot;],&quot;posts_per_page&quot;:&quot;8&quot;},&quot;orderby_query_args&quot;:{&quot;orderby&quot;:{&quot;date&quot;:&quot;DESC&quot;}},&quot;type&quot;:&quot;grid&quot;,&quot;us_grid_ajax_index&quot;:1,&quot;us_grid_filter_params&quot;:null,&quot;us_grid_index&quot;:1,&quot;_us_grid_post_type&quot;:&quot;us_portfolio&quot;}}'><\/div>\r\n\t<\/div><\/div><\/div><\/div><\/div><\/div><\/section>\n<\/div>","protected":false},"excerpt":{"rendered":"Planta de Tratamiento Aguas Residuales BracoCliente PROAMSA Categor\u00eda OTROS Ubicaci\u00f3n Montego Bay JAMAICA Servicio Dise\u00f1o de infraestructura y planos constructivos (ingenier\u00eda el\u00e9ctrica y estructural) \u00c1rea 140 m3","protected":false},"author":1,"featured_media":0,"parent":0,"menu_order":0,"comment_status":"closed","ping_status":"closed","template":"","meta":{"nf_dc_page":"","footnotes":""},"class_list":["post-42","page","type-page","status-publish","hentry"],"_links":{"self":[{"href":"https:\/\/lerkarmedia.com\/gci\/wp-json\/wp\/v2\/pages\/42","targetHints":{"allow":["GET"]}}],"collection":[{"href":"https:\/\/lerkarmedia.com\/gci\/wp-json\/wp\/v2\/pages"}],"about":[{"href":"https:\/\/lerkarmedia.com\/gci\/wp-json\/wp\/v2\/types\/page"}],"author":[{"embeddable":true,"href":"https:\/\/lerkarmedia.com\/gci\/wp-json\/wp\/v2\/users\/1"}],"replies":[{"embeddable":true,"href":"https:\/\/lerkarmedia.com\/gci\/wp-json\/wp\/v2\/comments?post=42"}],"version-history":[{"count":0,"href":"https:\/\/lerkarmedia.com\/gci\/wp-json\/wp\/v2\/pages\/42\/revisions"}],"wp:attachment":[{"href":"https:\/\/lerkarmedia.com\/gci\/wp-json\/wp\/v2\/media?parent=42"}],"curies":[{"name":"wp","href":"https:\/\/api.w.org\/{rel}","templated":true}]}}