{"id":2565,"date":"2013-12-17T09:39:11","date_gmt":"2013-12-17T09:39:11","guid":{"rendered":"http:\/\/impreza.us-themes.net\/?page_id=2565"},"modified":"2013-12-17T09:39:11","modified_gmt":"2013-12-17T09:39:11","slug":"person-page","status":"publish","type":"page","link":"https:\/\/lerkarmedia.com\/gci\/pages\/person-page\/","title":{"rendered":"Person Page"},"content":{"rendered":"<div class=\"wpb-content-wrapper\"><section class=\"l-section wpb_row height_custom\"><div class=\"l-section-h i-cf\"><div class=\"g-cols vc_row type_default valign_top\"><div class=\"vc_col-sm-12 wpb_column vc_column_container\"><div class=\"vc_column-inner\"><div class=\"wpb_wrapper\"><div class=\"g-cols wpb_row  type_default valign_middle vc_inner\"><div class=\"vc_col-sm-6 wpb_column vc_column_container\"><div class=\"vc_column-inner\"><div class=\"wpb_wrapper\"><div class=\"wpb_text_column\" ><div class=\"wpb_wrapper\"><h1>David Smith<\/h1>\n<h6><strong>Marketing Director<\/strong><\/h6>\n<p>Lorem ipsum dolor sit amet, consectetur adipiscing elit. Etiam aliquam massa quis mauris sollicitudin commodo venenatis ligula commodo. Sed blandit convallis dignissim. Pellentesque pharetra velit eu velit elementum et convallis erat vulputate. Sed in nulla ut elit mollis posuere. Praesent a felis accumsan neque interdum molestie ut id massa.<\/p>\n<p>Integer dignissim lorem vel venenatis euismod. Donec sit amet purus et quam dapibus convallis sed quis diam. Pellentesque auctor enim vitae lacus rutrum facilisis. Aliquam dignissim augue a molestie pharetra. Vivamus bibendum ex diam, tempor rhoncus libero imperdiet ac.<\/p>\n<\/div><\/div><\/div><\/div><\/div><div class=\"vc_col-sm-6 wpb_column vc_column_container\"><div class=\"vc_column-inner\"><div class=\"wpb_wrapper\"><div class=\"w-image align_center\"><div class=\"w-image-h\"><img loading=\"lazy\" decoding=\"async\" width=\"1200\" height=\"1200\" src=\"https:\/\/lerkarmedia.com\/gci\/wp-content\/uploads\/2019\/08\/us-placeholder-square.jpg\" class=\"attachment-full size-full\" alt=\"\" srcset=\"https:\/\/lerkarmedia.com\/gci\/wp-content\/uploads\/2019\/08\/us-placeholder-square.jpg 1200w, https:\/\/lerkarmedia.com\/gci\/wp-content\/uploads\/2019\/08\/us-placeholder-square-300x300.jpg 300w, https:\/\/lerkarmedia.com\/gci\/wp-content\/uploads\/2019\/08\/us-placeholder-square-1024x1024.jpg 1024w, https:\/\/lerkarmedia.com\/gci\/wp-content\/uploads\/2019\/08\/us-placeholder-square-150x150.jpg 150w\" sizes=\"auto, (max-width: 1200px) 100vw, 1200px\" \/><\/div><\/div><\/div><\/div><\/div><\/div><div class=\"w-separator size_medium\"><\/div><div class=\"w-tabs layout_hor style_trendy switch_click icon_chevron iconpos_right title_atleft\"><div class=\"w-tabs-list hidden items_3 stretch\" style=\"font-family:&#039;Raleway&#039;, sans-serif;font-size:1.8rem;\"><div class=\"w-tabs-list-h\"><a class=\"w-tabs-item active\" aria-controls=\"content-works\" href=\"javascript:void(0);\"><span class=\"w-tabs-item-title\">Works<\/span><\/a><a class=\"w-tabs-item\" aria-controls=\"content-socials\" href=\"javascript:void(0);\"><span class=\"w-tabs-item-title\">Socials<\/span><\/a><a class=\"w-tabs-item\" aria-controls=\"content-favorites\" href=\"javascript:void(0);\"><span class=\"w-tabs-item-title\">Favorites<\/span><\/a><\/div><\/div><div class=\"w-tabs-sections\"><div class=\"w-tabs-sections-h\"><div class=\"w-tabs-section no_indents active\" id=\"works\"><button aria-controls=\"content-works\" class=\"w-tabs-section-header active\" style=\"font-size:1.8rem\"><div class=\"w-tabs-section-header-h\"><div class=\"w-tabs-section-title\">Works<\/div><div class=\"w-tabs-section-control\"><\/div><\/div><\/button><div class=\"w-tabs-section-content\" id=\"content-works\" aria-expanded=\"true\"><div class=\"w-tabs-section-content-h i-cf\"><div class=\"w-grid type_grid layout_portfolio_9 cols_4 no_gap ratio_1x1\" id=\"us_grid_1\" data-filterable=\"true\"><style id=\"us_grid_1_css\">@media (max-width:1199px){#us_grid_1 .w-grid-item{width:33.3333%}#us_grid_1 .w-grid-item.size_2x1,#us_grid_1 .w-grid-item.size_2x2{width:66.6667%}}@media (max-width:899px){#us_grid_1 .w-grid-item{width:50.0000%}#us_grid_1 .w-grid-item.size_2x1,#us_grid_1 .w-grid-item.size_2x2{width:100.0000%}}@media (max-width:599px){#us_grid_1 .w-grid-item{width:100.0000%}}<\/style><style>.layout_portfolio_9 .w-grid-item-h:before{padding-bottom:100.0000%}@media (min-width:600px){.layout_portfolio_9 .w-grid-item.size_1x2 .w-grid-item-h:before{padding-bottom:calc(200.0000% + 0px + 0px)}.layout_portfolio_9 .w-grid-item.size_2x1 .w-grid-item-h:before{padding-bottom:calc(50.0000% - 0px * 1.0000)}.layout_portfolio_9 .w-grid-item.size_2x2 .w-grid-item-h:before{padding-bottom:calc(100.0000% - 0px * 0)}}.layout_portfolio_9 .w-grid-item-h{}.layout_portfolio_9 .usg_post_image_1{transition-duration:0.4s;transform-origin:50% 50%;transform:scale(1) translate(0,0)}.layout_portfolio_9 .w-grid-item-h:hover .usg_post_image_1{transform:scale(4) translate(0,0);opacity:0}.layout_portfolio_9 .usg_vwrapper_1{transition-duration:0.5s;transform-origin:50% 50%;transform:scale(0) translate(0,0)}.layout_portfolio_9 .w-grid-item-h:hover .usg_vwrapper_1{transform:scale(1) translate(0,0);opacity:1}.layout_portfolio_9 .usg_post_image_1{position:absolute!important;top:0!important;right:0!important;bottom:0!important;left:0!important}.layout_portfolio_9 .usg_vwrapper_1{position:absolute!important;top:0!important;right:0!important;bottom:0!important;left:0!important;padding:2rem!important}.layout_portfolio_9 .usg_post_title_1{color:inherit!important;font-size:1.4rem!important}<\/style><div class=\"w-grid-list\" ><article class=\"w-grid-item size_1x1 post-8520 us_portfolio type-us_portfolio status-publish has-post-thumbnail hentry us_portfolio_category-industrial\" data-id=\"8520\">\r\n\t<div class=\"w-grid-item-h\">\r\n\t\t\t\t\t<a class=\"w-grid-item-anchor\" href=\"https:\/\/lerkarmedia.com\/gci\/portfolio\/tolva-de-biomasa-2\/\" rel=\"bookmark\" aria-label=\"TOLVA DE BIOMASA\"><\/a>\r\n\t\t\t\t<div class=\"w-post-elm post_image usg_post_image_1 stretched\"><img loading=\"lazy\" decoding=\"async\" width=\"448\" height=\"598\" src=\"https:\/\/lerkarmedia.com\/gci\/wp-content\/uploads\/2021\/02\/Captura-de-pantalla-2021-02-09-a-las-14.37.33.png\" class=\"attachment-large size-large wp-post-image\" alt=\"\" srcset=\"https:\/\/lerkarmedia.com\/gci\/wp-content\/uploads\/2021\/02\/Captura-de-pantalla-2021-02-09-a-las-14.37.33.png 448w, https:\/\/lerkarmedia.com\/gci\/wp-content\/uploads\/2021\/02\/Captura-de-pantalla-2021-02-09-a-las-14.37.33-225x300.png 225w\" sizes=\"auto, (max-width: 448px) 100vw, 448px\" \/><\/div><div class=\"w-vwrapper usg_vwrapper_1 align_center valign_middle\"><h2 class=\"w-post-elm post_title usg_post_title_1 entry-title color_link_inherit has_text_color\">TOLVA DE BIOMASA<\/h2><div class=\"w-post-elm post_taxonomy usg_post_taxonomy_1 style_simple color_link_inherit\"><a href=\"https:\/\/lerkarmedia.com\/gci\/portfolio_category\/industrial\/\">Industrial<\/a><\/div><\/div>\t<\/div>\r\n<\/article>\r\n<article class=\"w-grid-item size_1x1 post-8480 us_portfolio type-us_portfolio status-publish has-post-thumbnail hentry us_portfolio_category-infraestructura us_portfolio_tag-home\" data-id=\"8480\">\r\n\t<div class=\"w-grid-item-h\">\r\n\t\t\t\t\t<a class=\"w-grid-item-anchor\" href=\"https:\/\/lerkarmedia.com\/gci\/portfolio\/puerto-para-la-autoridad-de-singapur\/\" rel=\"bookmark\" aria-label=\"SINGAPORE PORT AUTHORITY.  PORT EXPANSION PROJECT\"><\/a>\r\n\t\t\t\t<div class=\"w-post-elm post_image usg_post_image_1 stretched\"><img loading=\"lazy\" decoding=\"async\" width=\"619\" height=\"475\" src=\"https:\/\/lerkarmedia.com\/gci\/wp-content\/uploads\/2021\/02\/Puerto-Autoridades-Singapur.jpg\" class=\"attachment-large size-large wp-post-image\" alt=\"\" srcset=\"https:\/\/lerkarmedia.com\/gci\/wp-content\/uploads\/2021\/02\/Puerto-Autoridades-Singapur.jpg 619w, https:\/\/lerkarmedia.com\/gci\/wp-content\/uploads\/2021\/02\/Puerto-Autoridades-Singapur-300x230.jpg 300w\" sizes=\"auto, (max-width: 619px) 100vw, 619px\" \/><\/div><div class=\"w-vwrapper usg_vwrapper_1 align_center valign_middle\"><h2 class=\"w-post-elm post_title usg_post_title_1 entry-title color_link_inherit has_text_color\">SINGAPORE PORT AUTHORITY.  PORT EXPANSION PROJECT<\/h2><div class=\"w-post-elm post_taxonomy usg_post_taxonomy_1 style_simple color_link_inherit\"><a href=\"https:\/\/lerkarmedia.com\/gci\/portfolio_category\/infraestructura\/\">Infraestructura<\/a><\/div><\/div>\t<\/div>\r\n<\/article>\r\n<article class=\"w-grid-item size_1x1 post-340 us_portfolio type-us_portfolio status-publish has-post-thumbnail hentry us_portfolio_category-aeroportuario us_portfolio_tag-home\" data-id=\"340\">\r\n\t<div class=\"w-grid-item-h\">\r\n\t\t\t\t\t<a class=\"w-grid-item-anchor\" href=\"https:\/\/lerkarmedia.com\/gci\/portfolio\/project-example-1-square-book\/\" rel=\"bookmark\" aria-label=\"HANGAR DE COOPESA PARA MANTENIMIENTO DE AERONAVES\"><\/a>\r\n\t\t\t\t<div class=\"w-post-elm post_image usg_post_image_1 stretched\"><img loading=\"lazy\" decoding=\"async\" width=\"1024\" height=\"834\" src=\"https:\/\/lerkarmedia.com\/gci\/wp-content\/uploads\/2014\/09\/3D_View_5-1024x834.jpg\" class=\"attachment-large size-large wp-post-image\" alt=\"\" srcset=\"https:\/\/lerkarmedia.com\/gci\/wp-content\/uploads\/2014\/09\/3D_View_5-1024x834.jpg 1024w, https:\/\/lerkarmedia.com\/gci\/wp-content\/uploads\/2014\/09\/3D_View_5-300x244.jpg 300w, https:\/\/lerkarmedia.com\/gci\/wp-content\/uploads\/2014\/09\/3D_View_5.jpg 1500w\" sizes=\"auto, (max-width: 1024px) 100vw, 1024px\" \/><\/div><div class=\"w-vwrapper usg_vwrapper_1 align_center valign_middle\"><h2 class=\"w-post-elm post_title usg_post_title_1 entry-title color_link_inherit has_text_color\">HANGAR DE COOPESA PARA MANTENIMIENTO DE AERONAVES<\/h2><div class=\"w-post-elm post_taxonomy usg_post_taxonomy_1 style_simple color_link_inherit\"><a href=\"https:\/\/lerkarmedia.com\/gci\/portfolio_category\/aeroportuario\/\">Aeroportuario<\/a><\/div><\/div>\t<\/div>\r\n<\/article>\r\n<article class=\"w-grid-item size_1x1 post-8372 us_portfolio type-us_portfolio status-publish has-post-thumbnail hentry us_portfolio_category-otros\" data-id=\"8372\">\r\n\t<div class=\"w-grid-item-h\">\r\n\t\t\t\t\t<a class=\"w-grid-item-anchor\" href=\"https:\/\/lerkarmedia.com\/gci\/portfolio\/piso-industrial-femsa\/\" rel=\"bookmark\" aria-label=\"Piso Industrial FEMSA\"><\/a>\r\n\t\t\t\t<div class=\"w-post-elm post_image usg_post_image_1 stretched\"><img loading=\"lazy\" decoding=\"async\" width=\"1024\" height=\"575\" src=\"https:\/\/lerkarmedia.com\/gci\/wp-content\/uploads\/2021\/02\/20181214_045400-1024x575.jpg\" class=\"attachment-large size-large wp-post-image\" alt=\"\" srcset=\"https:\/\/lerkarmedia.com\/gci\/wp-content\/uploads\/2021\/02\/20181214_045400-1024x575.jpg 1024w, https:\/\/lerkarmedia.com\/gci\/wp-content\/uploads\/2021\/02\/20181214_045400-300x168.jpg 300w, https:\/\/lerkarmedia.com\/gci\/wp-content\/uploads\/2021\/02\/20181214_045400-1536x863.jpg 1536w\" sizes=\"auto, (max-width: 1024px) 100vw, 1024px\" \/><\/div><div class=\"w-vwrapper usg_vwrapper_1 align_center valign_middle\"><h2 class=\"w-post-elm post_title usg_post_title_1 entry-title color_link_inherit has_text_color\">Piso Industrial FEMSA<\/h2><div class=\"w-post-elm post_taxonomy usg_post_taxonomy_1 style_simple color_link_inherit\"><a href=\"https:\/\/lerkarmedia.com\/gci\/portfolio_category\/otros\/\">Otros<\/a><\/div><\/div>\t<\/div>\r\n<\/article>\r\n<\/div><div class=\"w-grid-preloader\"><div class=\"g-preloader type_custom\">\r\n\t<div><img loading=\"lazy\" decoding=\"async\" width=\"300\" height=\"152\" src=\"https:\/\/lerkarmedia.com\/gci\/wp-content\/uploads\/2021\/01\/GCI_Logos-300x152.png\" class=\"attachment-medium size-medium\" alt=\"\" srcset=\"https:\/\/lerkarmedia.com\/gci\/wp-content\/uploads\/2021\/01\/GCI_Logos-300x152.png 300w, https:\/\/lerkarmedia.com\/gci\/wp-content\/uploads\/2021\/01\/GCI_Logos.png 543w\" sizes=\"auto, (max-width: 300px) 100vw, 300px\" \/><\/div>\r\n<\/div>\r\n<\/div>\t<div class=\"w-grid-json hidden\" onclick='return {&quot;action&quot;:&quot;us_ajax_grid&quot;,&quot;ajax_url&quot;:&quot;https:\\\/\\\/lerkarmedia.com\\\/gci\\\/wp-admin\\\/admin-ajax.php&quot;,&quot;infinite_scroll&quot;:0,&quot;max_num_pages&quot;:20,&quot;pagination&quot;:&quot;none&quot;,&quot;permalink_url&quot;:&quot;https:\\\/\\\/lerkarmedia.com\\\/gci\\\/wp-json\\\/wp\\\/v2\\\/pages\\\/2565&quot;,&quot;template_vars&quot;:{&quot;columns&quot;:&quot;4&quot;,&quot;exclude_items&quot;:&quot;none&quot;,&quot;img_size&quot;:&quot;default&quot;,&quot;ignore_items_size&quot;:false,&quot;items_layout&quot;:&quot;portfolio_9&quot;,&quot;items_offset&quot;:&quot;1&quot;,&quot;load_animation&quot;:&quot;none&quot;,&quot;overriding_link&quot;:&quot;post&quot;,&quot;post_id&quot;:2565,&quot;query_args&quot;:{&quot;post_type&quot;:[&quot;us_portfolio&quot;],&quot;post_status&quot;:[&quot;publish&quot;],&quot;posts_per_page&quot;:&quot;4&quot;},&quot;orderby_query_args&quot;:{&quot;orderby&quot;:{&quot;date&quot;:&quot;DESC&quot;}},&quot;type&quot;:&quot;grid&quot;,&quot;us_grid_ajax_index&quot;:1,&quot;us_grid_filter_params&quot;:null,&quot;us_grid_index&quot;:1,&quot;_us_grid_post_type&quot;:&quot;us_portfolio&quot;}}'><\/div>\r\n\t<\/div><\/div><\/div><\/div><div class=\"w-tabs-section\" id=\"socials\"><button aria-controls=\"content-socials\" class=\"w-tabs-section-header\" style=\"font-size:1.8rem\"><div class=\"w-tabs-section-header-h\"><div class=\"w-tabs-section-title\">Socials<\/div><div class=\"w-tabs-section-control\"><\/div><\/div><\/button><div class=\"w-tabs-section-content\" id=\"content-socials\" aria-expanded=\"false\"><div class=\"w-tabs-section-content-h i-cf\"><div class=\"w-socials us_custom_052d56ea align_center color_brand shape_square style_default hover_fade\"><div class=\"w-socials-list\"><div class=\"w-socials-item email\"><a class=\"w-socials-item-link\" href=\"#\" title=\"Correo electr\u00f3nico\" aria-label=\"Correo electr\u00f3nico\"><span class=\"w-socials-item-link-hover\"><\/span><i class=\"fas fa-envelope\"><\/i><\/a><div class=\"w-socials-item-popup\"><span>Correo electr\u00f3nico<\/span><\/div><\/div><div class=\"w-socials-item facebook\"><a class=\"w-socials-item-link\" href=\"#\" target=\"_blank\" rel=\"noopener nofollow\" title=\"Facebook\" aria-label=\"Facebook\"><span class=\"w-socials-item-link-hover\"><\/span><i class=\"fab fa-facebook\"><\/i><\/a><div class=\"w-socials-item-popup\"><span>Facebook<\/span><\/div><\/div><div class=\"w-socials-item google\"><a class=\"w-socials-item-link\" href=\"#\" target=\"_blank\" rel=\"noopener nofollow\" title=\"Google\" aria-label=\"Google\"><span class=\"w-socials-item-link-hover\"><\/span><i class=\"fab fa-google\"><\/i><\/a><div class=\"w-socials-item-popup\"><span>Google<\/span><\/div><\/div><div class=\"w-socials-item instagram\"><a class=\"w-socials-item-link\" href=\"#\" target=\"_blank\" rel=\"noopener nofollow\" title=\"Instagram\" aria-label=\"Instagram\"><span class=\"w-socials-item-link-hover\"><\/span><i class=\"fab fa-instagram\"><\/i><\/a><div class=\"w-socials-item-popup\"><span>Instagram<\/span><\/div><\/div><div class=\"w-socials-item xing\"><a class=\"w-socials-item-link\" href=\"#\" target=\"_blank\" rel=\"noopener nofollow\" title=\"Xing\" aria-label=\"Xing\"><span class=\"w-socials-item-link-hover\"><\/span><i class=\"fab fa-xing\"><\/i><\/a><div class=\"w-socials-item-popup\"><span>Xing<\/span><\/div><\/div><div class=\"w-socials-item vk\"><a class=\"w-socials-item-link\" href=\"#\" target=\"_blank\" rel=\"noopener nofollow\" title=\"Vkontakte\" aria-label=\"Vkontakte\"><span class=\"w-socials-item-link-hover\"><\/span><i class=\"fab fa-vk\"><\/i><\/a><div class=\"w-socials-item-popup\"><span>Vkontakte<\/span><\/div><\/div><div class=\"w-socials-item twitch\"><a class=\"w-socials-item-link\" href=\"#\" target=\"_blank\" rel=\"noopener nofollow\" title=\"Twitch\" aria-label=\"Twitch\"><span class=\"w-socials-item-link-hover\"><\/span><i class=\"fab fa-twitch\"><\/i><\/a><div class=\"w-socials-item-popup\"><span>Twitch<\/span><\/div><\/div><\/div><\/div><\/div><\/div><\/div><div class=\"w-tabs-section\" id=\"favorites\"><button aria-controls=\"content-favorites\" class=\"w-tabs-section-header\" style=\"font-size:1.8rem\"><div class=\"w-tabs-section-header-h\"><div class=\"w-tabs-section-title\">Favorites<\/div><div class=\"w-tabs-section-control\"><\/div><\/div><\/button><div class=\"w-tabs-section-content\" id=\"content-favorites\" aria-expanded=\"false\"><div class=\"w-tabs-section-content-h i-cf\"><div class=\"g-cols wpb_row  type_default valign_top vc_inner\"><div class=\"vc_col-sm-6 wpb_column vc_column_container\"><div class=\"vc_column-inner\"><div class=\"wpb_wrapper\"><div class=\"wpb_text_column\" ><div class=\"wpb_wrapper\"><p>Lorem ipsum dolor sit amet, consectetur adipiscing elit. Etiam aliquam massa quis mauris sollicitudin commodo venenatis ligula commodo. Sed blandit convallis dignissim. Pellentesque pharetra velit eu velit elementum et convallis erat vulputate. Sed in nulla ut elit mollis posuere. Praesent a felis accumsan neque interdum molestie ut id massa. In hac habitasse platea dictumst.<\/p>\n<\/div><\/div><\/div><\/div><\/div><div class=\"vc_col-sm-6 wpb_column vc_column_container\"><div class=\"vc_column-inner\"><div class=\"wpb_wrapper\"><div class=\"wpb_text_column\" ><div class=\"wpb_wrapper\"><p>Lorem ipsum dolor sit amet, consectetur adipiscing elit. Etiam aliquam massa quis mauris sollicitudin commodo venenatis ligula commodo. Sed blandit convallis dignissim. Pellentesque pharetra velit eu velit elementum et convallis erat vulputate. Sed in nulla ut elit mollis posuere. Praesent a felis accumsan neque interdum molestie ut id massa. In hac habitasse platea dictumst.<\/p>\n<\/div><\/div><\/div><\/div><\/div><\/div><\/div><\/div><\/div><\/div><\/div><\/div><\/div><\/div><\/div><\/div><\/div><\/section>\n<\/div>","protected":false},"excerpt":{"rendered":"Piso Industrial FEMSACliente Constructora Guzm\u00e1n Categor\u00eda OTROS Ubicaci\u00f3n SAN JOSE COSTA RICA Servicio Dise\u00f1o de piso industrial, planos constructivos e inspecci\u00f3n (ingenier\u00eda estructural) \u00c1rea 3500 m2","protected":false},"author":1,"featured_media":0,"parent":1106,"menu_order":0,"comment_status":"closed","ping_status":"closed","template":"","meta":{"nf_dc_page":"","footnotes":""},"class_list":["post-2565","page","type-page","status-publish","hentry"],"_links":{"self":[{"href":"https:\/\/lerkarmedia.com\/gci\/wp-json\/wp\/v2\/pages\/2565","targetHints":{"allow":["GET"]}}],"collection":[{"href":"https:\/\/lerkarmedia.com\/gci\/wp-json\/wp\/v2\/pages"}],"about":[{"href":"https:\/\/lerkarmedia.com\/gci\/wp-json\/wp\/v2\/types\/page"}],"author":[{"embeddable":true,"href":"https:\/\/lerkarmedia.com\/gci\/wp-json\/wp\/v2\/users\/1"}],"replies":[{"embeddable":true,"href":"https:\/\/lerkarmedia.com\/gci\/wp-json\/wp\/v2\/comments?post=2565"}],"version-history":[{"count":0,"href":"https:\/\/lerkarmedia.com\/gci\/wp-json\/wp\/v2\/pages\/2565\/revisions"}],"up":[{"embeddable":true,"href":"https:\/\/lerkarmedia.com\/gci\/wp-json\/wp\/v2\/pages\/1106"}],"wp:attachment":[{"href":"https:\/\/lerkarmedia.com\/gci\/wp-json\/wp\/v2\/media?parent=2565"}],"curies":[{"name":"wp","href":"https:\/\/api.w.org\/{rel}","templated":true}]}}